{"id":751652,"date":"2025-03-04T00:58:22","date_gmt":"2025-03-03T23:58:22","guid":{"rendered":"https:\/\/stoic-curie.212-227-153-4.plesk.page\/producto\/sanita-marinha-ocean-standard-compact-12v\/"},"modified":"2026-02-25T00:28:21","modified_gmt":"2026-02-25T00:28:21","slug":"sanita-marinha-ocean-standard-compact-12v","status":"publish","type":"product","link":"https:\/\/stoic-curie.212-227-153-4.plesk.page\/pt\/product\/sanita-marinha-ocean-standard-compact-12v\/","title":{"rendered":"Sanita Marinha Ocean Standard Compact 12v"},"content":{"rendered":"<p>Sanita Marinha Ocean Standard Compact 12v &#8211; <\/p>\n<p>Sanit\u00e1rio el\u00e9trico Ocean Standard: <br \/>\u2022 Controle autom\u00e1tico de entrada\/sa\u00edda de \u00e1gua <br \/>\u2022 Unidade de bomba combinada para drenagem de res\u00edduos <br \/>\u2022 Painel de controle <br \/>\u2022 Assento em ABS com dobradi\u00e7as de fechamento suave <br \/>\u2022 Materiais \u00e0 prova de choques e resistentes \u00e0 corros\u00e3o <br \/>\u2022 V\u00e1lvula de reten\u00e7\u00e3o <br \/>\u2022 Auto-suco at\u00e9 1,5 metros de altura <br \/>\u2022 Montagem revers\u00edvel da bomba <br \/>\u2022 Pode ser montado acima ou abaixo da linha d&#8217;\u00e1gua. <br \/> A bomba de macera\u00e7\u00e3o permite drenar res\u00edduos at\u00e9 3,5 metros de altura. <br \/> Entrada \u00d8 19 mm (3\/4&#8221;), sa\u00edda \u00d8 25\/38 mm (1&#8221;1\/2).<\/p>\n","protected":false},"excerpt":{"rendered":"<p>Sanita Marinha Ocean Standard Compact 12v &#8211; Sanit\u00e1rio el\u00e9trico Ocean Standard: \u2022 Controle autom\u00e1tico de entrada\/sa\u00edda de \u00e1gua \u2022 Unidade<\/p>\n","protected":false},"featured_media":5947380,"comment_status":"open","ping_status":"closed","template":"","meta":[],"product_brand":[3142],"product_cat":[1962],"product_tag":[],"class_list":{"0":"post-751652","1":"product","2":"type-product","3":"status-publish","4":"has-post-thumbnail","6":"product_brand-matromarine-pt","7":"product_cat-sanitarios-e-casas-de-banho","9":"first","10":"instock","11":"shipping-taxable","12":"purchasable","13":"product-type-simple"},"_links":{"self":[{"href":"https:\/\/stoic-curie.212-227-153-4.plesk.page\/pt\/wp-json\/wp\/v2\/product\/751652","targetHints":{"allow":["GET"]}}],"collection":[{"href":"https:\/\/stoic-curie.212-227-153-4.plesk.page\/pt\/wp-json\/wp\/v2\/product"}],"about":[{"href":"https:\/\/stoic-curie.212-227-153-4.plesk.page\/pt\/wp-json\/wp\/v2\/types\/product"}],"replies":[{"embeddable":true,"href":"https:\/\/stoic-curie.212-227-153-4.plesk.page\/pt\/wp-json\/wp\/v2\/comments?post=751652"}],"version-history":[{"count":0,"href":"https:\/\/stoic-curie.212-227-153-4.plesk.page\/pt\/wp-json\/wp\/v2\/product\/751652\/revisions"}],"wp:featuredmedia":[{"embeddable":true,"href":"https:\/\/stoic-curie.212-227-153-4.plesk.page\/pt\/wp-json\/wp\/v2\/media\/5947380"}],"wp:attachment":[{"href":"https:\/\/stoic-curie.212-227-153-4.plesk.page\/pt\/wp-json\/wp\/v2\/media?parent=751652"}],"wp:term":[{"taxonomy":"product_brand","embeddable":true,"href":"https:\/\/stoic-curie.212-227-153-4.plesk.page\/pt\/wp-json\/wp\/v2\/product_brand?post=751652"},{"taxonomy":"product_cat","embeddable":true,"href":"https:\/\/stoic-curie.212-227-153-4.plesk.page\/pt\/wp-json\/wp\/v2\/product_cat?post=751652"},{"taxonomy":"product_tag","embeddable":true,"href":"https:\/\/stoic-curie.212-227-153-4.plesk.page\/pt\/wp-json\/wp\/v2\/product_tag?post=751652"}],"curies":[{"name":"wp","href":"https:\/\/api.w.org\/{rel}","templated":true}]}}