{"id":751661,"date":"2025-03-04T00:58:25","date_gmt":"2025-03-03T23:58:25","guid":{"rendered":"https:\/\/stoic-curie.212-227-153-4.plesk.page\/producto\/sanita-quimica-seaflo-22lt\/"},"modified":"2026-02-25T00:28:22","modified_gmt":"2026-02-25T00:28:22","slug":"sanita-quimica-seaflo-22lt","status":"publish","type":"product","link":"https:\/\/stoic-curie.212-227-153-4.plesk.page\/pt\/product\/sanita-quimica-seaflo-22lt\/","title":{"rendered":"Sanita Qu\u00edmica Seaflo 22lt"},"content":{"rendered":"<p>Sanita Qu\u00edmica Seaflo 22lt &#8211; <\/p>\n<p>Toalete port\u00e1til Porta Potty compacta e resistente, ideal para pequenos barcos e para qualquer atividade n\u00e1utica onde n\u00e3o h\u00e1 banheiros. Completo com assento ergon\u00f4mico e confort\u00e1vel, sistema de enx\u00e1gue com spray rotativo, tanque de reten\u00e7\u00e3o vedado e sem odores com indicador de n\u00edvel, tampa com al\u00e7a e conex\u00e3o de res\u00edduos girat\u00f3ria.<\/p>\n","protected":false},"excerpt":{"rendered":"<p>Sanita Qu\u00edmica Seaflo 22lt &#8211; Toalete port\u00e1til Porta Potty compacta e resistente, ideal para pequenos barcos e para qualquer atividade<\/p>\n","protected":false},"featured_media":5947392,"comment_status":"open","ping_status":"closed","template":"","meta":[],"product_brand":[3352],"product_cat":[1962],"product_tag":[],"class_list":{"0":"post-751661","1":"product","2":"type-product","3":"status-publish","4":"has-post-thumbnail","6":"product_brand-seaflo-pt","7":"product_cat-sanitarios-e-casas-de-banho","9":"first","10":"instock","11":"shipping-taxable","12":"purchasable","13":"product-type-simple"},"_links":{"self":[{"href":"https:\/\/stoic-curie.212-227-153-4.plesk.page\/pt\/wp-json\/wp\/v2\/product\/751661","targetHints":{"allow":["GET"]}}],"collection":[{"href":"https:\/\/stoic-curie.212-227-153-4.plesk.page\/pt\/wp-json\/wp\/v2\/product"}],"about":[{"href":"https:\/\/stoic-curie.212-227-153-4.plesk.page\/pt\/wp-json\/wp\/v2\/types\/product"}],"replies":[{"embeddable":true,"href":"https:\/\/stoic-curie.212-227-153-4.plesk.page\/pt\/wp-json\/wp\/v2\/comments?post=751661"}],"version-history":[{"count":0,"href":"https:\/\/stoic-curie.212-227-153-4.plesk.page\/pt\/wp-json\/wp\/v2\/product\/751661\/revisions"}],"wp:featuredmedia":[{"embeddable":true,"href":"https:\/\/stoic-curie.212-227-153-4.plesk.page\/pt\/wp-json\/wp\/v2\/media\/5947392"}],"wp:attachment":[{"href":"https:\/\/stoic-curie.212-227-153-4.plesk.page\/pt\/wp-json\/wp\/v2\/media?parent=751661"}],"wp:term":[{"taxonomy":"product_brand","embeddable":true,"href":"https:\/\/stoic-curie.212-227-153-4.plesk.page\/pt\/wp-json\/wp\/v2\/product_brand?post=751661"},{"taxonomy":"product_cat","embeddable":true,"href":"https:\/\/stoic-curie.212-227-153-4.plesk.page\/pt\/wp-json\/wp\/v2\/product_cat?post=751661"},{"taxonomy":"product_tag","embeddable":true,"href":"https:\/\/stoic-curie.212-227-153-4.plesk.page\/pt\/wp-json\/wp\/v2\/product_tag?post=751661"}],"curies":[{"name":"wp","href":"https:\/\/api.w.org\/{rel}","templated":true}]}}