{"id":751673,"date":"2025-03-04T00:58:28","date_gmt":"2025-03-03T23:58:28","guid":{"rendered":"https:\/\/stoic-curie.212-227-153-4.plesk.page\/producto\/interruptor-de-pressao-flojet-25psi\/"},"modified":"2026-02-25T00:28:22","modified_gmt":"2026-02-25T00:28:22","slug":"interruptor-de-pressao-flojet-25psi","status":"publish","type":"product","link":"https:\/\/stoic-curie.212-227-153-4.plesk.page\/pt\/product\/interruptor-de-pressao-flojet-25psi\/","title":{"rendered":"Interruptor de Press\u00e3o Flojet 25psi"},"content":{"rendered":"<p>Interruptor de Press\u00e3o Flojet 25psi &#8211; <\/p>\n<p>Bombas de press\u00e3o de \u00e1gua doce Flojet Triplex para pias e duchas, para 1 a 3 utilidades.<\/p>\n","protected":false},"excerpt":{"rendered":"<p>Interruptor de Press\u00e3o Flojet 25psi &#8211; Bombas de press\u00e3o de \u00e1gua doce Flojet Triplex para pias e duchas, para 1<\/p>\n","protected":false},"featured_media":5942866,"comment_status":"open","ping_status":"closed","template":"","meta":[],"product_brand":[2942],"product_cat":[1947],"product_tag":[],"class_list":{"0":"post-751673","1":"product","2":"type-product","3":"status-publish","4":"has-post-thumbnail","6":"product_brand-flojet-marine-pt","7":"product_cat-bombas-de-pressao-de-agua","9":"first","10":"instock","11":"shipping-taxable","12":"purchasable","13":"product-type-simple"},"_links":{"self":[{"href":"https:\/\/stoic-curie.212-227-153-4.plesk.page\/pt\/wp-json\/wp\/v2\/product\/751673","targetHints":{"allow":["GET"]}}],"collection":[{"href":"https:\/\/stoic-curie.212-227-153-4.plesk.page\/pt\/wp-json\/wp\/v2\/product"}],"about":[{"href":"https:\/\/stoic-curie.212-227-153-4.plesk.page\/pt\/wp-json\/wp\/v2\/types\/product"}],"replies":[{"embeddable":true,"href":"https:\/\/stoic-curie.212-227-153-4.plesk.page\/pt\/wp-json\/wp\/v2\/comments?post=751673"}],"version-history":[{"count":0,"href":"https:\/\/stoic-curie.212-227-153-4.plesk.page\/pt\/wp-json\/wp\/v2\/product\/751673\/revisions"}],"wp:featuredmedia":[{"embeddable":true,"href":"https:\/\/stoic-curie.212-227-153-4.plesk.page\/pt\/wp-json\/wp\/v2\/media\/5942866"}],"wp:attachment":[{"href":"https:\/\/stoic-curie.212-227-153-4.plesk.page\/pt\/wp-json\/wp\/v2\/media?parent=751673"}],"wp:term":[{"taxonomy":"product_brand","embeddable":true,"href":"https:\/\/stoic-curie.212-227-153-4.plesk.page\/pt\/wp-json\/wp\/v2\/product_brand?post=751673"},{"taxonomy":"product_cat","embeddable":true,"href":"https:\/\/stoic-curie.212-227-153-4.plesk.page\/pt\/wp-json\/wp\/v2\/product_cat?post=751673"},{"taxonomy":"product_tag","embeddable":true,"href":"https:\/\/stoic-curie.212-227-153-4.plesk.page\/pt\/wp-json\/wp\/v2\/product_tag?post=751673"}],"curies":[{"name":"wp","href":"https:\/\/api.w.org\/{rel}","templated":true}]}}