{"id":751685,"date":"2025-03-04T00:58:32","date_gmt":"2025-03-03T23:58:32","guid":{"rendered":"https:\/\/stoic-curie.212-227-153-4.plesk.page\/producto\/filtro-de-agua-salgada-rgxl-1162-21-2\/"},"modified":"2026-02-25T00:28:22","modified_gmt":"2026-02-25T00:28:22","slug":"filtro-de-agua-salgada-rgxl-1162-21-2","status":"publish","type":"product","link":"https:\/\/stoic-curie.212-227-153-4.plesk.page\/pt\/product\/filtro-de-agua-salgada-rgxl-1162-21-2\/","title":{"rendered":"Filtro de \u00c1gua do Mar Guidi RGXL-1162 2&#8243;1\/2"},"content":{"rendered":"<p>Filtro de \u00c1gua do Mar Guidi RGXL-1162 2&#8243;1\/2 &#8211; <\/p>\n<p><strong>Filtros de \u00c1gua do Mar Guidi &#8211; S\u00e9rie 1162<\/strong><\/p>\n<ul>\n<li><strong>Material do Corpo:<\/strong> Bronze niquelado<\/li>\n<li><strong>Placa Superior:<\/strong> Policarbonato transparente<\/li>\n<li><strong>O-ring:<\/strong> Neoprene<\/li>\n<li><strong>Cesta do Filtro e Parafusos:<\/strong> A\u00e7o inoxid\u00e1vel AISI 316L<\/li>\n<li><strong>Tipo de Entrada:<\/strong> Entrada lateral<\/li>\n<\/ul>\n<p><strong>Especifica\u00e7\u00f5es:<\/strong><\/p>\n<ul>\n<li><strong>Tamanho da Entrada\/Sa\u00edda:<\/strong> 2,5 polegadas<\/li>\n<li><strong>Tamanho da Perfurac\u00e3o da Cesta:<\/strong> 1,85 mm<\/li>\n<li><strong>Taxa de Fluxo com Queda de Press\u00e3o de 0,1 Bar:<\/strong> 33.900 L\/h<\/li>\n<li><strong>Taxa de Fluxo com Queda de Press\u00e3o de 1 Bar:<\/strong> 107.300 L\/h<\/li>\n<li><strong>Comprimento (L):<\/strong> 260 mm<\/li>\n<li><strong>Altura (H):<\/strong> 284 mm<\/li>\n<li><strong>Altura (H1):<\/strong> 210 mm<\/li>\n<li><strong>Altura (Hf):<\/strong> 175 mm<\/li>\n<li><strong>Di\u00e2metro (Df):<\/strong> 124 mm<\/li>\n<li><strong>Peso:<\/strong> 11 kg<\/li>\n<\/ul>\n<p>Esta s\u00e9rie de filtros \u00e9 projetada para durabilidade e efici\u00eancia, tornando-a uma excelente escolha para suas necessidades n\u00e1uticas.<\/p>\n","protected":false},"excerpt":{"rendered":"<p>Filtro de \u00c1gua do Mar Guidi RGXL-1162 2&#8243;1\/2 &#8211; Filtros de \u00c1gua do Mar Guidi &#8211; S\u00e9rie 1162 Material do<\/p>\n","protected":false},"featured_media":5947452,"comment_status":"open","ping_status":"closed","template":"","meta":[],"product_brand":[2997],"product_cat":[2101],"product_tag":[],"class_list":{"0":"post-751685","1":"product","2":"type-product","3":"status-publish","4":"has-post-thumbnail","6":"product_brand-guidi-marine-pt","7":"product_cat-filtros-de-agua-salgada","9":"first","10":"instock","11":"shipping-taxable","12":"purchasable","13":"product-type-simple"},"_links":{"self":[{"href":"https:\/\/stoic-curie.212-227-153-4.plesk.page\/pt\/wp-json\/wp\/v2\/product\/751685","targetHints":{"allow":["GET"]}}],"collection":[{"href":"https:\/\/stoic-curie.212-227-153-4.plesk.page\/pt\/wp-json\/wp\/v2\/product"}],"about":[{"href":"https:\/\/stoic-curie.212-227-153-4.plesk.page\/pt\/wp-json\/wp\/v2\/types\/product"}],"replies":[{"embeddable":true,"href":"https:\/\/stoic-curie.212-227-153-4.plesk.page\/pt\/wp-json\/wp\/v2\/comments?post=751685"}],"version-history":[{"count":0,"href":"https:\/\/stoic-curie.212-227-153-4.plesk.page\/pt\/wp-json\/wp\/v2\/product\/751685\/revisions"}],"wp:featuredmedia":[{"embeddable":true,"href":"https:\/\/stoic-curie.212-227-153-4.plesk.page\/pt\/wp-json\/wp\/v2\/media\/5947452"}],"wp:attachment":[{"href":"https:\/\/stoic-curie.212-227-153-4.plesk.page\/pt\/wp-json\/wp\/v2\/media?parent=751685"}],"wp:term":[{"taxonomy":"product_brand","embeddable":true,"href":"https:\/\/stoic-curie.212-227-153-4.plesk.page\/pt\/wp-json\/wp\/v2\/product_brand?post=751685"},{"taxonomy":"product_cat","embeddable":true,"href":"https:\/\/stoic-curie.212-227-153-4.plesk.page\/pt\/wp-json\/wp\/v2\/product_cat?post=751685"},{"taxonomy":"product_tag","embeddable":true,"href":"https:\/\/stoic-curie.212-227-153-4.plesk.page\/pt\/wp-json\/wp\/v2\/product_tag?post=751685"}],"curies":[{"name":"wp","href":"https:\/\/api.w.org\/{rel}","templated":true}]}}