{"id":751686,"date":"2025-03-04T00:58:32","date_gmt":"2025-03-03T23:58:32","guid":{"rendered":"https:\/\/stoic-curie.212-227-153-4.plesk.page\/producto\/filtro-de-agua-salgada-guidi-rgxl-1162-3\/"},"modified":"2026-02-25T00:28:22","modified_gmt":"2026-02-25T00:28:22","slug":"filtro-de-agua-salgada-guidi-rgxl-1162-3","status":"publish","type":"product","link":"https:\/\/stoic-curie.212-227-153-4.plesk.page\/pt\/product\/filtro-de-agua-salgada-guidi-rgxl-1162-3\/","title":{"rendered":"Filtro de \u00e1gua salgada Guidi RGXL-1162 3"},"content":{"rendered":"<p>Filtro de \u00e1gua salgada Guidi RGXL-1162 3 &#8211; <\/p>\n<p>Este filtro de \u00e1gua do mar, feito de bronze banhado em n\u00edquel e com componentes em a\u00e7o inoxid\u00e1vel, \u00e9 aprovado pela R.I.Na. \u00c9 especificamente projetado para uso com bombas de grande capacidade e sistemas de refrigera\u00e7\u00e3o de motores. Os filtradores de \u00e1gua do mar de bronze Guidi pertencem \u00e0 s\u00e9rie 1162.<\/p>\n<p><strong>Especifica\u00e7\u00f5es:<\/strong><\/p>\n<ul>\n<li><strong>Corpo:<\/strong> Bronze banhado em n\u00edquel<\/li>\n<li><strong>Tampa:<\/strong> Policarbonato transparente<\/li>\n<li><strong>Anel de veda\u00e7\u00e3o:<\/strong> Neoprene<\/li>\n<li><strong>Cesto do filtro e parafusos:<\/strong> A\u00e7o inoxid\u00e1vel AISI 316L<\/li>\n<li><strong>Entrada lateral:<\/strong><\/li>\n<\/ul>\n<p><strong>Dimens\u00f5es e Desempenho:<\/strong><\/p>\n<ul>\n<li><strong>Tamanho da Entrada\/Sa\u00edda:<\/strong> 3 polegadas<\/li>\n<li><strong>Tamanho da Perfura\u00e7\u00e3o do Cesto:<\/strong> 1,85 mm<\/li>\n<li><strong>Taxa de Fluxo a 0,1 Bar de Queda de Press\u00e3o:<\/strong> 50.000 L\/h<\/li>\n<li><strong>Taxa de Fluxo a 1 Bar de Queda de Press\u00e3o:<\/strong> 166.730 L\/h<\/li>\n<li><strong>Comprimento (L):<\/strong> 309 mm<\/li>\n<li><strong>Altura (H):<\/strong> 292 mm<\/li>\n<li><strong>Altura da Entrada (H1):<\/strong> 205 mm<\/li>\n<li><strong>Altura do Filtro (Hf):<\/strong> 151 mm<\/li>\n<li><strong>Di\u00e2metro (Df):<\/strong> 165 mm<\/li>\n<li><strong>Peso:<\/strong> 15,8 kg<\/li>\n<\/ul>\n<p>Este filtro \u00e9 uma excelente escolha para garantir uma filtragem eficiente da \u00e1gua do mar em seus sistemas de navega\u00e7\u00e3o.<\/p>\n","protected":false},"excerpt":{"rendered":"<p>Filtro de \u00e1gua salgada Guidi RGXL-1162 3 &#8211; Este filtro de \u00e1gua do mar, feito de bronze banhado em n\u00edquel<\/p>\n","protected":false},"featured_media":5947452,"comment_status":"open","ping_status":"closed","template":"","meta":[],"product_brand":[2997],"product_cat":[2101],"product_tag":[],"class_list":{"0":"post-751686","1":"product","2":"type-product","3":"status-publish","4":"has-post-thumbnail","6":"product_brand-guidi-marine-pt","7":"product_cat-filtros-de-agua-salgada","9":"first","10":"instock","11":"shipping-taxable","12":"purchasable","13":"product-type-simple"},"_links":{"self":[{"href":"https:\/\/stoic-curie.212-227-153-4.plesk.page\/pt\/wp-json\/wp\/v2\/product\/751686","targetHints":{"allow":["GET"]}}],"collection":[{"href":"https:\/\/stoic-curie.212-227-153-4.plesk.page\/pt\/wp-json\/wp\/v2\/product"}],"about":[{"href":"https:\/\/stoic-curie.212-227-153-4.plesk.page\/pt\/wp-json\/wp\/v2\/types\/product"}],"replies":[{"embeddable":true,"href":"https:\/\/stoic-curie.212-227-153-4.plesk.page\/pt\/wp-json\/wp\/v2\/comments?post=751686"}],"version-history":[{"count":0,"href":"https:\/\/stoic-curie.212-227-153-4.plesk.page\/pt\/wp-json\/wp\/v2\/product\/751686\/revisions"}],"wp:featuredmedia":[{"embeddable":true,"href":"https:\/\/stoic-curie.212-227-153-4.plesk.page\/pt\/wp-json\/wp\/v2\/media\/5947452"}],"wp:attachment":[{"href":"https:\/\/stoic-curie.212-227-153-4.plesk.page\/pt\/wp-json\/wp\/v2\/media?parent=751686"}],"wp:term":[{"taxonomy":"product_brand","embeddable":true,"href":"https:\/\/stoic-curie.212-227-153-4.plesk.page\/pt\/wp-json\/wp\/v2\/product_brand?post=751686"},{"taxonomy":"product_cat","embeddable":true,"href":"https:\/\/stoic-curie.212-227-153-4.plesk.page\/pt\/wp-json\/wp\/v2\/product_cat?post=751686"},{"taxonomy":"product_tag","embeddable":true,"href":"https:\/\/stoic-curie.212-227-153-4.plesk.page\/pt\/wp-json\/wp\/v2\/product_tag?post=751686"}],"curies":[{"name":"wp","href":"https:\/\/api.w.org\/{rel}","templated":true}]}}