{"id":751692,"date":"2025-03-04T00:58:34","date_gmt":"2025-03-03T23:58:34","guid":{"rendered":"https:\/\/stoic-curie.212-227-153-4.plesk.page\/producto\/mangueira-de-ventilacao-lightflex-100mm\/"},"modified":"2026-02-25T00:28:22","modified_gmt":"2026-02-25T00:28:22","slug":"mangueira-de-ventilacao-lightflex-100mm","status":"publish","type":"product","link":"https:\/\/stoic-curie.212-227-153-4.plesk.page\/pt\/product\/mangueira-de-ventilacao-lightflex-100mm\/","title":{"rendered":"Mangueira de Ventila\u00e7\u00e3o Lightflex 100mm"},"content":{"rendered":"<p>Mangueira de Ventila\u00e7\u00e3o Lightflex 100mm &#8211; <\/p>\n<p>Mangueira de PVC corrugado com espiral de refor\u00e7o de pol\u00edmero r\u00edgido e anti-choque. Devido \u00e0 aus\u00eancia da espiral met\u00e1lica, \u00e9 f\u00e1cil de cortar no tamanho desejado. Flex\u00edvel, resistente, adequada para sistemas de ventila\u00e7\u00e3o, capta\u00e7\u00e3o de ar e para prote\u00e7\u00e3o de dutos e cabos de qualquer tipo.<\/p>\n","protected":false},"excerpt":{"rendered":"<p>Mangueira de Ventila\u00e7\u00e3o Lightflex 100mm &#8211; Mangueira de PVC corrugado com espiral de refor\u00e7o de pol\u00edmero r\u00edgido e anti-choque. Devido<\/p>\n","protected":false},"featured_media":5947503,"comment_status":"open","ping_status":"closed","template":"","meta":[],"product_brand":[3142],"product_cat":[2019,2113],"product_tag":[],"class_list":{"0":"post-751692","1":"product","2":"type-product","3":"status-publish","4":"has-post-thumbnail","6":"product_brand-matromarine-pt","7":"product_cat-bilge-blowers-equipamento-eletrico","8":"product_cat-sistemas-de-ventilacao-do-motor","10":"first","11":"instock","12":"shipping-taxable","13":"purchasable","14":"product-type-simple"},"_links":{"self":[{"href":"https:\/\/stoic-curie.212-227-153-4.plesk.page\/pt\/wp-json\/wp\/v2\/product\/751692","targetHints":{"allow":["GET"]}}],"collection":[{"href":"https:\/\/stoic-curie.212-227-153-4.plesk.page\/pt\/wp-json\/wp\/v2\/product"}],"about":[{"href":"https:\/\/stoic-curie.212-227-153-4.plesk.page\/pt\/wp-json\/wp\/v2\/types\/product"}],"replies":[{"embeddable":true,"href":"https:\/\/stoic-curie.212-227-153-4.plesk.page\/pt\/wp-json\/wp\/v2\/comments?post=751692"}],"version-history":[{"count":0,"href":"https:\/\/stoic-curie.212-227-153-4.plesk.page\/pt\/wp-json\/wp\/v2\/product\/751692\/revisions"}],"wp:featuredmedia":[{"embeddable":true,"href":"https:\/\/stoic-curie.212-227-153-4.plesk.page\/pt\/wp-json\/wp\/v2\/media\/5947503"}],"wp:attachment":[{"href":"https:\/\/stoic-curie.212-227-153-4.plesk.page\/pt\/wp-json\/wp\/v2\/media?parent=751692"}],"wp:term":[{"taxonomy":"product_brand","embeddable":true,"href":"https:\/\/stoic-curie.212-227-153-4.plesk.page\/pt\/wp-json\/wp\/v2\/product_brand?post=751692"},{"taxonomy":"product_cat","embeddable":true,"href":"https:\/\/stoic-curie.212-227-153-4.plesk.page\/pt\/wp-json\/wp\/v2\/product_cat?post=751692"},{"taxonomy":"product_tag","embeddable":true,"href":"https:\/\/stoic-curie.212-227-153-4.plesk.page\/pt\/wp-json\/wp\/v2\/product_tag?post=751692"}],"curies":[{"name":"wp","href":"https:\/\/api.w.org\/{rel}","templated":true}]}}