{"id":751696,"date":"2025-03-04T00:58:36","date_gmt":"2025-03-03T23:58:36","guid":{"rendered":"https:\/\/stoic-curie.212-227-153-4.plesk.page\/producto\/rule-lopro-lp900d-12v\/"},"modified":"2026-02-25T00:28:22","modified_gmt":"2026-02-25T00:28:22","slug":"rule-lopro-lp900d-12v","status":"publish","type":"product","link":"https:\/\/stoic-curie.212-227-153-4.plesk.page\/pt\/product\/rule-lopro-lp900d-12v\/","title":{"rendered":"Rule Lopro LP900D 12v"},"content":{"rendered":"<p>Rule Lopro LP900D 12v &#8211; <\/p>\n<p>As bombas submers\u00edveis Rule LoPro de perfil baixo s\u00e3o ideais para uso em espa\u00e7os estreitos. Completas com v\u00e1lvula de reten\u00e7\u00e3o e conex\u00e3o de drenagem rotativa de 180\u00b0. A vers\u00e3o autom\u00e1tica possui um interruptor embutido e ativa-se automaticamente quando a \u00e1gua \u00e9 detectada no por\u00e3o. Gra\u00e7as ao sensor eletr\u00f4nico integrado, tamb\u00e9m pode ser ajustada para diferentes n\u00edveis de \u00e1gua e ciclos de ativa\u00e7\u00e3o.<\/p>\n","protected":false},"excerpt":{"rendered":"<p>Rule Lopro LP900D 12v &#8211; As bombas submers\u00edveis Rule LoPro de perfil baixo s\u00e3o ideais para uso em espa\u00e7os estreitos.<\/p>\n","protected":false},"featured_media":5947519,"comment_status":"open","ping_status":"closed","template":"","meta":[],"product_brand":[3327],"product_cat":[1946],"product_tag":[],"class_list":{"0":"post-751696","1":"product","2":"type-product","3":"status-publish","4":"has-post-thumbnail","6":"product_brand-rule-pt","7":"product_cat-bombas-eletricas-de-fundo","9":"first","10":"instock","11":"shipping-taxable","12":"purchasable","13":"product-type-simple"},"_links":{"self":[{"href":"https:\/\/stoic-curie.212-227-153-4.plesk.page\/pt\/wp-json\/wp\/v2\/product\/751696","targetHints":{"allow":["GET"]}}],"collection":[{"href":"https:\/\/stoic-curie.212-227-153-4.plesk.page\/pt\/wp-json\/wp\/v2\/product"}],"about":[{"href":"https:\/\/stoic-curie.212-227-153-4.plesk.page\/pt\/wp-json\/wp\/v2\/types\/product"}],"replies":[{"embeddable":true,"href":"https:\/\/stoic-curie.212-227-153-4.plesk.page\/pt\/wp-json\/wp\/v2\/comments?post=751696"}],"version-history":[{"count":0,"href":"https:\/\/stoic-curie.212-227-153-4.plesk.page\/pt\/wp-json\/wp\/v2\/product\/751696\/revisions"}],"wp:featuredmedia":[{"embeddable":true,"href":"https:\/\/stoic-curie.212-227-153-4.plesk.page\/pt\/wp-json\/wp\/v2\/media\/5947519"}],"wp:attachment":[{"href":"https:\/\/stoic-curie.212-227-153-4.plesk.page\/pt\/wp-json\/wp\/v2\/media?parent=751696"}],"wp:term":[{"taxonomy":"product_brand","embeddable":true,"href":"https:\/\/stoic-curie.212-227-153-4.plesk.page\/pt\/wp-json\/wp\/v2\/product_brand?post=751696"},{"taxonomy":"product_cat","embeddable":true,"href":"https:\/\/stoic-curie.212-227-153-4.plesk.page\/pt\/wp-json\/wp\/v2\/product_cat?post=751696"},{"taxonomy":"product_tag","embeddable":true,"href":"https:\/\/stoic-curie.212-227-153-4.plesk.page\/pt\/wp-json\/wp\/v2\/product_tag?post=751696"}],"curies":[{"name":"wp","href":"https:\/\/api.w.org\/{rel}","templated":true}]}}