{"id":751698,"date":"2025-03-04T00:58:36","date_gmt":"2025-03-03T23:58:36","guid":{"rendered":"https:\/\/stoic-curie.212-227-153-4.plesk.page\/producto\/bomba-de-porao-automatica-sahara-mk2-s500-12v\/"},"modified":"2026-02-25T00:28:22","modified_gmt":"2026-02-25T00:28:22","slug":"bomba-de-porao-automatica-sahara-mk2-s500-12v","status":"publish","type":"product","link":"https:\/\/stoic-curie.212-227-153-4.plesk.page\/pt\/product\/bomba-de-porao-automatica-sahara-mk2-s500-12v\/","title":{"rendered":"Bomba de Por\u00e3o Autom\u00e1tica Sahara Mk2 S500 12V"},"content":{"rendered":"<p>Bomba de Por\u00e3o Autom\u00e1tica Sahara Mk2 S500 12V &#8211; <\/p>\n<p>Bomba de por\u00e3o submers\u00edvel Attwood Sahara MK2\u00c2\u00a0com interruptor de flutua\u00e7\u00e3o integrado e cabe\u00e7a destac\u00e1vel para f\u00e1cil limpeza. Motor vedado protegido contra danos por eletr\u00f3lise com impulsor X-Air que evita funcionamento a seco e entrada de ar no sistema de exaust\u00e3o. Portas roscadas de 1&#8243;3\/8 (35 mm) a serem completadas com acess\u00f3rios ajust\u00e1veis retos ou em cotovelo equipados com v\u00e1lvula de reten\u00e7\u00e3o.<\/p>\n","protected":false},"excerpt":{"rendered":"<p>Bomba de Por\u00e3o Autom\u00e1tica Sahara Mk2 S500 12V &#8211; Bomba de por\u00e3o submers\u00edvel Attwood Sahara MK2\u00c2\u00a0com interruptor de flutua\u00e7\u00e3o integrado<\/p>\n","protected":false},"featured_media":5947530,"comment_status":"open","ping_status":"closed","template":"","meta":[],"product_brand":[2807],"product_cat":[1946],"product_tag":[],"class_list":{"0":"post-751698","1":"product","2":"type-product","3":"status-publish","4":"has-post-thumbnail","6":"product_brand-attwood-pt","7":"product_cat-bombas-eletricas-de-fundo","9":"first","10":"instock","11":"shipping-taxable","12":"purchasable","13":"product-type-simple"},"_links":{"self":[{"href":"https:\/\/stoic-curie.212-227-153-4.plesk.page\/pt\/wp-json\/wp\/v2\/product\/751698","targetHints":{"allow":["GET"]}}],"collection":[{"href":"https:\/\/stoic-curie.212-227-153-4.plesk.page\/pt\/wp-json\/wp\/v2\/product"}],"about":[{"href":"https:\/\/stoic-curie.212-227-153-4.plesk.page\/pt\/wp-json\/wp\/v2\/types\/product"}],"replies":[{"embeddable":true,"href":"https:\/\/stoic-curie.212-227-153-4.plesk.page\/pt\/wp-json\/wp\/v2\/comments?post=751698"}],"version-history":[{"count":0,"href":"https:\/\/stoic-curie.212-227-153-4.plesk.page\/pt\/wp-json\/wp\/v2\/product\/751698\/revisions"}],"wp:featuredmedia":[{"embeddable":true,"href":"https:\/\/stoic-curie.212-227-153-4.plesk.page\/pt\/wp-json\/wp\/v2\/media\/5947530"}],"wp:attachment":[{"href":"https:\/\/stoic-curie.212-227-153-4.plesk.page\/pt\/wp-json\/wp\/v2\/media?parent=751698"}],"wp:term":[{"taxonomy":"product_brand","embeddable":true,"href":"https:\/\/stoic-curie.212-227-153-4.plesk.page\/pt\/wp-json\/wp\/v2\/product_brand?post=751698"},{"taxonomy":"product_cat","embeddable":true,"href":"https:\/\/stoic-curie.212-227-153-4.plesk.page\/pt\/wp-json\/wp\/v2\/product_cat?post=751698"},{"taxonomy":"product_tag","embeddable":true,"href":"https:\/\/stoic-curie.212-227-153-4.plesk.page\/pt\/wp-json\/wp\/v2\/product_tag?post=751698"}],"curies":[{"name":"wp","href":"https:\/\/api.w.org\/{rel}","templated":true}]}}