{"id":751700,"date":"2025-03-04T00:58:37","date_gmt":"2025-03-03T23:58:37","guid":{"rendered":"https:\/\/stoic-curie.212-227-153-4.plesk.page\/producto\/bomba-de-porao-automatica-sahara-mk2-s1100-12v\/"},"modified":"2026-02-25T00:28:22","modified_gmt":"2026-02-25T00:28:22","slug":"bomba-de-porao-automatica-sahara-mk2-s1100-12v","status":"publish","type":"product","link":"https:\/\/stoic-curie.212-227-153-4.plesk.page\/pt\/product\/bomba-de-porao-automatica-sahara-mk2-s1100-12v\/","title":{"rendered":"Bomba de Por\u00e3o Autom\u00e1tica Sahara mk2 s1100 12v"},"content":{"rendered":"<p>Bomba de Por\u00e3o Autom\u00e1tica Sahara mk2 s1100 12v &#8211; <\/p>\n<p>Bomba de por\u00e3o submers\u00edvel Attwood Sahara MK2\u00c2\u00a0com interruptor de flutua\u00e7\u00e3o integrado e cabe\u00e7a destac\u00e1vel para f\u00e1cil limpeza. Motor selado protegido contra danos por eletr\u00f3lise com impulsor X-Air que evita funcionamento a seco e entrada de ar nos tubos de escape. Portas roscadas de 1&#8243;3\/8 (35mm) que podem ser completadas com conex\u00f5es ajust\u00e1veis retas ou em \u00e2ngulo, equipadas com v\u00e1lvula de reten\u00e7\u00e3o.<\/p>\n","protected":false},"excerpt":{"rendered":"<p>Bomba de Por\u00e3o Autom\u00e1tica Sahara mk2 s1100 12v &#8211; Bomba de por\u00e3o submers\u00edvel Attwood Sahara MK2\u00c2\u00a0com interruptor de flutua\u00e7\u00e3o integrado<\/p>\n","protected":false},"featured_media":5947536,"comment_status":"open","ping_status":"closed","template":"","meta":[],"product_brand":[2807],"product_cat":[1946],"product_tag":[],"class_list":{"0":"post-751700","1":"product","2":"type-product","3":"status-publish","4":"has-post-thumbnail","6":"product_brand-attwood-pt","7":"product_cat-bombas-eletricas-de-fundo","9":"first","10":"instock","11":"shipping-taxable","12":"purchasable","13":"product-type-simple"},"_links":{"self":[{"href":"https:\/\/stoic-curie.212-227-153-4.plesk.page\/pt\/wp-json\/wp\/v2\/product\/751700","targetHints":{"allow":["GET"]}}],"collection":[{"href":"https:\/\/stoic-curie.212-227-153-4.plesk.page\/pt\/wp-json\/wp\/v2\/product"}],"about":[{"href":"https:\/\/stoic-curie.212-227-153-4.plesk.page\/pt\/wp-json\/wp\/v2\/types\/product"}],"replies":[{"embeddable":true,"href":"https:\/\/stoic-curie.212-227-153-4.plesk.page\/pt\/wp-json\/wp\/v2\/comments?post=751700"}],"version-history":[{"count":0,"href":"https:\/\/stoic-curie.212-227-153-4.plesk.page\/pt\/wp-json\/wp\/v2\/product\/751700\/revisions"}],"wp:featuredmedia":[{"embeddable":true,"href":"https:\/\/stoic-curie.212-227-153-4.plesk.page\/pt\/wp-json\/wp\/v2\/media\/5947536"}],"wp:attachment":[{"href":"https:\/\/stoic-curie.212-227-153-4.plesk.page\/pt\/wp-json\/wp\/v2\/media?parent=751700"}],"wp:term":[{"taxonomy":"product_brand","embeddable":true,"href":"https:\/\/stoic-curie.212-227-153-4.plesk.page\/pt\/wp-json\/wp\/v2\/product_brand?post=751700"},{"taxonomy":"product_cat","embeddable":true,"href":"https:\/\/stoic-curie.212-227-153-4.plesk.page\/pt\/wp-json\/wp\/v2\/product_cat?post=751700"},{"taxonomy":"product_tag","embeddable":true,"href":"https:\/\/stoic-curie.212-227-153-4.plesk.page\/pt\/wp-json\/wp\/v2\/product_tag?post=751700"}],"curies":[{"name":"wp","href":"https:\/\/api.w.org\/{rel}","templated":true}]}}