{"id":751701,"date":"2025-03-04T00:58:37","date_gmt":"2025-03-03T23:58:37","guid":{"rendered":"https:\/\/stoic-curie.212-227-153-4.plesk.page\/producto\/interruptor-flutuante-rule-6-12-24-32-v\/"},"modified":"2026-02-25T00:28:22","modified_gmt":"2026-02-25T00:28:22","slug":"interruptor-flutuante-rule-6-12-24-32-v","status":"publish","type":"product","link":"https:\/\/stoic-curie.212-227-153-4.plesk.page\/pt\/product\/interruptor-flutuante-rule-6-12-24-32-v\/","title":{"rendered":"Interruptor Flutuante Rule 6-12-24-32 V"},"content":{"rendered":"<p>Interruptor Flutuante Rule 6-12-24-32 V &#8211; <\/p>\n<p>Interruptor da bomba de por\u00e3o com alavanca flutuante. Fonte de alimenta\u00e7\u00e3o universal 6-12-24-32 V.<\/p>\n","protected":false},"excerpt":{"rendered":"<p>Interruptor Flutuante Rule 6-12-24-32 V &#8211; Interruptor da bomba de por\u00e3o com alavanca flutuante. Fonte de alimenta\u00e7\u00e3o universal 6-12-24-32 V.<\/p>\n","protected":false},"featured_media":5947538,"comment_status":"open","ping_status":"closed","template":"","meta":[],"product_brand":[3327],"product_cat":[1946],"product_tag":[],"class_list":{"0":"post-751701","1":"product","2":"type-product","3":"status-publish","4":"has-post-thumbnail","6":"product_brand-rule-pt","7":"product_cat-bombas-eletricas-de-fundo","9":"first","10":"instock","11":"shipping-taxable","12":"purchasable","13":"product-type-simple"},"_links":{"self":[{"href":"https:\/\/stoic-curie.212-227-153-4.plesk.page\/pt\/wp-json\/wp\/v2\/product\/751701","targetHints":{"allow":["GET"]}}],"collection":[{"href":"https:\/\/stoic-curie.212-227-153-4.plesk.page\/pt\/wp-json\/wp\/v2\/product"}],"about":[{"href":"https:\/\/stoic-curie.212-227-153-4.plesk.page\/pt\/wp-json\/wp\/v2\/types\/product"}],"replies":[{"embeddable":true,"href":"https:\/\/stoic-curie.212-227-153-4.plesk.page\/pt\/wp-json\/wp\/v2\/comments?post=751701"}],"version-history":[{"count":0,"href":"https:\/\/stoic-curie.212-227-153-4.plesk.page\/pt\/wp-json\/wp\/v2\/product\/751701\/revisions"}],"wp:featuredmedia":[{"embeddable":true,"href":"https:\/\/stoic-curie.212-227-153-4.plesk.page\/pt\/wp-json\/wp\/v2\/media\/5947538"}],"wp:attachment":[{"href":"https:\/\/stoic-curie.212-227-153-4.plesk.page\/pt\/wp-json\/wp\/v2\/media?parent=751701"}],"wp:term":[{"taxonomy":"product_brand","embeddable":true,"href":"https:\/\/stoic-curie.212-227-153-4.plesk.page\/pt\/wp-json\/wp\/v2\/product_brand?post=751701"},{"taxonomy":"product_cat","embeddable":true,"href":"https:\/\/stoic-curie.212-227-153-4.plesk.page\/pt\/wp-json\/wp\/v2\/product_cat?post=751701"},{"taxonomy":"product_tag","embeddable":true,"href":"https:\/\/stoic-curie.212-227-153-4.plesk.page\/pt\/wp-json\/wp\/v2\/product_tag?post=751701"}],"curies":[{"name":"wp","href":"https:\/\/api.w.org\/{rel}","templated":true}]}}