{"id":751702,"date":"2025-03-04T00:58:37","date_gmt":"2025-03-03T23:58:37","guid":{"rendered":"https:\/\/stoic-curie.212-227-153-4.plesk.page\/producto\/rule-tournament-1600-209fdp\/"},"modified":"2026-02-25T00:28:22","modified_gmt":"2026-02-25T00:28:22","slug":"rule-tournament-1600-209fdp","status":"publish","type":"product","link":"https:\/\/stoic-curie.212-227-153-4.plesk.page\/pt\/product\/rule-tournament-1600-209fdp\/","title":{"rendered":"Rule Tournament 1600-209FDP"},"content":{"rendered":"<p>Rule Tournament 1600-209FDP &#8211; <\/p>\n<p>Bomba de aera\u00e7\u00e3o Rule de grande capacidade para viveiros de pesca esportiva. Com sa\u00edda dupla para conex\u00e3o de lavagem opcional, base de nylon refor\u00e7ado e motor de alta resist\u00eancia que garante anos de servi\u00e7o. Porto de exaust\u00e3o: tubo-para-mangueira de 28 mm (1&#8243;1\/8) Segundo porto de lavagem: rosca NPT de 1\/2&#8243;<\/p>\n","protected":false},"excerpt":{"rendered":"<p>Rule Tournament 1600-209FDP &#8211; Bomba de aera\u00e7\u00e3o Rule de grande capacidade para viveiros de pesca esportiva. Com sa\u00edda dupla para<\/p>\n","protected":false},"featured_media":5947539,"comment_status":"open","ping_status":"closed","template":"","meta":[],"product_brand":[3327],"product_cat":[1940],"product_tag":[],"class_list":{"0":"post-751702","1":"product","2":"type-product","3":"status-publish","4":"has-post-thumbnail","6":"product_brand-rule-pt","7":"product_cat-bombas-de-ventilacao","9":"first","10":"instock","11":"shipping-taxable","12":"purchasable","13":"product-type-simple"},"_links":{"self":[{"href":"https:\/\/stoic-curie.212-227-153-4.plesk.page\/pt\/wp-json\/wp\/v2\/product\/751702","targetHints":{"allow":["GET"]}}],"collection":[{"href":"https:\/\/stoic-curie.212-227-153-4.plesk.page\/pt\/wp-json\/wp\/v2\/product"}],"about":[{"href":"https:\/\/stoic-curie.212-227-153-4.plesk.page\/pt\/wp-json\/wp\/v2\/types\/product"}],"replies":[{"embeddable":true,"href":"https:\/\/stoic-curie.212-227-153-4.plesk.page\/pt\/wp-json\/wp\/v2\/comments?post=751702"}],"version-history":[{"count":0,"href":"https:\/\/stoic-curie.212-227-153-4.plesk.page\/pt\/wp-json\/wp\/v2\/product\/751702\/revisions"}],"wp:featuredmedia":[{"embeddable":true,"href":"https:\/\/stoic-curie.212-227-153-4.plesk.page\/pt\/wp-json\/wp\/v2\/media\/5947539"}],"wp:attachment":[{"href":"https:\/\/stoic-curie.212-227-153-4.plesk.page\/pt\/wp-json\/wp\/v2\/media?parent=751702"}],"wp:term":[{"taxonomy":"product_brand","embeddable":true,"href":"https:\/\/stoic-curie.212-227-153-4.plesk.page\/pt\/wp-json\/wp\/v2\/product_brand?post=751702"},{"taxonomy":"product_cat","embeddable":true,"href":"https:\/\/stoic-curie.212-227-153-4.plesk.page\/pt\/wp-json\/wp\/v2\/product_cat?post=751702"},{"taxonomy":"product_tag","embeddable":true,"href":"https:\/\/stoic-curie.212-227-153-4.plesk.page\/pt\/wp-json\/wp\/v2\/product_tag?post=751702"}],"curies":[{"name":"wp","href":"https:\/\/api.w.org\/{rel}","templated":true}]}}