{"id":751703,"date":"2025-03-04T00:58:38","date_gmt":"2025-03-03T23:58:38","guid":{"rendered":"https:\/\/stoic-curie.212-227-153-4.plesk.page\/producto\/bomba-autoescorvante-ocean-12v-mangueira-de-21mm\/"},"modified":"2026-02-25T00:28:22","modified_gmt":"2026-02-25T00:28:22","slug":"bomba-autoescorvante-ocean-12v-mangueira-de-21mm","status":"publish","type":"product","link":"https:\/\/stoic-curie.212-227-153-4.plesk.page\/pt\/product\/bomba-autoescorvante-ocean-12v-mangueira-de-21mm\/","title":{"rendered":"Bomba Autoescorvante Ocean 12v Mangueira de 21mm"},"content":{"rendered":"<p>Bomba Autoescorvante Ocean 12v Mangueira de 21mm &#8211; <\/p>\n<p>Impulsor de nitrilo Ocean e cabe\u00e7ote de bomba de termopl\u00e1stico, bomba autoescorvante. Para \u00e1gua doce, \u00e1gua do mar e bombeamento de por\u00e3o.<\/p>\n","protected":false},"excerpt":{"rendered":"<p>Bomba Autoescorvante Ocean 12v Mangueira de 21mm &#8211; Impulsor de nitrilo Ocean e cabe\u00e7ote de bomba de termopl\u00e1stico, bomba autoescorvante.<\/p>\n","protected":false},"featured_media":5947541,"comment_status":"open","ping_status":"closed","template":"","meta":[],"product_brand":[3142],"product_cat":[1958,1946],"product_tag":[],"class_list":{"0":"post-751703","1":"product","2":"type-product","3":"status-publish","4":"has-post-thumbnail","6":"product_brand-matromarine-pt","7":"product_cat-bombas-de-circulacao-de-agua","8":"product_cat-bombas-eletricas-de-fundo","10":"first","11":"instock","12":"shipping-taxable","13":"purchasable","14":"product-type-simple"},"_links":{"self":[{"href":"https:\/\/stoic-curie.212-227-153-4.plesk.page\/pt\/wp-json\/wp\/v2\/product\/751703","targetHints":{"allow":["GET"]}}],"collection":[{"href":"https:\/\/stoic-curie.212-227-153-4.plesk.page\/pt\/wp-json\/wp\/v2\/product"}],"about":[{"href":"https:\/\/stoic-curie.212-227-153-4.plesk.page\/pt\/wp-json\/wp\/v2\/types\/product"}],"replies":[{"embeddable":true,"href":"https:\/\/stoic-curie.212-227-153-4.plesk.page\/pt\/wp-json\/wp\/v2\/comments?post=751703"}],"version-history":[{"count":0,"href":"https:\/\/stoic-curie.212-227-153-4.plesk.page\/pt\/wp-json\/wp\/v2\/product\/751703\/revisions"}],"wp:featuredmedia":[{"embeddable":true,"href":"https:\/\/stoic-curie.212-227-153-4.plesk.page\/pt\/wp-json\/wp\/v2\/media\/5947541"}],"wp:attachment":[{"href":"https:\/\/stoic-curie.212-227-153-4.plesk.page\/pt\/wp-json\/wp\/v2\/media?parent=751703"}],"wp:term":[{"taxonomy":"product_brand","embeddable":true,"href":"https:\/\/stoic-curie.212-227-153-4.plesk.page\/pt\/wp-json\/wp\/v2\/product_brand?post=751703"},{"taxonomy":"product_cat","embeddable":true,"href":"https:\/\/stoic-curie.212-227-153-4.plesk.page\/pt\/wp-json\/wp\/v2\/product_cat?post=751703"},{"taxonomy":"product_tag","embeddable":true,"href":"https:\/\/stoic-curie.212-227-153-4.plesk.page\/pt\/wp-json\/wp\/v2\/product_tag?post=751703"}],"curies":[{"name":"wp","href":"https:\/\/api.w.org\/{rel}","templated":true}]}}