{"id":751704,"date":"2025-03-04T00:58:38","date_gmt":"2025-03-03T23:58:38","guid":{"rendered":"https:\/\/stoic-curie.212-227-153-4.plesk.page\/producto\/bomba-autoescorvante-marco-ref-up1-j-12v\/"},"modified":"2026-02-25T00:28:22","modified_gmt":"2026-02-25T00:28:22","slug":"bomba-autoescorvante-marco-ref-up1-j-12v","status":"publish","type":"product","link":"https:\/\/stoic-curie.212-227-153-4.plesk.page\/pt\/product\/bomba-autoescorvante-marco-ref-up1-j-12v\/","title":{"rendered":"Bomba Autoescorvante Marco ref UP1-J 12v"},"content":{"rendered":"<p>Bomba Autoescorvante Marco ref UP1-J 12v &#8211; <\/p>\n<p>Bombas auto-aspirantes Marco UP1 com impulsor em nitrilo e cabe\u00e7a em lat\u00e3o cromado. Caixa \u00e0 prova d&#8217;\u00e1gua e veda\u00e7\u00e3o de fio imperme\u00e1vel. Para bombeamento de \u00e1gua doce, \u00e1gua salgada e por\u00e3o.<\/p>\n","protected":false},"excerpt":{"rendered":"<p>Bomba Autoescorvante Marco ref UP1-J 12v &#8211; Bombas auto-aspirantes Marco UP1 com impulsor em nitrilo e cabe\u00e7a em lat\u00e3o cromado.<\/p>\n","protected":false},"featured_media":5947542,"comment_status":"open","ping_status":"closed","template":"","meta":[],"product_brand":[3097],"product_cat":[1958,1946],"product_tag":[],"class_list":{"0":"post-751704","1":"product","2":"type-product","3":"status-publish","4":"has-post-thumbnail","6":"product_brand-marco-pt","7":"product_cat-bombas-de-circulacao-de-agua","8":"product_cat-bombas-eletricas-de-fundo","10":"first","11":"instock","12":"shipping-taxable","13":"purchasable","14":"product-type-simple"},"_links":{"self":[{"href":"https:\/\/stoic-curie.212-227-153-4.plesk.page\/pt\/wp-json\/wp\/v2\/product\/751704","targetHints":{"allow":["GET"]}}],"collection":[{"href":"https:\/\/stoic-curie.212-227-153-4.plesk.page\/pt\/wp-json\/wp\/v2\/product"}],"about":[{"href":"https:\/\/stoic-curie.212-227-153-4.plesk.page\/pt\/wp-json\/wp\/v2\/types\/product"}],"replies":[{"embeddable":true,"href":"https:\/\/stoic-curie.212-227-153-4.plesk.page\/pt\/wp-json\/wp\/v2\/comments?post=751704"}],"version-history":[{"count":0,"href":"https:\/\/stoic-curie.212-227-153-4.plesk.page\/pt\/wp-json\/wp\/v2\/product\/751704\/revisions"}],"wp:featuredmedia":[{"embeddable":true,"href":"https:\/\/stoic-curie.212-227-153-4.plesk.page\/pt\/wp-json\/wp\/v2\/media\/5947542"}],"wp:attachment":[{"href":"https:\/\/stoic-curie.212-227-153-4.plesk.page\/pt\/wp-json\/wp\/v2\/media?parent=751704"}],"wp:term":[{"taxonomy":"product_brand","embeddable":true,"href":"https:\/\/stoic-curie.212-227-153-4.plesk.page\/pt\/wp-json\/wp\/v2\/product_brand?post=751704"},{"taxonomy":"product_cat","embeddable":true,"href":"https:\/\/stoic-curie.212-227-153-4.plesk.page\/pt\/wp-json\/wp\/v2\/product_cat?post=751704"},{"taxonomy":"product_tag","embeddable":true,"href":"https:\/\/stoic-curie.212-227-153-4.plesk.page\/pt\/wp-json\/wp\/v2\/product_tag?post=751704"}],"curies":[{"name":"wp","href":"https:\/\/api.w.org\/{rel}","templated":true}]}}