{"id":751708,"date":"2025-03-04T00:58:39","date_gmt":"2025-03-03T23:58:39","guid":{"rendered":"https:\/\/stoic-curie.212-227-153-4.plesk.page\/producto\/interruptor-de-pressao-flojet-40psi\/"},"modified":"2026-02-25T00:28:22","modified_gmt":"2026-02-25T00:28:22","slug":"interruptor-de-pressao-flojet-40psi","status":"publish","type":"product","link":"https:\/\/stoic-curie.212-227-153-4.plesk.page\/pt\/product\/interruptor-de-pressao-flojet-40psi\/","title":{"rendered":"Interruptor de Press\u00e3o Flojet 40psi"},"content":{"rendered":"<p>Interruptor de Press\u00e3o Flojet 40psi &#8211; <\/p>\n<p>Bombas de press\u00e3o de \u00e1gua doce Flojet Triplex para pias e duchas, de 1 a 3 utilidades.<\/p>\n","protected":false},"excerpt":{"rendered":"<p>Interruptor de Press\u00e3o Flojet 40psi &#8211; Bombas de press\u00e3o de \u00e1gua doce Flojet Triplex para pias e duchas, de 1<\/p>\n","protected":false},"featured_media":5947546,"comment_status":"open","ping_status":"closed","template":"","meta":[],"product_brand":[2942],"product_cat":[1947],"product_tag":[],"class_list":{"0":"post-751708","1":"product","2":"type-product","3":"status-publish","4":"has-post-thumbnail","6":"product_brand-flojet-marine-pt","7":"product_cat-bombas-de-pressao-de-agua","9":"first","10":"instock","11":"shipping-taxable","12":"purchasable","13":"product-type-simple"},"_links":{"self":[{"href":"https:\/\/stoic-curie.212-227-153-4.plesk.page\/pt\/wp-json\/wp\/v2\/product\/751708","targetHints":{"allow":["GET"]}}],"collection":[{"href":"https:\/\/stoic-curie.212-227-153-4.plesk.page\/pt\/wp-json\/wp\/v2\/product"}],"about":[{"href":"https:\/\/stoic-curie.212-227-153-4.plesk.page\/pt\/wp-json\/wp\/v2\/types\/product"}],"replies":[{"embeddable":true,"href":"https:\/\/stoic-curie.212-227-153-4.plesk.page\/pt\/wp-json\/wp\/v2\/comments?post=751708"}],"version-history":[{"count":0,"href":"https:\/\/stoic-curie.212-227-153-4.plesk.page\/pt\/wp-json\/wp\/v2\/product\/751708\/revisions"}],"wp:featuredmedia":[{"embeddable":true,"href":"https:\/\/stoic-curie.212-227-153-4.plesk.page\/pt\/wp-json\/wp\/v2\/media\/5947546"}],"wp:attachment":[{"href":"https:\/\/stoic-curie.212-227-153-4.plesk.page\/pt\/wp-json\/wp\/v2\/media?parent=751708"}],"wp:term":[{"taxonomy":"product_brand","embeddable":true,"href":"https:\/\/stoic-curie.212-227-153-4.plesk.page\/pt\/wp-json\/wp\/v2\/product_brand?post=751708"},{"taxonomy":"product_cat","embeddable":true,"href":"https:\/\/stoic-curie.212-227-153-4.plesk.page\/pt\/wp-json\/wp\/v2\/product_cat?post=751708"},{"taxonomy":"product_tag","embeddable":true,"href":"https:\/\/stoic-curie.212-227-153-4.plesk.page\/pt\/wp-json\/wp\/v2\/product_tag?post=751708"}],"curies":[{"name":"wp","href":"https:\/\/api.w.org\/{rel}","templated":true}]}}