{"id":751709,"date":"2025-03-04T00:58:40","date_gmt":"2025-03-03T23:58:40","guid":{"rendered":"https:\/\/stoic-curie.212-227-153-4.plesk.page\/producto\/jabsco-par-max-hd4-40psi-12v\/"},"modified":"2026-02-25T00:28:22","modified_gmt":"2026-02-25T00:28:22","slug":"jabsco-par-max-hd4-40psi-12v","status":"publish","type":"product","link":"https:\/\/stoic-curie.212-227-153-4.plesk.page\/pt\/product\/jabsco-par-max-hd4-40psi-12v\/","title":{"rendered":"Jabsco Par-Max HD4 40PSI 12v"},"content":{"rendered":"<p>Jabsco Par-Max HD4 40PSI 12v &#8211; <\/p>\n<p>Bomba de press\u00e3o de \u00e1gua doce Jabsco Par-Max HD para pias e chuveiros, adequada para 2 a 4 utilidades. Autoaspirante at\u00e9 2 metros, com motor de \u00edm\u00e3 permanente e sistema de desvio que garante fluxo constante e sil\u00eancio. Completa com filtro e conex\u00f5es r\u00e1pidas.<\/p>\n","protected":false},"excerpt":{"rendered":"<p>Jabsco Par-Max HD4 40PSI 12v &#8211; Bomba de press\u00e3o de \u00e1gua doce Jabsco Par-Max HD para pias e chuveiros, adequada<\/p>\n","protected":false},"featured_media":5947547,"comment_status":"open","ping_status":"closed","template":"","meta":[],"product_brand":[3032],"product_cat":[1935,1947],"product_tag":[],"class_list":{"0":"post-751709","1":"product","2":"type-product","3":"status-publish","4":"has-post-thumbnail","6":"product_brand-jabsco-marine-pt","7":"product_cat-bombas-de-lavagem","8":"product_cat-bombas-de-pressao-de-agua","10":"first","11":"instock","12":"shipping-taxable","13":"purchasable","14":"product-type-simple"},"_links":{"self":[{"href":"https:\/\/stoic-curie.212-227-153-4.plesk.page\/pt\/wp-json\/wp\/v2\/product\/751709","targetHints":{"allow":["GET"]}}],"collection":[{"href":"https:\/\/stoic-curie.212-227-153-4.plesk.page\/pt\/wp-json\/wp\/v2\/product"}],"about":[{"href":"https:\/\/stoic-curie.212-227-153-4.plesk.page\/pt\/wp-json\/wp\/v2\/types\/product"}],"replies":[{"embeddable":true,"href":"https:\/\/stoic-curie.212-227-153-4.plesk.page\/pt\/wp-json\/wp\/v2\/comments?post=751709"}],"version-history":[{"count":0,"href":"https:\/\/stoic-curie.212-227-153-4.plesk.page\/pt\/wp-json\/wp\/v2\/product\/751709\/revisions"}],"wp:featuredmedia":[{"embeddable":true,"href":"https:\/\/stoic-curie.212-227-153-4.plesk.page\/pt\/wp-json\/wp\/v2\/media\/5947547"}],"wp:attachment":[{"href":"https:\/\/stoic-curie.212-227-153-4.plesk.page\/pt\/wp-json\/wp\/v2\/media?parent=751709"}],"wp:term":[{"taxonomy":"product_brand","embeddable":true,"href":"https:\/\/stoic-curie.212-227-153-4.plesk.page\/pt\/wp-json\/wp\/v2\/product_brand?post=751709"},{"taxonomy":"product_cat","embeddable":true,"href":"https:\/\/stoic-curie.212-227-153-4.plesk.page\/pt\/wp-json\/wp\/v2\/product_cat?post=751709"},{"taxonomy":"product_tag","embeddable":true,"href":"https:\/\/stoic-curie.212-227-153-4.plesk.page\/pt\/wp-json\/wp\/v2\/product_tag?post=751709"}],"curies":[{"name":"wp","href":"https:\/\/api.w.org\/{rel}","templated":true}]}}