{"id":751711,"date":"2025-03-04T00:58:40","date_gmt":"2025-03-03T23:58:40","guid":{"rendered":"https:\/\/stoic-curie.212-227-153-4.plesk.page\/producto\/bomba-de-refrigeracao-ancor-pm-36\/"},"modified":"2026-02-25T00:28:23","modified_gmt":"2026-02-25T00:28:23","slug":"bomba-de-refrigeracao-ancor-pm-36","status":"publish","type":"product","link":"https:\/\/stoic-curie.212-227-153-4.plesk.page\/pt\/product\/bomba-de-refrigeracao-ancor-pm-36\/","title":{"rendered":"Bomba de Refrigera\u00e7\u00e3o Ancor PM 36"},"content":{"rendered":"<p>Bomba de Refrigera\u00e7\u00e3o Ancor PM 36 &#8211; <\/p>\n<p>Bomba de refrigera\u00e7\u00e3o com impulsor de neoprene em bronze.<\/p>\n","protected":false},"excerpt":{"rendered":"<p>Bomba de Refrigera\u00e7\u00e3o Ancor PM 36 &#8211; Bomba de refrigera\u00e7\u00e3o com impulsor de neoprene em bronze.<\/p>\n","protected":false},"featured_media":5947554,"comment_status":"open","ping_status":"closed","template":"","meta":[],"product_brand":[2782],"product_cat":[2096],"product_tag":[],"class_list":{"0":"post-751711","1":"product","2":"type-product","3":"status-publish","4":"has-post-thumbnail","6":"product_brand-ancor-marine-pt","7":"product_cat-bombas-de-arrefecimento-do-motor","9":"first","10":"instock","11":"shipping-taxable","12":"purchasable","13":"product-type-simple"},"_links":{"self":[{"href":"https:\/\/stoic-curie.212-227-153-4.plesk.page\/pt\/wp-json\/wp\/v2\/product\/751711","targetHints":{"allow":["GET"]}}],"collection":[{"href":"https:\/\/stoic-curie.212-227-153-4.plesk.page\/pt\/wp-json\/wp\/v2\/product"}],"about":[{"href":"https:\/\/stoic-curie.212-227-153-4.plesk.page\/pt\/wp-json\/wp\/v2\/types\/product"}],"replies":[{"embeddable":true,"href":"https:\/\/stoic-curie.212-227-153-4.plesk.page\/pt\/wp-json\/wp\/v2\/comments?post=751711"}],"version-history":[{"count":0,"href":"https:\/\/stoic-curie.212-227-153-4.plesk.page\/pt\/wp-json\/wp\/v2\/product\/751711\/revisions"}],"wp:featuredmedia":[{"embeddable":true,"href":"https:\/\/stoic-curie.212-227-153-4.plesk.page\/pt\/wp-json\/wp\/v2\/media\/5947554"}],"wp:attachment":[{"href":"https:\/\/stoic-curie.212-227-153-4.plesk.page\/pt\/wp-json\/wp\/v2\/media?parent=751711"}],"wp:term":[{"taxonomy":"product_brand","embeddable":true,"href":"https:\/\/stoic-curie.212-227-153-4.plesk.page\/pt\/wp-json\/wp\/v2\/product_brand?post=751711"},{"taxonomy":"product_cat","embeddable":true,"href":"https:\/\/stoic-curie.212-227-153-4.plesk.page\/pt\/wp-json\/wp\/v2\/product_cat?post=751711"},{"taxonomy":"product_tag","embeddable":true,"href":"https:\/\/stoic-curie.212-227-153-4.plesk.page\/pt\/wp-json\/wp\/v2\/product_tag?post=751711"}],"curies":[{"name":"wp","href":"https:\/\/api.w.org\/{rel}","templated":true}]}}