{"id":751713,"date":"2025-03-04T00:58:41","date_gmt":"2025-03-03T23:58:41","guid":{"rendered":"https:\/\/stoic-curie.212-227-153-4.plesk.page\/producto\/bomba-de-refrigeracao-ancor-st-149\/"},"modified":"2026-02-25T00:28:23","modified_gmt":"2026-02-25T00:28:23","slug":"bomba-de-refrigeracao-ancor-st-149","status":"publish","type":"product","link":"https:\/\/stoic-curie.212-227-153-4.plesk.page\/pt\/product\/bomba-de-refrigeracao-ancor-st-149\/","title":{"rendered":"Bomba de Refrigera\u00e7\u00e3o Ancor ST 149"},"content":{"rendered":"<p>Bomba de Refrigera\u00e7\u00e3o Ancor ST 149 &#8211; <\/p>\n<p>Bomba de refrigera\u00e7\u00e3o de bronze com impulsor de neopreno. Jabsco ref 29500-1501 Para motores: Iveco 3M\/4AM\/60\/61\/8031\/804\/8040\/8041\/8061\/8065\/8140\/8141\/CO3M\/CP3M\/SM20 Perkins M50\/60\/80 Volvo MD22LA<\/p>\n","protected":false},"excerpt":{"rendered":"<p>Bomba de Refrigera\u00e7\u00e3o Ancor ST 149 &#8211; Bomba de refrigera\u00e7\u00e3o de bronze com impulsor de neopreno. Jabsco ref 29500-1501 Para<\/p>\n","protected":false},"featured_media":5947561,"comment_status":"open","ping_status":"closed","template":"","meta":[],"product_brand":[2782],"product_cat":[2096],"product_tag":[],"class_list":{"0":"post-751713","1":"product","2":"type-product","3":"status-publish","4":"has-post-thumbnail","6":"product_brand-ancor-marine-pt","7":"product_cat-bombas-de-arrefecimento-do-motor","9":"first","10":"instock","11":"shipping-taxable","12":"purchasable","13":"product-type-simple"},"_links":{"self":[{"href":"https:\/\/stoic-curie.212-227-153-4.plesk.page\/pt\/wp-json\/wp\/v2\/product\/751713","targetHints":{"allow":["GET"]}}],"collection":[{"href":"https:\/\/stoic-curie.212-227-153-4.plesk.page\/pt\/wp-json\/wp\/v2\/product"}],"about":[{"href":"https:\/\/stoic-curie.212-227-153-4.plesk.page\/pt\/wp-json\/wp\/v2\/types\/product"}],"replies":[{"embeddable":true,"href":"https:\/\/stoic-curie.212-227-153-4.plesk.page\/pt\/wp-json\/wp\/v2\/comments?post=751713"}],"version-history":[{"count":0,"href":"https:\/\/stoic-curie.212-227-153-4.plesk.page\/pt\/wp-json\/wp\/v2\/product\/751713\/revisions"}],"wp:featuredmedia":[{"embeddable":true,"href":"https:\/\/stoic-curie.212-227-153-4.plesk.page\/pt\/wp-json\/wp\/v2\/media\/5947561"}],"wp:attachment":[{"href":"https:\/\/stoic-curie.212-227-153-4.plesk.page\/pt\/wp-json\/wp\/v2\/media?parent=751713"}],"wp:term":[{"taxonomy":"product_brand","embeddable":true,"href":"https:\/\/stoic-curie.212-227-153-4.plesk.page\/pt\/wp-json\/wp\/v2\/product_brand?post=751713"},{"taxonomy":"product_cat","embeddable":true,"href":"https:\/\/stoic-curie.212-227-153-4.plesk.page\/pt\/wp-json\/wp\/v2\/product_cat?post=751713"},{"taxonomy":"product_tag","embeddable":true,"href":"https:\/\/stoic-curie.212-227-153-4.plesk.page\/pt\/wp-json\/wp\/v2\/product_tag?post=751713"}],"curies":[{"name":"wp","href":"https:\/\/api.w.org\/{rel}","templated":true}]}}