{"id":751721,"date":"2025-03-04T00:58:43","date_gmt":"2025-03-03T23:58:43","guid":{"rendered":"https:\/\/stoic-curie.212-227-153-4.plesk.page\/producto\/suporte-antivibracao-para-bateria-264-x-213-x-a54mm\/"},"modified":"2026-02-25T00:28:23","modified_gmt":"2026-02-25T00:28:23","slug":"suporte-antivibracao-para-bateria-264-x-213-x-a54mm","status":"publish","type":"product","link":"https:\/\/stoic-curie.212-227-153-4.plesk.page\/pt\/product\/suporte-antivibracao-para-bateria-264-x-213-x-a54mm\/","title":{"rendered":"Suporte Antivibra\u00e7\u00e3o para Bateria 264 x 213 x A54mm"},"content":{"rendered":"<p>Suporte Antivibra\u00e7\u00e3o para Bateria 264 x 213 x A54mm &#8211; <\/p>\n<p>Suporte para bateria com placa antivibra\u00e7\u00e3o que previne danos por choques e vibra\u00e7\u00f5es na bateria, prolongando sua efic\u00e1cia e vida \u00fatil. O formato do recipiente tamb\u00e9m proporciona prote\u00e7\u00e3o contra vazamentos qu\u00edmicos. Completo com faixa el\u00e1stica com gancho e la\u00e7o.<\/p>\n","protected":false},"excerpt":{"rendered":"<p>Suporte Antivibra\u00e7\u00e3o para Bateria 264 x 213 x A54mm &#8211; Suporte para bateria com placa antivibra\u00e7\u00e3o que previne danos por<\/p>\n","protected":false},"featured_media":5947645,"comment_status":"open","ping_status":"closed","template":"","meta":[],"product_brand":[3217],"product_cat":[2016],"product_tag":[],"class_list":{"0":"post-751721","1":"product","2":"type-product","3":"status-publish","4":"has-post-thumbnail","6":"product_brand-oceanflex-pt","7":"product_cat-baterias-equipamento-eletrico","9":"first","10":"instock","11":"shipping-taxable","12":"purchasable","13":"product-type-simple"},"_links":{"self":[{"href":"https:\/\/stoic-curie.212-227-153-4.plesk.page\/pt\/wp-json\/wp\/v2\/product\/751721","targetHints":{"allow":["GET"]}}],"collection":[{"href":"https:\/\/stoic-curie.212-227-153-4.plesk.page\/pt\/wp-json\/wp\/v2\/product"}],"about":[{"href":"https:\/\/stoic-curie.212-227-153-4.plesk.page\/pt\/wp-json\/wp\/v2\/types\/product"}],"replies":[{"embeddable":true,"href":"https:\/\/stoic-curie.212-227-153-4.plesk.page\/pt\/wp-json\/wp\/v2\/comments?post=751721"}],"version-history":[{"count":0,"href":"https:\/\/stoic-curie.212-227-153-4.plesk.page\/pt\/wp-json\/wp\/v2\/product\/751721\/revisions"}],"wp:featuredmedia":[{"embeddable":true,"href":"https:\/\/stoic-curie.212-227-153-4.plesk.page\/pt\/wp-json\/wp\/v2\/media\/5947645"}],"wp:attachment":[{"href":"https:\/\/stoic-curie.212-227-153-4.plesk.page\/pt\/wp-json\/wp\/v2\/media?parent=751721"}],"wp:term":[{"taxonomy":"product_brand","embeddable":true,"href":"https:\/\/stoic-curie.212-227-153-4.plesk.page\/pt\/wp-json\/wp\/v2\/product_brand?post=751721"},{"taxonomy":"product_cat","embeddable":true,"href":"https:\/\/stoic-curie.212-227-153-4.plesk.page\/pt\/wp-json\/wp\/v2\/product_cat?post=751721"},{"taxonomy":"product_tag","embeddable":true,"href":"https:\/\/stoic-curie.212-227-153-4.plesk.page\/pt\/wp-json\/wp\/v2\/product_tag?post=751721"}],"curies":[{"name":"wp","href":"https:\/\/api.w.org\/{rel}","templated":true}]}}