{"id":751723,"date":"2025-03-04T00:58:44","date_gmt":"2025-03-03T23:58:44","guid":{"rendered":"https:\/\/stoic-curie.212-227-153-4.plesk.page\/producto\/cabo-de-bateria-preto-70mm2\/"},"modified":"2026-02-25T00:28:23","modified_gmt":"2026-02-25T00:28:23","slug":"cabo-de-bateria-preto-70mm2","status":"publish","type":"product","link":"https:\/\/stoic-curie.212-227-153-4.plesk.page\/pt\/product\/cabo-de-bateria-preto-70mm2\/","title":{"rendered":"Cabo de bateria preto 70mm2"},"content":{"rendered":"<p>Cabo de bateria preto 70mm2 &#8211; <\/p>\n<p>Cabo el\u00e9trico marinho de bateria certificado CE. Fio de cobre vermelho estanho da Classe 5 IEC60228, revestido de PVC e isolado, para prote\u00e7\u00e3o m\u00e1xima contra corros\u00e3o e eletr\u00f3lise. Camada de isolamento de flexibilidade superior feita de um composto especial de borracha nitr\u00edlica PVC, resistente \u00e0 \u00e1gua do mar, certificado como retardante de chamas IEC60332-1 e resistente a \u00f3leos.<\/p>\n","protected":false},"excerpt":{"rendered":"<p>Cabo de bateria preto 70mm2 &#8211; Cabo el\u00e9trico marinho de bateria certificado CE. Fio de cobre vermelho estanho da Classe<\/p>\n","protected":false},"featured_media":5947650,"comment_status":"open","ping_status":"closed","template":"","meta":[],"product_brand":[3217],"product_cat":[2039],"product_tag":[],"class_list":{"0":"post-751723","1":"product","2":"type-product","3":"status-publish","4":"has-post-thumbnail","6":"product_brand-oceanflex-pt","7":"product_cat-terminais-e-cabos-de-bateria","9":"first","10":"instock","11":"shipping-taxable","12":"purchasable","13":"product-type-simple"},"_links":{"self":[{"href":"https:\/\/stoic-curie.212-227-153-4.plesk.page\/pt\/wp-json\/wp\/v2\/product\/751723","targetHints":{"allow":["GET"]}}],"collection":[{"href":"https:\/\/stoic-curie.212-227-153-4.plesk.page\/pt\/wp-json\/wp\/v2\/product"}],"about":[{"href":"https:\/\/stoic-curie.212-227-153-4.plesk.page\/pt\/wp-json\/wp\/v2\/types\/product"}],"replies":[{"embeddable":true,"href":"https:\/\/stoic-curie.212-227-153-4.plesk.page\/pt\/wp-json\/wp\/v2\/comments?post=751723"}],"version-history":[{"count":0,"href":"https:\/\/stoic-curie.212-227-153-4.plesk.page\/pt\/wp-json\/wp\/v2\/product\/751723\/revisions"}],"wp:featuredmedia":[{"embeddable":true,"href":"https:\/\/stoic-curie.212-227-153-4.plesk.page\/pt\/wp-json\/wp\/v2\/media\/5947650"}],"wp:attachment":[{"href":"https:\/\/stoic-curie.212-227-153-4.plesk.page\/pt\/wp-json\/wp\/v2\/media?parent=751723"}],"wp:term":[{"taxonomy":"product_brand","embeddable":true,"href":"https:\/\/stoic-curie.212-227-153-4.plesk.page\/pt\/wp-json\/wp\/v2\/product_brand?post=751723"},{"taxonomy":"product_cat","embeddable":true,"href":"https:\/\/stoic-curie.212-227-153-4.plesk.page\/pt\/wp-json\/wp\/v2\/product_cat?post=751723"},{"taxonomy":"product_tag","embeddable":true,"href":"https:\/\/stoic-curie.212-227-153-4.plesk.page\/pt\/wp-json\/wp\/v2\/product_tag?post=751723"}],"curies":[{"name":"wp","href":"https:\/\/api.w.org\/{rel}","templated":true}]}}