{"id":751729,"date":"2025-03-04T00:58:46","date_gmt":"2025-03-03T23:58:46","guid":{"rendered":"https:\/\/stoic-curie.212-227-153-4.plesk.page\/producto\/base-eletrica-marinco-32a-220v\/"},"modified":"2026-02-25T00:28:23","modified_gmt":"2026-02-25T00:28:23","slug":"base-eletrica-marinco-32a-220v","status":"publish","type":"product","link":"https:\/\/stoic-curie.212-227-153-4.plesk.page\/pt\/product\/base-eletrica-marinco-32a-220v\/","title":{"rendered":"Base El\u00e9trica Marinco 32A &#8211; 220V"},"content":{"rendered":"<p>Base El\u00e9trica Marinco 32A &#8211; 220V &#8211; <\/p>\n<p>Inlet de energia padr\u00e3o Marinco com caixa de poli\u00e9ster refor\u00e7ada e tampa \u00e0 prova d&#8217;\u00e1gua.<\/p>\n","protected":false},"excerpt":{"rendered":"<p>Base El\u00e9trica Marinco 32A &#8211; 220V &#8211; Inlet de energia padr\u00e3o Marinco com caixa de poli\u00e9ster refor\u00e7ada e tampa \u00e0<\/p>\n","protected":false},"featured_media":5947685,"comment_status":"open","ping_status":"closed","template":"","meta":[],"product_brand":[3107],"product_cat":[2037],"product_tag":[],"class_list":{"0":"post-751729","1":"product","2":"type-product","3":"status-publish","4":"has-post-thumbnail","6":"product_brand-marinco-pt","7":"product_cat-ligacao-eletrica-a-terra","9":"first","10":"instock","11":"shipping-taxable","12":"purchasable","13":"product-type-simple"},"_links":{"self":[{"href":"https:\/\/stoic-curie.212-227-153-4.plesk.page\/pt\/wp-json\/wp\/v2\/product\/751729","targetHints":{"allow":["GET"]}}],"collection":[{"href":"https:\/\/stoic-curie.212-227-153-4.plesk.page\/pt\/wp-json\/wp\/v2\/product"}],"about":[{"href":"https:\/\/stoic-curie.212-227-153-4.plesk.page\/pt\/wp-json\/wp\/v2\/types\/product"}],"replies":[{"embeddable":true,"href":"https:\/\/stoic-curie.212-227-153-4.plesk.page\/pt\/wp-json\/wp\/v2\/comments?post=751729"}],"version-history":[{"count":0,"href":"https:\/\/stoic-curie.212-227-153-4.plesk.page\/pt\/wp-json\/wp\/v2\/product\/751729\/revisions"}],"wp:featuredmedia":[{"embeddable":true,"href":"https:\/\/stoic-curie.212-227-153-4.plesk.page\/pt\/wp-json\/wp\/v2\/media\/5947685"}],"wp:attachment":[{"href":"https:\/\/stoic-curie.212-227-153-4.plesk.page\/pt\/wp-json\/wp\/v2\/media?parent=751729"}],"wp:term":[{"taxonomy":"product_brand","embeddable":true,"href":"https:\/\/stoic-curie.212-227-153-4.plesk.page\/pt\/wp-json\/wp\/v2\/product_brand?post=751729"},{"taxonomy":"product_cat","embeddable":true,"href":"https:\/\/stoic-curie.212-227-153-4.plesk.page\/pt\/wp-json\/wp\/v2\/product_cat?post=751729"},{"taxonomy":"product_tag","embeddable":true,"href":"https:\/\/stoic-curie.212-227-153-4.plesk.page\/pt\/wp-json\/wp\/v2\/product_tag?post=751729"}],"curies":[{"name":"wp","href":"https:\/\/api.w.org\/{rel}","templated":true}]}}