{"id":751730,"date":"2025-03-04T00:58:46","date_gmt":"2025-03-03T23:58:46","guid":{"rendered":"https:\/\/stoic-curie.212-227-153-4.plesk.page\/producto\/par-de-luzes-de-navegacao-led-attwood-preto-12v\/"},"modified":"2026-02-25T00:28:24","modified_gmt":"2026-02-25T00:28:24","slug":"par-de-luzes-de-navegacao-led-attwood-preto-12v","status":"publish","type":"product","link":"https:\/\/stoic-curie.212-227-153-4.plesk.page\/pt\/product\/par-de-luzes-de-navegacao-led-attwood-preto-12v\/","title":{"rendered":"Par de luzes de navega\u00e7\u00e3o LED Attwood preto 12v"},"content":{"rendered":"<p>Par de luzes de navega\u00e7\u00e3o LED Attwood preto 12v &#8211; <\/p>\n<p>Par de luzes de navega\u00e7\u00e3o LED vermelha\/verde Attwood 12V de montagem lateral com caixa composta IPX7. Certificadas CE-EN\/ISO19009:2015, COLREG e ABYC para embarca\u00e7\u00f5es de at\u00e9 20 metros.<\/p>\n","protected":false},"excerpt":{"rendered":"<p>Par de luzes de navega\u00e7\u00e3o LED Attwood preto 12v &#8211; Par de luzes de navega\u00e7\u00e3o LED vermelha\/verde Attwood 12V de<\/p>\n","protected":false},"featured_media":5947800,"comment_status":"open","ping_status":"closed","template":"","meta":[],"product_brand":[2807],"product_cat":[2023],"product_tag":[],"class_list":{"0":"post-751730","1":"product","2":"type-product","3":"status-publish","4":"has-post-thumbnail","6":"product_brand-attwood-pt","7":"product_cat-luzes-de-navegacao-led","9":"first","10":"instock","11":"shipping-taxable","12":"purchasable","13":"product-type-simple"},"_links":{"self":[{"href":"https:\/\/stoic-curie.212-227-153-4.plesk.page\/pt\/wp-json\/wp\/v2\/product\/751730","targetHints":{"allow":["GET"]}}],"collection":[{"href":"https:\/\/stoic-curie.212-227-153-4.plesk.page\/pt\/wp-json\/wp\/v2\/product"}],"about":[{"href":"https:\/\/stoic-curie.212-227-153-4.plesk.page\/pt\/wp-json\/wp\/v2\/types\/product"}],"replies":[{"embeddable":true,"href":"https:\/\/stoic-curie.212-227-153-4.plesk.page\/pt\/wp-json\/wp\/v2\/comments?post=751730"}],"version-history":[{"count":0,"href":"https:\/\/stoic-curie.212-227-153-4.plesk.page\/pt\/wp-json\/wp\/v2\/product\/751730\/revisions"}],"wp:featuredmedia":[{"embeddable":true,"href":"https:\/\/stoic-curie.212-227-153-4.plesk.page\/pt\/wp-json\/wp\/v2\/media\/5947800"}],"wp:attachment":[{"href":"https:\/\/stoic-curie.212-227-153-4.plesk.page\/pt\/wp-json\/wp\/v2\/media?parent=751730"}],"wp:term":[{"taxonomy":"product_brand","embeddable":true,"href":"https:\/\/stoic-curie.212-227-153-4.plesk.page\/pt\/wp-json\/wp\/v2\/product_brand?post=751730"},{"taxonomy":"product_cat","embeddable":true,"href":"https:\/\/stoic-curie.212-227-153-4.plesk.page\/pt\/wp-json\/wp\/v2\/product_cat?post=751730"},{"taxonomy":"product_tag","embeddable":true,"href":"https:\/\/stoic-curie.212-227-153-4.plesk.page\/pt\/wp-json\/wp\/v2\/product_tag?post=751730"}],"curies":[{"name":"wp","href":"https:\/\/api.w.org\/{rel}","templated":true}]}}