{"id":751732,"date":"2025-03-04T00:58:47","date_gmt":"2025-03-03T23:58:47","guid":{"rendered":"https:\/\/stoic-curie.212-227-153-4.plesk.page\/producto\/luz-de-navegacao-dhr-preta-verde-h154mm\/"},"modified":"2026-02-25T00:28:24","modified_gmt":"2026-02-25T00:28:24","slug":"luz-de-navegacao-dhr-preta-verde-h154mm","status":"publish","type":"product","link":"https:\/\/stoic-curie.212-227-153-4.plesk.page\/pt\/product\/luz-de-navegacao-dhr-preta-verde-h154mm\/","title":{"rendered":"Luz de Navega\u00e7\u00e3o DHR Preta-Verde H154mm"},"content":{"rendered":"<p>Luz de Navega\u00e7\u00e3o DHR Preta-Verde H154mm &#8211; <\/p>\n<p>Luzes de navega\u00e7\u00e3o DHR certificadas pela R.I.Na. Dimens\u00f5es 95 X H154 mm.<\/p>\n","protected":false},"excerpt":{"rendered":"<p>Luz de Navega\u00e7\u00e3o DHR Preta-Verde H154mm &#8211; Luzes de navega\u00e7\u00e3o DHR certificadas pela R.I.Na. Dimens\u00f5es 95 X H154 mm.<\/p>\n","protected":false},"featured_media":5947804,"comment_status":"open","ping_status":"closed","template":"","meta":[],"product_brand":[2882],"product_cat":[2028],"product_tag":[],"class_list":{"0":"post-751732","1":"product","2":"type-product","3":"status-publish","4":"has-post-thumbnail","6":"product_brand-dhr-pt","7":"product_cat-luzes-de-navegacao","9":"first","10":"instock","11":"shipping-taxable","12":"purchasable","13":"product-type-simple"},"_links":{"self":[{"href":"https:\/\/stoic-curie.212-227-153-4.plesk.page\/pt\/wp-json\/wp\/v2\/product\/751732","targetHints":{"allow":["GET"]}}],"collection":[{"href":"https:\/\/stoic-curie.212-227-153-4.plesk.page\/pt\/wp-json\/wp\/v2\/product"}],"about":[{"href":"https:\/\/stoic-curie.212-227-153-4.plesk.page\/pt\/wp-json\/wp\/v2\/types\/product"}],"replies":[{"embeddable":true,"href":"https:\/\/stoic-curie.212-227-153-4.plesk.page\/pt\/wp-json\/wp\/v2\/comments?post=751732"}],"version-history":[{"count":0,"href":"https:\/\/stoic-curie.212-227-153-4.plesk.page\/pt\/wp-json\/wp\/v2\/product\/751732\/revisions"}],"wp:featuredmedia":[{"embeddable":true,"href":"https:\/\/stoic-curie.212-227-153-4.plesk.page\/pt\/wp-json\/wp\/v2\/media\/5947804"}],"wp:attachment":[{"href":"https:\/\/stoic-curie.212-227-153-4.plesk.page\/pt\/wp-json\/wp\/v2\/media?parent=751732"}],"wp:term":[{"taxonomy":"product_brand","embeddable":true,"href":"https:\/\/stoic-curie.212-227-153-4.plesk.page\/pt\/wp-json\/wp\/v2\/product_brand?post=751732"},{"taxonomy":"product_cat","embeddable":true,"href":"https:\/\/stoic-curie.212-227-153-4.plesk.page\/pt\/wp-json\/wp\/v2\/product_cat?post=751732"},{"taxonomy":"product_tag","embeddable":true,"href":"https:\/\/stoic-curie.212-227-153-4.plesk.page\/pt\/wp-json\/wp\/v2\/product_tag?post=751732"}],"curies":[{"name":"wp","href":"https:\/\/api.w.org\/{rel}","templated":true}]}}