{"id":751741,"date":"2025-03-04T01:01:30","date_gmt":"2025-03-04T00:01:30","guid":{"rendered":"https:\/\/stoic-curie.212-227-153-4.plesk.page\/producto\/dhr-112-5-luz-de-navegacao-preto-verde\/"},"modified":"2026-02-25T00:28:24","modified_gmt":"2026-02-25T00:28:24","slug":"dhr-112-5-luz-de-navegacao-preto-verde","status":"publish","type":"product","link":"https:\/\/stoic-curie.212-227-153-4.plesk.page\/pt\/product\/dhr-112-5-luz-de-navegacao-preto-verde\/","title":{"rendered":"DHR 112.5? Luz de Navega\u00e7\u00e3o Preto-Verde"},"content":{"rendered":"<p>DHR 112.5? Luz de Navega\u00e7\u00e3o Preto-Verde &#8211; <\/p>\n<p>Luces de navegaci\u00f3n DHR para embarca\u00e7\u00f5es de at\u00e9 50 metros. \u00c0 prova d&#8217;\u00e1gua, n\u00e3o magn\u00e9ticas, com corpo de policarbonato carregado e lentes Fresnel \u00e0 prova de choque. Deve ser complementado com a l\u00e2mpada BAY15D. Certificado pela Bureau Veritas MED 2014\/90\/EU e em conformidade com COLREG\/IMO\/EN\/IEC.<\/p>\n","protected":false},"excerpt":{"rendered":"<p>DHR 112.5? Luz de Navega\u00e7\u00e3o Preto-Verde &#8211; Luces de navegaci\u00f3n DHR para embarca\u00e7\u00f5es de at\u00e9 50 metros. \u00c0 prova d&#8217;\u00e1gua,<\/p>\n","protected":false},"featured_media":5947828,"comment_status":"open","ping_status":"closed","template":"","meta":[],"product_brand":[2882],"product_cat":[2028],"product_tag":[],"class_list":{"0":"post-751741","1":"product","2":"type-product","3":"status-publish","4":"has-post-thumbnail","6":"product_brand-dhr-pt","7":"product_cat-luzes-de-navegacao","9":"first","10":"instock","11":"shipping-taxable","12":"purchasable","13":"product-type-simple"},"_links":{"self":[{"href":"https:\/\/stoic-curie.212-227-153-4.plesk.page\/pt\/wp-json\/wp\/v2\/product\/751741","targetHints":{"allow":["GET"]}}],"collection":[{"href":"https:\/\/stoic-curie.212-227-153-4.plesk.page\/pt\/wp-json\/wp\/v2\/product"}],"about":[{"href":"https:\/\/stoic-curie.212-227-153-4.plesk.page\/pt\/wp-json\/wp\/v2\/types\/product"}],"replies":[{"embeddable":true,"href":"https:\/\/stoic-curie.212-227-153-4.plesk.page\/pt\/wp-json\/wp\/v2\/comments?post=751741"}],"version-history":[{"count":0,"href":"https:\/\/stoic-curie.212-227-153-4.plesk.page\/pt\/wp-json\/wp\/v2\/product\/751741\/revisions"}],"wp:featuredmedia":[{"embeddable":true,"href":"https:\/\/stoic-curie.212-227-153-4.plesk.page\/pt\/wp-json\/wp\/v2\/media\/5947828"}],"wp:attachment":[{"href":"https:\/\/stoic-curie.212-227-153-4.plesk.page\/pt\/wp-json\/wp\/v2\/media?parent=751741"}],"wp:term":[{"taxonomy":"product_brand","embeddable":true,"href":"https:\/\/stoic-curie.212-227-153-4.plesk.page\/pt\/wp-json\/wp\/v2\/product_brand?post=751741"},{"taxonomy":"product_cat","embeddable":true,"href":"https:\/\/stoic-curie.212-227-153-4.plesk.page\/pt\/wp-json\/wp\/v2\/product_cat?post=751741"},{"taxonomy":"product_tag","embeddable":true,"href":"https:\/\/stoic-curie.212-227-153-4.plesk.page\/pt\/wp-json\/wp\/v2\/product_tag?post=751741"}],"curies":[{"name":"wp","href":"https:\/\/api.w.org\/{rel}","templated":true}]}}