{"id":751747,"date":"2025-03-04T01:03:51","date_gmt":"2025-03-04T00:03:51","guid":{"rendered":"https:\/\/stoic-curie.212-227-153-4.plesk.page\/producto\/luz-de-conves-branca-w-line-dual-colour-157-x-55-x-a42mm-608-flood-18w\/"},"modified":"2026-02-25T00:28:24","modified_gmt":"2026-02-25T00:28:24","slug":"luz-de-conves-branca-w-line-dual-colour-157-x-55-x-a42mm-608-flood-18w","status":"publish","type":"product","link":"https:\/\/stoic-curie.212-227-153-4.plesk.page\/pt\/product\/luz-de-conves-branca-w-line-dual-colour-157-x-55-x-a42mm-608-flood-18w\/","title":{"rendered":"Luz de Conv\u00e9s Branca W-Line Dual Colour 157 x 55 x A42mm 608 Flood 18w"},"content":{"rendered":"<p>Luz de Conv\u00e9s Branca W-Line Dual Colour 157 x 55 x A42mm 608 Flood 18w &#8211; <\/p>\n<p>Lanterna de LED de dupla cor \u00e0 prova d&#8217;\u00e1gua IP68 para cabine e conv\u00e9s. Corpo de liga de alum\u00ednio branco resistente \u00e0 corros\u00e3o, suporte de a\u00e7o inoxid\u00e1vel e lentes de policarbonato. Luz dupla selecion\u00e1vel de acordo com as necessidades no conv\u00e9s: luz branca ou luz azul. Tens\u00e3o de 9-32V. Pot\u00eancia de 18W. 1150 lumens. Luz branca de 5500\u00c2\u00b0K.<\/p>\n","protected":false},"excerpt":{"rendered":"<p>Luz de Conv\u00e9s Branca W-Line Dual Colour 157 x 55 x A42mm 608 Flood 18w &#8211; Lanterna de LED de<\/p>\n","protected":false},"featured_media":5947856,"comment_status":"open","ping_status":"closed","template":"","meta":[],"product_brand":[2168,3222],"product_cat":[2021],"product_tag":[],"class_list":{"0":"post-751747","1":"product","2":"type-product","3":"status-publish","4":"has-post-thumbnail","6":"product_brand-oceanled","7":"product_brand-oceanled-pt","8":"product_cat-projetores-e-holofotes","10":"first","11":"instock","12":"shipping-taxable","13":"purchasable","14":"product-type-simple"},"_links":{"self":[{"href":"https:\/\/stoic-curie.212-227-153-4.plesk.page\/pt\/wp-json\/wp\/v2\/product\/751747","targetHints":{"allow":["GET"]}}],"collection":[{"href":"https:\/\/stoic-curie.212-227-153-4.plesk.page\/pt\/wp-json\/wp\/v2\/product"}],"about":[{"href":"https:\/\/stoic-curie.212-227-153-4.plesk.page\/pt\/wp-json\/wp\/v2\/types\/product"}],"replies":[{"embeddable":true,"href":"https:\/\/stoic-curie.212-227-153-4.plesk.page\/pt\/wp-json\/wp\/v2\/comments?post=751747"}],"version-history":[{"count":0,"href":"https:\/\/stoic-curie.212-227-153-4.plesk.page\/pt\/wp-json\/wp\/v2\/product\/751747\/revisions"}],"wp:featuredmedia":[{"embeddable":true,"href":"https:\/\/stoic-curie.212-227-153-4.plesk.page\/pt\/wp-json\/wp\/v2\/media\/5947856"}],"wp:attachment":[{"href":"https:\/\/stoic-curie.212-227-153-4.plesk.page\/pt\/wp-json\/wp\/v2\/media?parent=751747"}],"wp:term":[{"taxonomy":"product_brand","embeddable":true,"href":"https:\/\/stoic-curie.212-227-153-4.plesk.page\/pt\/wp-json\/wp\/v2\/product_brand?post=751747"},{"taxonomy":"product_cat","embeddable":true,"href":"https:\/\/stoic-curie.212-227-153-4.plesk.page\/pt\/wp-json\/wp\/v2\/product_cat?post=751747"},{"taxonomy":"product_tag","embeddable":true,"href":"https:\/\/stoic-curie.212-227-153-4.plesk.page\/pt\/wp-json\/wp\/v2\/product_tag?post=751747"}],"curies":[{"name":"wp","href":"https:\/\/api.w.org\/{rel}","templated":true}]}}