{"id":751749,"date":"2025-03-04T01:03:52","date_gmt":"2025-03-04T00:03:52","guid":{"rendered":"https:\/\/stoic-curie.212-227-153-4.plesk.page\/producto\/holofote-halogeneo-100wt-12v\/"},"modified":"2026-02-25T00:28:24","modified_gmt":"2026-02-25T00:28:24","slug":"holofote-halogeneo-100wt-12v","status":"publish","type":"product","link":"https:\/\/stoic-curie.212-227-153-4.plesk.page\/pt\/product\/holofote-halogeneo-100wt-12v\/","title":{"rendered":"Holofote Halog\u00e9neo 100wt 12v"},"content":{"rendered":"<p>Holofote Halog\u00e9neo 100wt 12v &#8211; <\/p>\n<p>Holofote hal\u00f3geno ajust\u00e1vel e \u00e0 prova d&#8217;\u00e1gua com pega e bot\u00f5es. Base em lat\u00e3o cromado com pino remov\u00edvel. Fonte de alimenta\u00e7\u00e3o com cabo extens\u00edvel de 1,5 m, completo com plugue e tomada de 12V. Interruptor de alavanca para ativa\u00e7\u00e3o do modo de luz difusa ou concentrada. Bra\u00e7adeira opcional para conex\u00e3o de tubo de 22 mm. Estojo de l\u00e2mpada com di\u00e2metro de 150 mm e altura total de 240 mm na base.<\/p>\n","protected":false},"excerpt":{"rendered":"<p>Holofote Halog\u00e9neo 100wt 12v &#8211; Holofote hal\u00f3geno ajust\u00e1vel e \u00e0 prova d&#8217;\u00e1gua com pega e bot\u00f5es. Base em lat\u00e3o cromado<\/p>\n","protected":false},"featured_media":5947864,"comment_status":"open","ping_status":"closed","template":"","meta":[],"product_brand":[3237],"product_cat":[2021],"product_tag":[],"class_list":{"0":"post-751749","1":"product","2":"type-product","3":"status-publish","4":"has-post-thumbnail","6":"product_brand-osculati-pt","7":"product_cat-projetores-e-holofotes","9":"first","10":"instock","11":"shipping-taxable","12":"purchasable","13":"product-type-simple"},"_links":{"self":[{"href":"https:\/\/stoic-curie.212-227-153-4.plesk.page\/pt\/wp-json\/wp\/v2\/product\/751749","targetHints":{"allow":["GET"]}}],"collection":[{"href":"https:\/\/stoic-curie.212-227-153-4.plesk.page\/pt\/wp-json\/wp\/v2\/product"}],"about":[{"href":"https:\/\/stoic-curie.212-227-153-4.plesk.page\/pt\/wp-json\/wp\/v2\/types\/product"}],"replies":[{"embeddable":true,"href":"https:\/\/stoic-curie.212-227-153-4.plesk.page\/pt\/wp-json\/wp\/v2\/comments?post=751749"}],"version-history":[{"count":0,"href":"https:\/\/stoic-curie.212-227-153-4.plesk.page\/pt\/wp-json\/wp\/v2\/product\/751749\/revisions"}],"wp:featuredmedia":[{"embeddable":true,"href":"https:\/\/stoic-curie.212-227-153-4.plesk.page\/pt\/wp-json\/wp\/v2\/media\/5947864"}],"wp:attachment":[{"href":"https:\/\/stoic-curie.212-227-153-4.plesk.page\/pt\/wp-json\/wp\/v2\/media?parent=751749"}],"wp:term":[{"taxonomy":"product_brand","embeddable":true,"href":"https:\/\/stoic-curie.212-227-153-4.plesk.page\/pt\/wp-json\/wp\/v2\/product_brand?post=751749"},{"taxonomy":"product_cat","embeddable":true,"href":"https:\/\/stoic-curie.212-227-153-4.plesk.page\/pt\/wp-json\/wp\/v2\/product_cat?post=751749"},{"taxonomy":"product_tag","embeddable":true,"href":"https:\/\/stoic-curie.212-227-153-4.plesk.page\/pt\/wp-json\/wp\/v2\/product_tag?post=751749"}],"curies":[{"name":"wp","href":"https:\/\/api.w.org\/{rel}","templated":true}]}}