{"id":751750,"date":"2025-03-04T01:03:52","date_gmt":"2025-03-04T00:03:52","guid":{"rendered":"https:\/\/stoic-curie.212-227-153-4.plesk.page\/producto\/luz-de-sinalizacao-led-savior-98mm\/"},"modified":"2026-02-25T00:28:24","modified_gmt":"2026-02-25T00:28:24","slug":"luz-de-sinalizacao-led-savior-98mm","status":"publish","type":"product","link":"https:\/\/stoic-curie.212-227-153-4.plesk.page\/pt\/product\/luz-de-sinalizacao-led-savior-98mm\/","title":{"rendered":"Luz de Sinaliza\u00e7\u00e3o LED Savior 98mm"},"content":{"rendered":"<p>Luz de Sinaliza\u00e7\u00e3o LED Savior 98mm &#8211; <\/p>\n<p>Lanterna LED de sinaliza\u00e7\u00e3o ideal para se tornar vis\u00edvel em uma emerg\u00eancia ou em qualquer tipo de atividade n\u00e1utica ou no cais. Produz 9 tipos diferentes de luz continuamente ou intermitentemente, com 40 horas de autonomia. Case \u00e0 prova d&#8217;\u00e1gua IP65, resistente a choques, com gancho e fixa\u00e7\u00e3o magn\u00e9tica, alimenta\u00e7\u00e3o com 3 baterias AAA (n\u00e3o inclu\u00eddas). O pacote inclui 3 luzes com uma bolsa de armazenamento.<\/p>\n","protected":false},"excerpt":{"rendered":"<p>Luz de Sinaliza\u00e7\u00e3o LED Savior 98mm &#8211; Lanterna LED de sinaliza\u00e7\u00e3o ideal para se tornar vis\u00edvel em uma emerg\u00eancia ou<\/p>\n","protected":false},"featured_media":5947876,"comment_status":"open","ping_status":"closed","template":"","meta":[],"product_brand":[3222],"product_cat":[1892,1891,2025],"product_tag":[],"class_list":{"0":"post-751750","1":"product","2":"type-product","3":"status-publish","4":"has-post-thumbnail","6":"product_brand-oceanled-pt","7":"product_cat-acessorios-de-seguranca","8":"product_cat-boias-e-retinidas-salva-vidas","9":"product_cat-lanternas","11":"first","12":"instock","13":"shipping-taxable","14":"purchasable","15":"product-type-simple"},"_links":{"self":[{"href":"https:\/\/stoic-curie.212-227-153-4.plesk.page\/pt\/wp-json\/wp\/v2\/product\/751750","targetHints":{"allow":["GET"]}}],"collection":[{"href":"https:\/\/stoic-curie.212-227-153-4.plesk.page\/pt\/wp-json\/wp\/v2\/product"}],"about":[{"href":"https:\/\/stoic-curie.212-227-153-4.plesk.page\/pt\/wp-json\/wp\/v2\/types\/product"}],"replies":[{"embeddable":true,"href":"https:\/\/stoic-curie.212-227-153-4.plesk.page\/pt\/wp-json\/wp\/v2\/comments?post=751750"}],"version-history":[{"count":0,"href":"https:\/\/stoic-curie.212-227-153-4.plesk.page\/pt\/wp-json\/wp\/v2\/product\/751750\/revisions"}],"wp:featuredmedia":[{"embeddable":true,"href":"https:\/\/stoic-curie.212-227-153-4.plesk.page\/pt\/wp-json\/wp\/v2\/media\/5947876"}],"wp:attachment":[{"href":"https:\/\/stoic-curie.212-227-153-4.plesk.page\/pt\/wp-json\/wp\/v2\/media?parent=751750"}],"wp:term":[{"taxonomy":"product_brand","embeddable":true,"href":"https:\/\/stoic-curie.212-227-153-4.plesk.page\/pt\/wp-json\/wp\/v2\/product_brand?post=751750"},{"taxonomy":"product_cat","embeddable":true,"href":"https:\/\/stoic-curie.212-227-153-4.plesk.page\/pt\/wp-json\/wp\/v2\/product_cat?post=751750"},{"taxonomy":"product_tag","embeddable":true,"href":"https:\/\/stoic-curie.212-227-153-4.plesk.page\/pt\/wp-json\/wp\/v2\/product_tag?post=751750"}],"curies":[{"name":"wp","href":"https:\/\/api.w.org\/{rel}","templated":true}]}}