{"id":751754,"date":"2025-03-04T01:03:53","date_gmt":"2025-03-04T00:03:53","guid":{"rendered":"https:\/\/stoic-curie.212-227-153-4.plesk.page\/producto\/visao-noturna-konuspy\/"},"modified":"2026-02-25T00:28:24","modified_gmt":"2026-02-25T00:28:24","slug":"visao-noturna-konuspy","status":"publish","type":"product","link":"https:\/\/stoic-curie.212-227-153-4.plesk.page\/pt\/product\/visao-noturna-konuspy\/","title":{"rendered":"Vis\u00e3o Noturna Konuspy"},"content":{"rendered":"<p>Vis\u00e3o Noturna Konuspy &#8211; <\/p>\n<p>Mon\u00f3culo digital de vis\u00e3o noturna. \u00d3ptica excepcionalmente brilhante para uma imagem n\u00edtida e de alta resolu\u00e7\u00e3o. Dist\u00e2ncia m\u00e1xima de observa\u00e7\u00e3o de 300 m. Fun\u00e7\u00e3o de grava\u00e7\u00e3o de fotos e v\u00eddeos em Full HD. Completo com cabo A\/V, cabo USB e cart\u00e3o SD de 8 GB para grava\u00e7\u00e3o de imagens. Funciona com 2 baterias 18650. Estrutura forte e resistente ao estresse com revestimento de borracha para um agarre mais seguro. Inclui estojo.<\/p>\n","protected":false},"excerpt":{"rendered":"<p>Vis\u00e3o Noturna Konuspy &#8211; Mon\u00f3culo digital de vis\u00e3o noturna. \u00d3ptica excepcionalmente brilhante para uma imagem n\u00edtida e de alta resolu\u00e7\u00e3o.<\/p>\n","protected":false},"featured_media":5947938,"comment_status":"open","ping_status":"closed","template":"","meta":[],"product_brand":[3057],"product_cat":[2066],"product_tag":[],"class_list":{"0":"post-751754","1":"product","2":"type-product","3":"status-publish","4":"has-post-thumbnail","6":"product_brand-konus-pt","7":"product_cat-binoculos","9":"first","10":"instock","11":"shipping-taxable","12":"purchasable","13":"product-type-simple"},"_links":{"self":[{"href":"https:\/\/stoic-curie.212-227-153-4.plesk.page\/pt\/wp-json\/wp\/v2\/product\/751754","targetHints":{"allow":["GET"]}}],"collection":[{"href":"https:\/\/stoic-curie.212-227-153-4.plesk.page\/pt\/wp-json\/wp\/v2\/product"}],"about":[{"href":"https:\/\/stoic-curie.212-227-153-4.plesk.page\/pt\/wp-json\/wp\/v2\/types\/product"}],"replies":[{"embeddable":true,"href":"https:\/\/stoic-curie.212-227-153-4.plesk.page\/pt\/wp-json\/wp\/v2\/comments?post=751754"}],"version-history":[{"count":0,"href":"https:\/\/stoic-curie.212-227-153-4.plesk.page\/pt\/wp-json\/wp\/v2\/product\/751754\/revisions"}],"wp:featuredmedia":[{"embeddable":true,"href":"https:\/\/stoic-curie.212-227-153-4.plesk.page\/pt\/wp-json\/wp\/v2\/media\/5947938"}],"wp:attachment":[{"href":"https:\/\/stoic-curie.212-227-153-4.plesk.page\/pt\/wp-json\/wp\/v2\/media?parent=751754"}],"wp:term":[{"taxonomy":"product_brand","embeddable":true,"href":"https:\/\/stoic-curie.212-227-153-4.plesk.page\/pt\/wp-json\/wp\/v2\/product_brand?post=751754"},{"taxonomy":"product_cat","embeddable":true,"href":"https:\/\/stoic-curie.212-227-153-4.plesk.page\/pt\/wp-json\/wp\/v2\/product_cat?post=751754"},{"taxonomy":"product_tag","embeddable":true,"href":"https:\/\/stoic-curie.212-227-153-4.plesk.page\/pt\/wp-json\/wp\/v2\/product_tag?post=751754"}],"curies":[{"name":"wp","href":"https:\/\/api.w.org\/{rel}","templated":true}]}}