{"id":751756,"date":"2025-03-04T01:03:54","date_gmt":"2025-03-04T00:03:54","guid":{"rendered":"https:\/\/stoic-curie.212-227-153-4.plesk.page\/producto\/binoculo-konus-sporty-7-x-50\/"},"modified":"2026-02-25T00:28:24","modified_gmt":"2026-02-25T00:28:24","slug":"binoculo-konus-sporty-7-x-50","status":"publish","type":"product","link":"https:\/\/stoic-curie.212-227-153-4.plesk.page\/pt\/product\/binoculo-konus-sporty-7-x-50\/","title":{"rendered":"Bin\u00f3culo Konus Sporty 7 x 50"},"content":{"rendered":"<p>Bin\u00f3culo Konus Sporty 7 x 50 &#8211; <\/p>\n<p>Bin\u00f3culos recreativos com foco fixo a partir de 20 metros. Vers\u00e1teis e sempre prontos para uso. \u00d3ptica extremamente brilhante para uma imagem n\u00edtida de alta resolu\u00e7\u00e3o. Estrutura resistente, revestida de borracha e \u00e0 prova de choque para melhor ader\u00eancia. Fornecido com pano de limpeza, tira de ombro e capas de lentes.<\/p>\n","protected":false},"excerpt":{"rendered":"<p>Bin\u00f3culo Konus Sporty 7 x 50 &#8211; Bin\u00f3culos recreativos com foco fixo a partir de 20 metros. Vers\u00e1teis e sempre<\/p>\n","protected":false},"featured_media":5947939,"comment_status":"open","ping_status":"closed","template":"","meta":[],"product_brand":[3057],"product_cat":[2066],"product_tag":[],"class_list":{"0":"post-751756","1":"product","2":"type-product","3":"status-publish","4":"has-post-thumbnail","6":"product_brand-konus-pt","7":"product_cat-binoculos","9":"first","10":"instock","11":"shipping-taxable","12":"purchasable","13":"product-type-simple"},"_links":{"self":[{"href":"https:\/\/stoic-curie.212-227-153-4.plesk.page\/pt\/wp-json\/wp\/v2\/product\/751756","targetHints":{"allow":["GET"]}}],"collection":[{"href":"https:\/\/stoic-curie.212-227-153-4.plesk.page\/pt\/wp-json\/wp\/v2\/product"}],"about":[{"href":"https:\/\/stoic-curie.212-227-153-4.plesk.page\/pt\/wp-json\/wp\/v2\/types\/product"}],"replies":[{"embeddable":true,"href":"https:\/\/stoic-curie.212-227-153-4.plesk.page\/pt\/wp-json\/wp\/v2\/comments?post=751756"}],"version-history":[{"count":0,"href":"https:\/\/stoic-curie.212-227-153-4.plesk.page\/pt\/wp-json\/wp\/v2\/product\/751756\/revisions"}],"wp:featuredmedia":[{"embeddable":true,"href":"https:\/\/stoic-curie.212-227-153-4.plesk.page\/pt\/wp-json\/wp\/v2\/media\/5947939"}],"wp:attachment":[{"href":"https:\/\/stoic-curie.212-227-153-4.plesk.page\/pt\/wp-json\/wp\/v2\/media?parent=751756"}],"wp:term":[{"taxonomy":"product_brand","embeddable":true,"href":"https:\/\/stoic-curie.212-227-153-4.plesk.page\/pt\/wp-json\/wp\/v2\/product_brand?post=751756"},{"taxonomy":"product_cat","embeddable":true,"href":"https:\/\/stoic-curie.212-227-153-4.plesk.page\/pt\/wp-json\/wp\/v2\/product_cat?post=751756"},{"taxonomy":"product_tag","embeddable":true,"href":"https:\/\/stoic-curie.212-227-153-4.plesk.page\/pt\/wp-json\/wp\/v2\/product_tag?post=751756"}],"curies":[{"name":"wp","href":"https:\/\/api.w.org\/{rel}","templated":true}]}}