{"id":751757,"date":"2025-03-04T01:03:54","date_gmt":"2025-03-04T00:03:54","guid":{"rendered":"https:\/\/stoic-curie.212-227-153-4.plesk.page\/producto\/kit-de-instrumentos-para-navegacao-l\/"},"modified":"2026-02-25T00:28:24","modified_gmt":"2026-02-25T00:28:24","slug":"kit-de-instrumentos-para-navegacao-l","status":"publish","type":"product","link":"https:\/\/stoic-curie.212-227-153-4.plesk.page\/pt\/product\/kit-de-instrumentos-para-navegacao-l\/","title":{"rendered":"Kit de Instrumentos para Navega\u00e7\u00e3o L"},"content":{"rendered":"<p>Kit de Instrumentos para Navega\u00e7\u00e3o L &#8211; <\/p>\n<p>Conjunto completo de navega\u00e7\u00e3o para a licen\u00e7a de barco. Cont\u00e9m: <br \/>1 r\u00e9gua paralela <br \/>1 divisor de m\u00e3o <br \/>1 goni\u00f3metro <br \/>1 transferidor triangular 2430025 <br \/>1 plotador de cursos 2438200<\/p>\n","protected":false},"excerpt":{"rendered":"<p>Kit de Instrumentos para Navega\u00e7\u00e3o L &#8211; Conjunto completo de navega\u00e7\u00e3o para a licen\u00e7a de barco. Cont\u00e9m: 1 r\u00e9gua paralela<\/p>\n","protected":false},"featured_media":5947943,"comment_status":"open","ping_status":"closed","template":"","meta":[],"product_brand":[2877],"product_cat":[2061],"product_tag":[],"class_list":{"0":"post-751757","1":"product","2":"type-product","3":"status-publish","4":"has-post-thumbnail","6":"product_brand-davis-pt","7":"product_cat-instrumentos-de-navegacao","9":"first","10":"instock","11":"shipping-taxable","12":"purchasable","13":"product-type-simple"},"_links":{"self":[{"href":"https:\/\/stoic-curie.212-227-153-4.plesk.page\/pt\/wp-json\/wp\/v2\/product\/751757","targetHints":{"allow":["GET"]}}],"collection":[{"href":"https:\/\/stoic-curie.212-227-153-4.plesk.page\/pt\/wp-json\/wp\/v2\/product"}],"about":[{"href":"https:\/\/stoic-curie.212-227-153-4.plesk.page\/pt\/wp-json\/wp\/v2\/types\/product"}],"replies":[{"embeddable":true,"href":"https:\/\/stoic-curie.212-227-153-4.plesk.page\/pt\/wp-json\/wp\/v2\/comments?post=751757"}],"version-history":[{"count":0,"href":"https:\/\/stoic-curie.212-227-153-4.plesk.page\/pt\/wp-json\/wp\/v2\/product\/751757\/revisions"}],"wp:featuredmedia":[{"embeddable":true,"href":"https:\/\/stoic-curie.212-227-153-4.plesk.page\/pt\/wp-json\/wp\/v2\/media\/5947943"}],"wp:attachment":[{"href":"https:\/\/stoic-curie.212-227-153-4.plesk.page\/pt\/wp-json\/wp\/v2\/media?parent=751757"}],"wp:term":[{"taxonomy":"product_brand","embeddable":true,"href":"https:\/\/stoic-curie.212-227-153-4.plesk.page\/pt\/wp-json\/wp\/v2\/product_brand?post=751757"},{"taxonomy":"product_cat","embeddable":true,"href":"https:\/\/stoic-curie.212-227-153-4.plesk.page\/pt\/wp-json\/wp\/v2\/product_cat?post=751757"},{"taxonomy":"product_tag","embeddable":true,"href":"https:\/\/stoic-curie.212-227-153-4.plesk.page\/pt\/wp-json\/wp\/v2\/product_tag?post=751757"}],"curies":[{"name":"wp","href":"https:\/\/api.w.org\/{rel}","templated":true}]}}