{"id":751761,"date":"2025-03-04T01:03:56","date_gmt":"2025-03-04T00:03:56","guid":{"rendered":"https:\/\/stoic-curie.212-227-153-4.plesk.page\/producto\/riviera-zenith-bz3-padrao-preto\/"},"modified":"2026-02-25T00:28:24","modified_gmt":"2026-02-25T00:28:24","slug":"riviera-zenith-bz3-padrao-preto","status":"publish","type":"product","link":"https:\/\/stoic-curie.212-227-153-4.plesk.page\/pt\/product\/riviera-zenith-bz3-padrao-preto\/","title":{"rendered":"Riviera Zenith BZ3 padr\u00e3o &#8211; preto"},"content":{"rendered":"<p>Riviera Zenith BZ3 padr\u00e3o &#8211; preto &#8211; <\/p>\n<p>Busola de montagem no conv\u00e9s Zenith BZ1 com tela anti-reflexo.<br \/>Vers\u00e3o padr\u00e3o e alta velocidade para barcos r\u00e1pidos.<br \/>\u2022 Configura\u00e7\u00e3o de compensa\u00e7\u00e3o embutida<br \/>\u2022 Gimbal interno<br \/>\u2022 Ilumina\u00e7\u00e3o: 12V (24V sob solicita\u00e7\u00e3o)<br \/>\u2022 Di\u00e2metro aparente do cart\u00e3o 3&#8243; &#8211; 80 mm<br \/>\u2022 Leitura de fundo (gradua\u00e7\u00e3o do cart\u00e3o 5\u00b0)<br \/>\u2022 Para barcos padr\u00e3o e de alta velocidade<br \/>\u2022 Garantia de 3 anos<br \/>* Certifica\u00e7\u00e3o MED (se necess\u00e1rio) deve ser solicitada antes da compra<\/p>\n","protected":false},"excerpt":{"rendered":"<p>Riviera Zenith BZ3 padr\u00e3o &#8211; preto &#8211; Busola de montagem no conv\u00e9s Zenith BZ1 com tela anti-reflexo.Vers\u00e3o padr\u00e3o e alta<\/p>\n","protected":false},"featured_media":5947955,"comment_status":"open","ping_status":"closed","template":"","meta":[],"product_brand":[3307],"product_cat":[2067],"product_tag":[],"class_list":{"0":"post-751761","1":"product","2":"type-product","3":"status-publish","4":"has-post-thumbnail","6":"product_brand-riviera-pt","7":"product_cat-bussola-de-navegacao","9":"first","10":"instock","11":"shipping-taxable","12":"purchasable","13":"product-type-simple"},"_links":{"self":[{"href":"https:\/\/stoic-curie.212-227-153-4.plesk.page\/pt\/wp-json\/wp\/v2\/product\/751761","targetHints":{"allow":["GET"]}}],"collection":[{"href":"https:\/\/stoic-curie.212-227-153-4.plesk.page\/pt\/wp-json\/wp\/v2\/product"}],"about":[{"href":"https:\/\/stoic-curie.212-227-153-4.plesk.page\/pt\/wp-json\/wp\/v2\/types\/product"}],"replies":[{"embeddable":true,"href":"https:\/\/stoic-curie.212-227-153-4.plesk.page\/pt\/wp-json\/wp\/v2\/comments?post=751761"}],"version-history":[{"count":0,"href":"https:\/\/stoic-curie.212-227-153-4.plesk.page\/pt\/wp-json\/wp\/v2\/product\/751761\/revisions"}],"wp:featuredmedia":[{"embeddable":true,"href":"https:\/\/stoic-curie.212-227-153-4.plesk.page\/pt\/wp-json\/wp\/v2\/media\/5947955"}],"wp:attachment":[{"href":"https:\/\/stoic-curie.212-227-153-4.plesk.page\/pt\/wp-json\/wp\/v2\/media?parent=751761"}],"wp:term":[{"taxonomy":"product_brand","embeddable":true,"href":"https:\/\/stoic-curie.212-227-153-4.plesk.page\/pt\/wp-json\/wp\/v2\/product_brand?post=751761"},{"taxonomy":"product_cat","embeddable":true,"href":"https:\/\/stoic-curie.212-227-153-4.plesk.page\/pt\/wp-json\/wp\/v2\/product_cat?post=751761"},{"taxonomy":"product_tag","embeddable":true,"href":"https:\/\/stoic-curie.212-227-153-4.plesk.page\/pt\/wp-json\/wp\/v2\/product_tag?post=751761"}],"curies":[{"name":"wp","href":"https:\/\/api.w.org\/{rel}","templated":true}]}}