{"id":751764,"date":"2025-03-04T01:03:57","date_gmt":"2025-03-04T00:03:57","guid":{"rendered":"https:\/\/stoic-curie.212-227-153-4.plesk.page\/producto\/kit-raymarine-i40-bidata\/"},"modified":"2026-02-25T00:28:24","modified_gmt":"2026-02-25T00:28:24","slug":"kit-raymarine-i40-bidata","status":"publish","type":"product","link":"https:\/\/stoic-curie.212-227-153-4.plesk.page\/pt\/product\/kit-raymarine-i40-bidata\/","title":{"rendered":"Kit Raymarine I40 Bidata"},"content":{"rendered":"<p>Kit Raymarine I40 Bidata &#8211; <\/p>\n<p>Instrumento compacto e funcional Raymarine i40 Bidata Pack com um display LCD de 28 mm de d\u00edgitos grandes e de f\u00e1cil leitura. Integra-se completamente com todos os equipamentos de navega\u00e7\u00e3o Raymarine. Mostra a velocidade, profundidade, di\u00e1rio de viagem e temperatura da \u00e1gua do mar, permitindo a exibi\u00e7\u00e3o simult\u00e2nea de mais dados. Completo com transdutores pl\u00e1sticos P371 para velocidade\/temp e P7 para profundidade.<\/p>\n","protected":false},"excerpt":{"rendered":"<p>Kit Raymarine I40 Bidata &#8211; Instrumento compacto e funcional Raymarine i40 Bidata Pack com um display LCD de 28 mm<\/p>\n","protected":false},"featured_media":5947965,"comment_status":"open","ping_status":"closed","template":"","meta":[],"product_brand":[3302],"product_cat":[2031],"product_tag":[],"class_list":{"0":"post-751764","1":"product","2":"type-product","3":"status-publish","4":"has-post-thumbnail","6":"product_brand-raymarine-pt","7":"product_cat-equipamento-eletronico","9":"first","10":"instock","11":"shipping-taxable","12":"purchasable","13":"product-type-simple"},"_links":{"self":[{"href":"https:\/\/stoic-curie.212-227-153-4.plesk.page\/pt\/wp-json\/wp\/v2\/product\/751764","targetHints":{"allow":["GET"]}}],"collection":[{"href":"https:\/\/stoic-curie.212-227-153-4.plesk.page\/pt\/wp-json\/wp\/v2\/product"}],"about":[{"href":"https:\/\/stoic-curie.212-227-153-4.plesk.page\/pt\/wp-json\/wp\/v2\/types\/product"}],"replies":[{"embeddable":true,"href":"https:\/\/stoic-curie.212-227-153-4.plesk.page\/pt\/wp-json\/wp\/v2\/comments?post=751764"}],"version-history":[{"count":0,"href":"https:\/\/stoic-curie.212-227-153-4.plesk.page\/pt\/wp-json\/wp\/v2\/product\/751764\/revisions"}],"wp:featuredmedia":[{"embeddable":true,"href":"https:\/\/stoic-curie.212-227-153-4.plesk.page\/pt\/wp-json\/wp\/v2\/media\/5947965"}],"wp:attachment":[{"href":"https:\/\/stoic-curie.212-227-153-4.plesk.page\/pt\/wp-json\/wp\/v2\/media?parent=751764"}],"wp:term":[{"taxonomy":"product_brand","embeddable":true,"href":"https:\/\/stoic-curie.212-227-153-4.plesk.page\/pt\/wp-json\/wp\/v2\/product_brand?post=751764"},{"taxonomy":"product_cat","embeddable":true,"href":"https:\/\/stoic-curie.212-227-153-4.plesk.page\/pt\/wp-json\/wp\/v2\/product_cat?post=751764"},{"taxonomy":"product_tag","embeddable":true,"href":"https:\/\/stoic-curie.212-227-153-4.plesk.page\/pt\/wp-json\/wp\/v2\/product_tag?post=751764"}],"curies":[{"name":"wp","href":"https:\/\/api.w.org\/{rel}","templated":true}]}}