{"id":751772,"date":"2025-03-04T01:03:59","date_gmt":"2025-03-04T00:03:59","guid":{"rendered":"https:\/\/stoic-curie.212-227-153-4.plesk.page\/producto\/raymarine-ap-st2000\/"},"modified":"2026-02-25T00:28:24","modified_gmt":"2026-02-25T00:28:24","slug":"raymarine-ap-st2000","status":"publish","type":"product","link":"https:\/\/stoic-curie.212-227-153-4.plesk.page\/pt\/product\/raymarine-ap-st2000\/","title":{"rendered":"Raymarine ST2000 Plus"},"content":{"rendered":"<p>Raymarine ST2000 Plus &#8211; <\/p>\n<p>O piloto autom\u00e1tico Raymarine ST2000 \u00e9 projetado e engenheirado meticulosamente especificamente para embarca\u00e7\u00f5es que utilizam sistemas de leme. Esses pilotos autom\u00e1ticos avan\u00e7ados v\u00eam equipados com uma variedade de recursos que aprimoram sua experi\u00eancia de navega\u00e7\u00e3o. Um dos destaques \u00e9 a fun\u00e7\u00e3o AutoTack, que manobra automaticamente o barco durante as manobras de mudan\u00e7a de borda. Isso permite que voc\u00ea mantenha as m\u00e3os livres para gerenciar as velas e outras tarefas essenciais, garantindo uma experi\u00eancia de navega\u00e7\u00e3o mais suave e eficiente. Al\u00e9m disso, a fun\u00e7\u00e3o AutoSeastate \u00e9 projetada de forma inteligente para manter seu curso enquanto minimiza simultaneamente o consumo de energia, tornando-se uma escolha ecol\u00f3gica para os marinheiros.<\/p>\n<p>Voc\u00ea tem a flexibilidade de operar o piloto autom\u00e1tico como um dispositivo aut\u00f4nomo ou conect\u00e1-lo a um sistema GPS SeaTalk\/NMEA para capacidades de navega\u00e7\u00e3o aprimoradas. \u00c9 importante notar que este piloto autom\u00e1tico \u00e9 recomend\u00e1vel para embarca\u00e7\u00f5es com uma capacidade m\u00e1xima de peso de 4.500 kg (10.000 lbs). Tenha em mente que o peso totalmente carregado do seu barco \u00e9 geralmente cerca de 20% maior do que seu deslocamento pretendido, portanto, \u00e9 crucial considerar isso ao fazer sua escolha.<\/p>\n<p>Para maior conveni\u00eancia, a Raymarine tamb\u00e9m oferece um controle remoto sem fio opcional S100. Este controle inclui um receptor de esta\u00e7\u00e3o base, permitindo que voc\u00ea opere o piloto autom\u00e1tico \u00e0 dist\u00e2ncia, o que pode ser especialmente \u00fatil quando voc\u00ea precisa se mover pelo conv\u00e9s ou atender a outras tarefas enquanto navega. Essa combina\u00e7\u00e3o de recursos torna o Raymarine ST2000 uma excelente escolha para qualquer marinheiro que busca aprimorar sua experi\u00eancia de navega\u00e7\u00e3o.<\/p>\n","protected":false},"excerpt":{"rendered":"<p>Raymarine ST2000 Plus &#8211; O piloto autom\u00e1tico Raymarine ST2000 \u00e9 projetado e engenheirado meticulosamente especificamente para embarca\u00e7\u00f5es que utilizam sistemas<\/p>\n","protected":false},"featured_media":5947981,"comment_status":"open","ping_status":"closed","template":"","meta":[],"product_brand":[3302],"product_cat":[2031],"product_tag":[],"class_list":{"0":"post-751772","1":"product","2":"type-product","3":"status-publish","4":"has-post-thumbnail","6":"product_brand-raymarine-pt","7":"product_cat-equipamento-eletronico","9":"first","10":"instock","11":"shipping-taxable","12":"purchasable","13":"product-type-simple"},"_links":{"self":[{"href":"https:\/\/stoic-curie.212-227-153-4.plesk.page\/pt\/wp-json\/wp\/v2\/product\/751772","targetHints":{"allow":["GET"]}}],"collection":[{"href":"https:\/\/stoic-curie.212-227-153-4.plesk.page\/pt\/wp-json\/wp\/v2\/product"}],"about":[{"href":"https:\/\/stoic-curie.212-227-153-4.plesk.page\/pt\/wp-json\/wp\/v2\/types\/product"}],"replies":[{"embeddable":true,"href":"https:\/\/stoic-curie.212-227-153-4.plesk.page\/pt\/wp-json\/wp\/v2\/comments?post=751772"}],"version-history":[{"count":0,"href":"https:\/\/stoic-curie.212-227-153-4.plesk.page\/pt\/wp-json\/wp\/v2\/product\/751772\/revisions"}],"wp:featuredmedia":[{"embeddable":true,"href":"https:\/\/stoic-curie.212-227-153-4.plesk.page\/pt\/wp-json\/wp\/v2\/media\/5947981"}],"wp:attachment":[{"href":"https:\/\/stoic-curie.212-227-153-4.plesk.page\/pt\/wp-json\/wp\/v2\/media?parent=751772"}],"wp:term":[{"taxonomy":"product_brand","embeddable":true,"href":"https:\/\/stoic-curie.212-227-153-4.plesk.page\/pt\/wp-json\/wp\/v2\/product_brand?post=751772"},{"taxonomy":"product_cat","embeddable":true,"href":"https:\/\/stoic-curie.212-227-153-4.plesk.page\/pt\/wp-json\/wp\/v2\/product_cat?post=751772"},{"taxonomy":"product_tag","embeddable":true,"href":"https:\/\/stoic-curie.212-227-153-4.plesk.page\/pt\/wp-json\/wp\/v2\/product_tag?post=751772"}],"curies":[{"name":"wp","href":"https:\/\/api.w.org\/{rel}","templated":true}]}}