{"id":751773,"date":"2025-03-04T01:04:00","date_gmt":"2025-03-04T00:04:00","guid":{"rendered":"https:\/\/stoic-curie.212-227-153-4.plesk.page\/producto\/raymarine-ev-100-tiller\/"},"modified":"2026-02-25T00:28:24","modified_gmt":"2026-02-25T00:28:24","slug":"raymarine-ev-100-tiller","status":"publish","type":"product","link":"https:\/\/stoic-curie.212-227-153-4.plesk.page\/pt\/product\/raymarine-ev-100-tiller\/","title":{"rendered":"Raymarine EV-100 Tiller"},"content":{"rendered":"<p>Raymarine EV-100 Tiller &#8211; Piloto Autom\u00e1tico Raymarine Evolution EV-100 Tiller<br \/>\nO Pacote Raymarine Evolution EV-100 \u00e9 um sistema avan\u00e7ado de piloto autom\u00e1tico projetado especificamente para pequenos veleiros com dire\u00e7\u00e3o por leme e um deslocamento m\u00e1ximo de at\u00e9 6.000 kg. Este pacote completo inclui o computador de curso ACU-100, a unidade de controle p70s e um atuador de leme. O sistema \u00e9 projetado para detectar par\u00e2metros ambientais e calcular rapidamente as configura\u00e7\u00f5es ideais, garantindo desempenho superior. Como resultado, fornece manuten\u00e7\u00e3o de curso precisa e confi\u00e1vel, independentemente da velocidade do barco ou das condi\u00e7\u00f5es mar\u00edtimas. O EV-100 elimina a necessidade de procedimentos de aprendizagem complexos e calibra\u00e7\u00e3o da b\u00fassola, apresentando calibra\u00e7\u00e3o autom\u00e1tica e um sistema de monitoramento de 9 eixos que rastreia a proa, rolagem e inclina\u00e7\u00e3o da embarca\u00e7\u00e3o.<br \/>\nPara maior conveni\u00eancia, um controle remoto wireless S100 opcional est\u00e1 dispon\u00edvel, que inclui um receptor de esta\u00e7\u00e3o base e se conecta ao piloto autom\u00e1tico atrav\u00e9s do conversor Seatalk1 para NMEA 2000.<\/p>\n<p>Caracter\u00edsticas Principais:<br \/>\n&#8211; Uma solu\u00e7\u00e3o de piloto autom\u00e1tico completa em um \u00fanico pacote<br \/>\n&#8211; Tecnologia Evolution Ai para um desempenho aprimorado<br \/>\n&#8211; N\u00e3o requer calibra\u00e7\u00e3o<br \/>\n&#8211; Instala\u00e7\u00e3o r\u00e1pida e direta<br \/>\n&#8211; Atua\u00e7\u00e3o de leme compacta e discreta<br \/>\n&#8211; Confi\u00e1vel pelos melhores velejadores solo do mundo<br \/>\n&#8211; Adequado para barcos comandados por leme com at\u00e9 6.000 kg (13.200 lbs)<br \/>\n&#8211; Compat\u00edvel com sistemas de energia de 12V DC<br \/>\n&#8211; Inclui o Controlador de Piloto Autom\u00e1tico p70s<\/p>\n<p>Conte\u00fado do Pacote:<br \/>\n&#8211; N\u00facleo de Sensor EV-1<br \/>\n&#8211; Cabe\u00e7a de Controle do Piloto Autom\u00e1tico p70s<br \/>\n&#8211; Unidade de Controle do Atua\u00e7\u00e3o ACU-100<br \/>\n&#8211; A\u00e7\u00e3o do Leme<br \/>\n&#8211; Pino do Leme (dispon\u00edvel em pacotes de 5)<br \/>\n&#8211; Soquete de Montagem (dispon\u00edvel em pacotes de 5)<br \/>\n&#8211; Kit de Fia\u00e7\u00e3o Evolution<br \/>\n&#8211; Pacote de O-Ring da Unidade EV (conjunto de 2)<br \/>\n&#8211; Suporte para Montagem na Parede<\/p>\n<p>O N\u00facleo do Sensor EV<br \/>\nNo cora\u00e7\u00e3o de cada sistema Evolution est\u00e1 o n\u00facleo de sensor inteligente EV, um sensor de 9 eixos que monitora o movimento da embarca\u00e7\u00e3o em todas as tr\u00eas dimens\u00f5es. Este n\u00facleo inovador integra sensores s\u00f3lidos avan\u00e7ados com o processador do piloto autom\u00e1tico Evolution em uma \u00fanica unidade de f\u00e1cil instala\u00e7\u00e3o.<br \/>\nO n\u00facleo do sensor EV pode ser montado acima ou abaixo do conv\u00e9s, apresentando uma caixa robusta e totalmente selada que atende aos padr\u00f5es de impermeabilidade e submers\u00e3o IPX6 e IPX7.<br \/>\nProjetado para ser utilizado com sistemas de piloto autom\u00e1tico mec\u00e2nicos e hidr\u00e1ulicos Evolution, o EV-1 utiliza a tecnologia de rede SeaTalkng, permitindo uma \u00fanica conex\u00e3o de cabo para energia e dados ao ACU Evolution (Unidade de Controle do Atuador) e redes expansivas SeaTalkng e NMEA 2000.<\/p>\n<p>Caracter\u00edsticas Principais:<br \/>\n&#8211; Monitoramento preciso da dire\u00e7\u00e3o, inclina\u00e7\u00e3o, rota\u00e7\u00e3o e guinada, permitindo que o piloto autom\u00e1tico se adapte instantaneamente \u00e0s condi\u00e7\u00f5es do mar e \u00e0 din\u00e2mica da embarca\u00e7\u00e3o<br \/>\n&#8211; Op\u00e7\u00f5es de instala\u00e7\u00e3o flex\u00edveis, adequadas para montagem acima ou abaixo do conv\u00e9s<br \/>\n&#8211; Conectividade SeaTalkng simples com a cabe\u00e7a de controle e o ACU<br \/>\n&#8211; A tecnologia de sensor s\u00f3lido fornece precis\u00e3o din\u00e2mica dentro de 2 graus em todas as condi\u00e7\u00f5es<br \/>\n&#8211; Dados de dire\u00e7\u00e3o r\u00e1pidos e confi\u00e1veis para MARPA, sobreposi\u00e7\u00e3o de radar e modos de dire\u00e7\u00e3o em displays multifuncionais Raymarine.<\/p>\n<p>Cabe\u00e7a de Controle do Piloto Autom\u00e1tico p70<br \/>\nA p70 \u00e9 um controlador f\u00e1cil de usar com bot\u00f5es, projetado principalmente para veleiros.<\/p>\n<p>Caracter\u00edsticas Principais:<br \/>\n&#8211; A interface de usu\u00e1rio LightHouse \u00e9 intuitiva e r\u00e1pida de navegar<br \/>\n&#8211; Amplos \u00e2ngulos de vis\u00e3o de 160\u00b0 para melhor visibilidade<br \/>\n&#8211; Um assistente de inicializa\u00e7\u00e3o simplifica a configura\u00e7\u00e3o do piloto<br \/>\n&#8211; O revestimento anti-reflexivo melhora a visibilidade sob luz solar intensa<br \/>\n&#8211; Baixo consumo de energia\u2014tipicamente 132mA\/1.6W, o que \u00e9 27% menos que o ST70 a quatro vezes a intensidade medida<br \/>\n&#8211; Suporta v\u00e1rios modos de piloto autom\u00e1tico: Autom\u00e1tico, Espera, Padr\u00e3o, Rastro, Vento, Direcional e Manejar<br \/>\n&#8211; Simples atenua\u00e7\u00e3o\/ilumina\u00e7\u00e3o do sistema e grupo<br \/>\n&#8211; Compatibilidade com v\u00e1rias fontes de dados<br \/>\n&#8211; Conectividade SeaTalkng\/NMEA 2000 e SeaTalk1 (sem necessidade de pontes)<\/p>\n<p>Unidade de Controle do Piloto Autom\u00e1tico ACU-100 (ACU)<br \/>\nA robusta ACU (Unidade de Controle do Atuador) fornece pot\u00eancia confi\u00e1vel para o piloto autom\u00e1tico e alimenta o barramento SeaTalkng. Escolha a ACU que melhor se adapta ao seu tipo de sistema de dire\u00e7\u00e3o.<\/p>\n<p>O Kit de Fia\u00e7\u00e3o da Evolution Inclui:<br \/>\n&#8211; 1 x Cabo de Energia SeaTalkng (0,4m)<br \/>\n&#8211; 1 x Cabo Backbone SeaTalkng (5m)<br \/>\n&#8211; 1 x Cabo Spur SeaTalkng (0,4m)<br \/>\n&#8211; 1 x Bloco Conector de 5 vias SeaTalkng<br \/>\n&#8211; 2 x Conectores em T SeaTalkng<br \/>\n&#8211; 2 x Terminadores SeaTalkng<\/p>\n<p>Esta vis\u00e3o geral abrangente do Piloto Autom\u00e1tico Raymarine Evolution EV-100 destaca suas caracter\u00edsticas e capacidades avan\u00e7adas, garantindo que os propriet\u00e1rios de barcos possam tomar decis\u00f5es informadas ao procurar equipamentos confi\u00e1veis e de alta qualidade para suas embarca\u00e7\u00f5es.<\/p>\n","protected":false},"excerpt":{"rendered":"<p>Raymarine EV-100 Tiller &#8211; Piloto Autom\u00e1tico Raymarine Evolution EV-100 Tiller O Pacote Raymarine Evolution EV-100 \u00e9 um sistema avan\u00e7ado de<\/p>\n","protected":false},"featured_media":5947983,"comment_status":"open","ping_status":"closed","template":"","meta":[],"product_brand":[3302],"product_cat":[2031],"product_tag":[],"class_list":{"0":"post-751773","1":"product","2":"type-product","3":"status-publish","4":"has-post-thumbnail","6":"product_brand-raymarine-pt","7":"product_cat-equipamento-eletronico","9":"first","10":"instock","11":"shipping-taxable","12":"purchasable","13":"product-type-simple"},"_links":{"self":[{"href":"https:\/\/stoic-curie.212-227-153-4.plesk.page\/pt\/wp-json\/wp\/v2\/product\/751773","targetHints":{"allow":["GET"]}}],"collection":[{"href":"https:\/\/stoic-curie.212-227-153-4.plesk.page\/pt\/wp-json\/wp\/v2\/product"}],"about":[{"href":"https:\/\/stoic-curie.212-227-153-4.plesk.page\/pt\/wp-json\/wp\/v2\/types\/product"}],"replies":[{"embeddable":true,"href":"https:\/\/stoic-curie.212-227-153-4.plesk.page\/pt\/wp-json\/wp\/v2\/comments?post=751773"}],"version-history":[{"count":0,"href":"https:\/\/stoic-curie.212-227-153-4.plesk.page\/pt\/wp-json\/wp\/v2\/product\/751773\/revisions"}],"wp:featuredmedia":[{"embeddable":true,"href":"https:\/\/stoic-curie.212-227-153-4.plesk.page\/pt\/wp-json\/wp\/v2\/media\/5947983"}],"wp:attachment":[{"href":"https:\/\/stoic-curie.212-227-153-4.plesk.page\/pt\/wp-json\/wp\/v2\/media?parent=751773"}],"wp:term":[{"taxonomy":"product_brand","embeddable":true,"href":"https:\/\/stoic-curie.212-227-153-4.plesk.page\/pt\/wp-json\/wp\/v2\/product_brand?post=751773"},{"taxonomy":"product_cat","embeddable":true,"href":"https:\/\/stoic-curie.212-227-153-4.plesk.page\/pt\/wp-json\/wp\/v2\/product_cat?post=751773"},{"taxonomy":"product_tag","embeddable":true,"href":"https:\/\/stoic-curie.212-227-153-4.plesk.page\/pt\/wp-json\/wp\/v2\/product_tag?post=751773"}],"curies":[{"name":"wp","href":"https:\/\/api.w.org\/{rel}","templated":true}]}}