{"id":751774,"date":"2025-03-04T01:04:00","date_gmt":"2025-03-04T00:04:00","guid":{"rendered":"https:\/\/stoic-curie.212-227-153-4.plesk.page\/producto\/raymarine-ev-100-wheel\/"},"modified":"2026-02-25T00:28:24","modified_gmt":"2026-02-25T00:28:24","slug":"raymarine-ev-100-wheel","status":"publish","type":"product","link":"https:\/\/stoic-curie.212-227-153-4.plesk.page\/pt\/product\/raymarine-ev-100-wheel\/","title":{"rendered":"Raymarine EV-100 Wheel"},"content":{"rendered":"<p>Raymarine EV-100 Wheel &#8211; <\/p>\n<p style=\"color: rgb(34, 34, 34); font-family: Arial, Helvetica, sans-serif; font-size: small;\">O pacote Raymarine Evolution EV-100 \u00e9 um sistema avan\u00e7ado de piloto autom\u00e1tico para lemes, projetado especificamente para pequenos veleiros com um deslocamento m\u00e1ximo de at\u00e9 7.500 kg. Este pacote abrangente inclui o computador de curso ACU-100, a unidade de controle p70s e um atuador de leme. O sistema \u00e9 capaz de detectar par\u00e2metros ambientais e calcular rapidamente configura\u00e7\u00f5es ideais para garantir desempenho m\u00e1ximo. Como resultado, proporciona precisa e confi\u00e1vel manuten\u00e7\u00e3o de rumo, independentemente da velocidade do barco ou das condi\u00e7\u00f5es do mar em que se encontra. O processo de instala\u00e7\u00e3o \u00e9 simples, eliminando a necessidade de procedimentos de aprendizado complexos ou calibra\u00e7\u00e3o da b\u00fassola, gra\u00e7as \u00e0 sua fun\u00e7\u00e3o de calibra\u00e7\u00e3o autom\u00e1tica e \u00e0 monitoriza\u00e7\u00e3o de 9 eixos da proa, inclina\u00e7\u00e3o e arfagem.<\/p>\n<p style=\"color: rgb(34, 34, 34); font-family: Arial, Helvetica, sans-serif; font-size: small;\">Para maior comodidade, o controle remoto sem fio opcional S100 vem com um receptor de esta\u00e7\u00e3o base e se conecta ao piloto autom\u00e1tico atrav\u00e9s do conversor Seatalk1 para NG.<\/p>\n<p style=\"color: rgb(34, 34, 34); font-family: Arial, Helvetica, sans-serif; font-size: small;\"><strong>Piloto autom\u00e1tico para veleiros com leme<\/strong><\/p>\n<p style=\"color: rgb(34, 34, 34); font-family: Arial, Helvetica, sans-serif; font-size: small;\">O EV-100 Wheel Pilot oferece uma solu\u00e7\u00e3o completa de piloto autom\u00e1tico adaptada para veleiros com leme. Ele \u00e9 projetado para f\u00e1cil instala\u00e7\u00e3o pelo usu\u00e1rio, com o motor montado externamente posicionado no cockpit e diretamente conectado aos raios do volante. O EV-100 Wheel Pilot garante um controle preciso do piloto autom\u00e1tico atrav\u00e9s do n\u00facleo sensor inteligente EV-1 e da unidade de controle do atuador ACU-100. Os clientes podem escolher entre sistemas que incluem a cabe\u00e7a de controle do piloto autom\u00e1tico p70s ou optar por um sistema sem uma cabe\u00e7a de controle, utilizando um plotter Raymarine Axiom para gerenciamento completo do piloto autom\u00e1tico.<\/p>\n<p style=\"color: rgb(34, 34, 34); font-family: Arial, Helvetica, sans-serif; font-size: small;\"><strong>Principais caracter\u00edsticas do EV-100 Wheel Pilot<\/strong><\/p>\n<ul style=\"color: rgb(34, 34, 34); font-family: Arial, Helvetica, sans-serif; font-size: small;\">\n<li>Classificado para veleiros com leme e um deslocamento de at\u00e9 7.500 kg (16.500 lbs).<\/li>\n<\/ul>\n<p style=\"color: rgb(34, 34, 34); font-family: Arial, Helvetica, sans-serif; font-size: small;\"><strong>Nota t\u00e9cnica:<\/strong>\u00a0Sempre considere o peso total de deslocamento da sua embarca\u00e7\u00e3o, que muitas vezes \u00e9 20% acima do peso projetado.<\/p>\n<ul style=\"color: rgb(34, 34, 34); font-family: Arial, Helvetica, sans-serif; font-size: small;\">\n<li>Projetado para instala\u00e7\u00f5es no cockpit.<\/li>\n<li>Compat\u00edvel com SeaTalkNG\/NMEA2000 para integra\u00e7\u00e3o sem problemas com instrumentos de navega\u00e7\u00e3o e plotters.<\/li>\n<li>N\u00e3o requer configura\u00e7\u00e3o complicada ou calibra\u00e7\u00e3o do piloto autom\u00e1tico.<\/li>\n<li>Inclui o n\u00facleo do sensor EV-1, um sensor inteligente de dire\u00e7\u00e3o de 9 eixos que utiliza tecnologia de navega\u00e7\u00e3o aeroespacial para se adaptar \u00e0s condi\u00e7\u00f5es marinhas em constante mudan\u00e7a e \u00e0 din\u00e2mica da embarca\u00e7\u00e3o.<\/li>\n<\/ul>\n","protected":false},"excerpt":{"rendered":"<p>Raymarine EV-100 Wheel &#8211; O pacote Raymarine Evolution EV-100 \u00e9 um sistema avan\u00e7ado de piloto autom\u00e1tico para lemes, projetado especificamente<\/p>\n","protected":false},"featured_media":5947984,"comment_status":"open","ping_status":"closed","template":"","meta":[],"product_brand":[3302],"product_cat":[2031],"product_tag":[],"class_list":{"0":"post-751774","1":"product","2":"type-product","3":"status-publish","4":"has-post-thumbnail","6":"product_brand-raymarine-pt","7":"product_cat-equipamento-eletronico","9":"first","10":"instock","11":"shipping-taxable","12":"purchasable","13":"product-type-simple"},"_links":{"self":[{"href":"https:\/\/stoic-curie.212-227-153-4.plesk.page\/pt\/wp-json\/wp\/v2\/product\/751774","targetHints":{"allow":["GET"]}}],"collection":[{"href":"https:\/\/stoic-curie.212-227-153-4.plesk.page\/pt\/wp-json\/wp\/v2\/product"}],"about":[{"href":"https:\/\/stoic-curie.212-227-153-4.plesk.page\/pt\/wp-json\/wp\/v2\/types\/product"}],"replies":[{"embeddable":true,"href":"https:\/\/stoic-curie.212-227-153-4.plesk.page\/pt\/wp-json\/wp\/v2\/comments?post=751774"}],"version-history":[{"count":0,"href":"https:\/\/stoic-curie.212-227-153-4.plesk.page\/pt\/wp-json\/wp\/v2\/product\/751774\/revisions"}],"wp:featuredmedia":[{"embeddable":true,"href":"https:\/\/stoic-curie.212-227-153-4.plesk.page\/pt\/wp-json\/wp\/v2\/media\/5947984"}],"wp:attachment":[{"href":"https:\/\/stoic-curie.212-227-153-4.plesk.page\/pt\/wp-json\/wp\/v2\/media?parent=751774"}],"wp:term":[{"taxonomy":"product_brand","embeddable":true,"href":"https:\/\/stoic-curie.212-227-153-4.plesk.page\/pt\/wp-json\/wp\/v2\/product_brand?post=751774"},{"taxonomy":"product_cat","embeddable":true,"href":"https:\/\/stoic-curie.212-227-153-4.plesk.page\/pt\/wp-json\/wp\/v2\/product_cat?post=751774"},{"taxonomy":"product_tag","embeddable":true,"href":"https:\/\/stoic-curie.212-227-153-4.plesk.page\/pt\/wp-json\/wp\/v2\/product_tag?post=751774"}],"curies":[{"name":"wp","href":"https:\/\/api.w.org\/{rel}","templated":true}]}}