{"id":751776,"date":"2025-03-04T01:04:01","date_gmt":"2025-03-04T00:04:01","guid":{"rendered":"https:\/\/stoic-curie.212-227-153-4.plesk.page\/producto\/raymarine-ev-150-hidraulico\/"},"modified":"2026-02-25T00:28:24","modified_gmt":"2026-02-25T00:28:24","slug":"raymarine-ev-150-hidraulico","status":"publish","type":"product","link":"https:\/\/stoic-curie.212-227-153-4.plesk.page\/pt\/product\/raymarine-ev-150-hidraulico\/","title":{"rendered":"Raymarine EV-150 Hidr\u00e1ulico"},"content":{"rendered":"<p>Raymarine EV-150 Hidr\u00e1ulico &#8211; <\/p>\n<p><strong>Pacote do Sistema de Piloto Autom\u00e1tico Hidr\u00e1ulico Raymarine Evolution EV-150<\/strong><\/p>\n<p>O Pacote Raymarine Evolution EV-150 \u00e9 um sistema de piloto autom\u00e1tico hidr\u00e1ulico projetado especificamente para pequenas embarca\u00e7\u00f5es motoras. Este sistema abrangente inclui o computador de curso ACU-150, a unidade de controlo p70Rs e uma bomba hidr\u00e1ulica tipo 1 que suporta capacidades que variam de 80 a 230 cc. Ele \u00e9 projetado para detectar par\u00e2metros ambientais e calcular rapidamente as configura\u00e7\u00f5es ideais, garantindo desempenho m\u00e1ximo. Como resultado, oferece uma manuten\u00e7\u00e3o de dire\u00e7\u00e3o precisa e confi\u00e1vel, independentemente da velocidade do barco ou das condi\u00e7\u00f5es do mar. O sistema elimina a necessidade de procedimentos de aprendizado complexos e calibra\u00e7\u00f5es de b\u00fassola, com calibra\u00e7\u00e3o autom\u00e1tica e um sistema de monitoramento de 9 eixos que rastreia com precis\u00e3o a proa, o balanceio e o cabeceio da embarca\u00e7\u00e3o.<\/p>\n<p>Para maior conveni\u00eancia, um controle remoto sem fio S100 opcional est\u00e1 dispon\u00edvel, que inclui um receptor de esta\u00e7\u00e3o base e requer interface com o piloto autom\u00e1tico atrav\u00e9s do conversor de Seatalk1 para NMEA 2000. O Pacote do Sistema de Piloto Autom\u00e1tico Hidr\u00e1ulico Evolution EV-150 \u00e9 um kit completo, pronto para instala\u00e7\u00e3o em muitas embarca\u00e7\u00f5es de pesca e cruzeiro populares equipadas com dire\u00e7\u00e3o hidr\u00e1ulica. O pacote inclui o controlador de piloto autom\u00e1tico p70Rs, o n\u00facleo do sensor EV1, a unidade de controle do atuador ACU150, a bomba hidr\u00e1ulica Tipo 1 e um kit de cabeamento do piloto autom\u00e1tico Evolution.<\/p>\n<p>Projetados para facilidade de uso, os premiados pilotos autom\u00e1ticos Evolution da Raymarine simplificam a configura\u00e7\u00e3o e a calibra\u00e7\u00e3o. O n\u00facleo de sensor inteligente de 9 eixos EV permite que o piloto autom\u00e1tico se adapte automaticamente \u00e0s caracter\u00edsticas de dire\u00e7\u00e3o da sua embarca\u00e7\u00e3o, sem necessidade de interven\u00e7\u00e3o do usu\u00e1rio. Isso resulta em manuten\u00e7\u00e3o de dire\u00e7\u00e3o precisa e confiante, independentemente da velocidade da embarca\u00e7\u00e3o ou das condi\u00e7\u00f5es do mar.<\/p>\n<p>O sistema Evolution EV-150 tamb\u00e9m incorpora a tecnologia Hydro-Balance\u2122 patenteada da Raymarine, que melhora a performance do piloto autom\u00e1tico para embarca\u00e7\u00f5es com dire\u00e7\u00e3o hidr\u00e1ulica, especialmente aquelas com motores fora de borda e sistemas sem refer\u00eancia de leme. A Hydro-Balance compensa automaticamente a elasticidade do sistema hidr\u00e1ulico, a simetria do sistema de dire\u00e7\u00e3o e o torque, garantindo que seu barco permane\u00e7a no curso durante a velocidade de arrasto, velocidade de cruzeiro e em altas velocidades.<\/p>\n<p>Pescadores apreciar\u00e3o os padr\u00f5es de arrasto embutidos do Piloto Autom\u00e1tico Evolution, permitindo que o sistema gerencie o barco enquanto voc\u00ea prepara a isca, coloca as linhas e ajusta sua distribui\u00e7\u00e3o.<\/p>\n<p>Al\u00e9m disso, o sistema apresenta os mais recentes algoritmos Evolution TrackIQ\u2122 da Raymarine, que proporcionam um rastreamento de curso mais preciso e uma aquisi\u00e7\u00e3o mais r\u00e1pida de curso. Utiliza dados sobre o lan\u00e7amento, o rolamento, o cabeceio e a eleva\u00e7\u00e3o da embarca\u00e7\u00e3o para estabilizar as informa\u00e7\u00f5es de navega\u00e7\u00e3o GPS, como o curso sobre o solo, a velocidade sobre o solo e o erro de atravessamento, garantindo um rastreamento ideal em dire\u00e7\u00e3o a pontos e rotas.<\/p>\n<p>O Pacote do Sistema de Piloto Autom\u00e1tico Hidr\u00e1ulico Raymarine EV-150 \u00e9 a escolha perfeita para embarca\u00e7\u00f5es pequenas a m\u00e9dias com dire\u00e7\u00e3o hidr\u00e1ulica, com capacidade do cilindro de dire\u00e7\u00e3o entre 4,9 cu. in. (80 cc) e 14,0 cu. in. (230 cc). Este sistema foi projetado para uso apenas em sistemas el\u00e9tricos de corrente cont\u00ednua de 12 volts.<\/p>\n<p><strong>Componentes inclu\u00eddos:<\/strong><\/p>\n<ul>\n<li>E70329 cabe\u00e7ote de controle p70Rs<\/li>\n<li>E70096 n\u00facleo do sensor EV-1<\/li>\n<li>R70160 kit de cabos Evolution<\/li>\n<li>E70430 unidade de controle do atuador ACU-150<\/li>\n<li>M81120 bomba hidr\u00e1ulica tipo 1 de 12V<\/li>\n<\/ul>\n","protected":false},"excerpt":{"rendered":"<p>Raymarine EV-150 Hidr\u00e1ulico &#8211; Pacote do Sistema de Piloto Autom\u00e1tico Hidr\u00e1ulico Raymarine Evolution EV-150 O Pacote Raymarine Evolution EV-150 \u00e9<\/p>\n","protected":false},"featured_media":5947986,"comment_status":"open","ping_status":"closed","template":"","meta":[],"product_brand":[3302],"product_cat":[2031],"product_tag":[],"class_list":{"0":"post-751776","1":"product","2":"type-product","3":"status-publish","4":"has-post-thumbnail","6":"product_brand-raymarine-pt","7":"product_cat-equipamento-eletronico","9":"first","10":"instock","11":"shipping-taxable","12":"purchasable","13":"product-type-simple"},"_links":{"self":[{"href":"https:\/\/stoic-curie.212-227-153-4.plesk.page\/pt\/wp-json\/wp\/v2\/product\/751776","targetHints":{"allow":["GET"]}}],"collection":[{"href":"https:\/\/stoic-curie.212-227-153-4.plesk.page\/pt\/wp-json\/wp\/v2\/product"}],"about":[{"href":"https:\/\/stoic-curie.212-227-153-4.plesk.page\/pt\/wp-json\/wp\/v2\/types\/product"}],"replies":[{"embeddable":true,"href":"https:\/\/stoic-curie.212-227-153-4.plesk.page\/pt\/wp-json\/wp\/v2\/comments?post=751776"}],"version-history":[{"count":0,"href":"https:\/\/stoic-curie.212-227-153-4.plesk.page\/pt\/wp-json\/wp\/v2\/product\/751776\/revisions"}],"wp:featuredmedia":[{"embeddable":true,"href":"https:\/\/stoic-curie.212-227-153-4.plesk.page\/pt\/wp-json\/wp\/v2\/media\/5947986"}],"wp:attachment":[{"href":"https:\/\/stoic-curie.212-227-153-4.plesk.page\/pt\/wp-json\/wp\/v2\/media?parent=751776"}],"wp:term":[{"taxonomy":"product_brand","embeddable":true,"href":"https:\/\/stoic-curie.212-227-153-4.plesk.page\/pt\/wp-json\/wp\/v2\/product_brand?post=751776"},{"taxonomy":"product_cat","embeddable":true,"href":"https:\/\/stoic-curie.212-227-153-4.plesk.page\/pt\/wp-json\/wp\/v2\/product_cat?post=751776"},{"taxonomy":"product_tag","embeddable":true,"href":"https:\/\/stoic-curie.212-227-153-4.plesk.page\/pt\/wp-json\/wp\/v2\/product_tag?post=751776"}],"curies":[{"name":"wp","href":"https:\/\/api.w.org\/{rel}","templated":true}]}}