{"id":751782,"date":"2025-03-04T01:04:03","date_gmt":"2025-03-04T00:04:03","guid":{"rendered":"https:\/\/stoic-curie.212-227-153-4.plesk.page\/producto\/garmin-gt15m-ih\/"},"modified":"2026-02-25T00:28:24","modified_gmt":"2026-02-25T00:28:24","slug":"garmin-gt15m-ih","status":"publish","type":"product","link":"https:\/\/stoic-curie.212-227-153-4.plesk.page\/pt\/product\/garmin-gt15m-ih\/","title":{"rendered":"Garmin GT15M-IH"},"content":{"rendered":"<p>Garmin GT15M-IH &#8211; <\/p>\n<p>O plotter de cartas\/sonda de peixes Garmin GPSMAP 1223xsv possui uma tela sens\u00edvel ao toque IPS de vidro de 12&#8243;\/1280&#215;800 pixels, com alto brilho e acabamento antirreflexo. Com receptor GPS integrado, 1W CHIRP integrado, ClearVU, SideVU e m\u00f3dulo UHD, \u00e9 compat\u00edvel com todos os transdutores tradicionais, All-in-One, Panoptix e UHD. Compat\u00edvel com cartografia Garmin BlueChart e Garmin Navionics+. Equipado com 2 slots para microSD, porta USB, porta HDMI, porta J1939, conectividade sem fio, NMEA2000, Garmin Marine Network e ANT. Integra-se completamente com todos os sistemas a bordo. Equipado com fun\u00e7\u00f5es Auto Guidance, Active Captain, Sail Assist e Quickdraw Contours e OneHelm. Completo com suporte ajust\u00e1vel, kit de montagem embutido, capa de tela e cabo de energia\/dados. Deve ser complementado com um transdutor.<\/p>\n","protected":false},"excerpt":{"rendered":"<p>Garmin GT15M-IH &#8211; O plotter de cartas\/sonda de peixes Garmin GPSMAP 1223xsv possui uma tela sens\u00edvel ao toque IPS de<\/p>\n","protected":false},"featured_media":5947997,"comment_status":"open","ping_status":"closed","template":"","meta":[],"product_brand":[2972],"product_cat":[2031],"product_tag":[],"class_list":{"0":"post-751782","1":"product","2":"type-product","3":"status-publish","4":"has-post-thumbnail","6":"product_brand-garmin-pt","7":"product_cat-equipamento-eletronico","9":"first","10":"instock","11":"shipping-taxable","12":"purchasable","13":"product-type-simple"},"_links":{"self":[{"href":"https:\/\/stoic-curie.212-227-153-4.plesk.page\/pt\/wp-json\/wp\/v2\/product\/751782","targetHints":{"allow":["GET"]}}],"collection":[{"href":"https:\/\/stoic-curie.212-227-153-4.plesk.page\/pt\/wp-json\/wp\/v2\/product"}],"about":[{"href":"https:\/\/stoic-curie.212-227-153-4.plesk.page\/pt\/wp-json\/wp\/v2\/types\/product"}],"replies":[{"embeddable":true,"href":"https:\/\/stoic-curie.212-227-153-4.plesk.page\/pt\/wp-json\/wp\/v2\/comments?post=751782"}],"version-history":[{"count":0,"href":"https:\/\/stoic-curie.212-227-153-4.plesk.page\/pt\/wp-json\/wp\/v2\/product\/751782\/revisions"}],"wp:featuredmedia":[{"embeddable":true,"href":"https:\/\/stoic-curie.212-227-153-4.plesk.page\/pt\/wp-json\/wp\/v2\/media\/5947997"}],"wp:attachment":[{"href":"https:\/\/stoic-curie.212-227-153-4.plesk.page\/pt\/wp-json\/wp\/v2\/media?parent=751782"}],"wp:term":[{"taxonomy":"product_brand","embeddable":true,"href":"https:\/\/stoic-curie.212-227-153-4.plesk.page\/pt\/wp-json\/wp\/v2\/product_brand?post=751782"},{"taxonomy":"product_cat","embeddable":true,"href":"https:\/\/stoic-curie.212-227-153-4.plesk.page\/pt\/wp-json\/wp\/v2\/product_cat?post=751782"},{"taxonomy":"product_tag","embeddable":true,"href":"https:\/\/stoic-curie.212-227-153-4.plesk.page\/pt\/wp-json\/wp\/v2\/product_tag?post=751782"}],"curies":[{"name":"wp","href":"https:\/\/api.w.org\/{rel}","templated":true}]}}