{"id":751784,"date":"2025-03-04T01:04:04","date_gmt":"2025-03-04T00:04:04","guid":{"rendered":"https:\/\/stoic-curie.212-227-153-4.plesk.page\/producto\/garmin-striker-vivid-5cv-com-transdutor\/"},"modified":"2026-02-25T00:28:24","modified_gmt":"2026-02-25T00:28:24","slug":"garmin-striker-vivid-5cv-com-transdutor","status":"publish","type":"product","link":"https:\/\/stoic-curie.212-227-153-4.plesk.page\/pt\/product\/garmin-striker-vivid-5cv-com-transdutor\/","title":{"rendered":"Garmin Striker Vivid 5CV com Transdutor"},"content":{"rendered":"<p>Garmin Striker Vivid 5CV com Transdutor &#8211; <\/p>\n<p>O sonar de pesca Garmin Striker Vivid 5CV com receptor GPS integrado. Equipado com tecnologia padr\u00e3o, CHIRP e ClearVu. Pot\u00eancia de 500W. Novo display brilhante de 5&#8243;\/800&#215;400 pixels com ampla gama de cores para identificar at\u00e9 os menores alvos. Com o Quickdraw Contours, que permite tra\u00e7ar batimetria em tempo real e compartilh\u00e1-la online. Completo com transdutor, suporte de inclina\u00e7\u00e3o rotativa, kit de montagem de popa e cabo de energia\/dados. TD = Transdutor<\/p>\n","protected":false},"excerpt":{"rendered":"<p>Garmin Striker Vivid 5CV com Transdutor &#8211; O sonar de pesca Garmin Striker Vivid 5CV com receptor GPS integrado. Equipado<\/p>\n","protected":false},"featured_media":5948005,"comment_status":"open","ping_status":"closed","template":"","meta":[],"product_brand":[2972],"product_cat":[2031],"product_tag":[],"class_list":{"0":"post-751784","1":"product","2":"type-product","3":"status-publish","4":"has-post-thumbnail","6":"product_brand-garmin-pt","7":"product_cat-equipamento-eletronico","9":"first","10":"instock","11":"shipping-taxable","12":"purchasable","13":"product-type-simple"},"_links":{"self":[{"href":"https:\/\/stoic-curie.212-227-153-4.plesk.page\/pt\/wp-json\/wp\/v2\/product\/751784","targetHints":{"allow":["GET"]}}],"collection":[{"href":"https:\/\/stoic-curie.212-227-153-4.plesk.page\/pt\/wp-json\/wp\/v2\/product"}],"about":[{"href":"https:\/\/stoic-curie.212-227-153-4.plesk.page\/pt\/wp-json\/wp\/v2\/types\/product"}],"replies":[{"embeddable":true,"href":"https:\/\/stoic-curie.212-227-153-4.plesk.page\/pt\/wp-json\/wp\/v2\/comments?post=751784"}],"version-history":[{"count":0,"href":"https:\/\/stoic-curie.212-227-153-4.plesk.page\/pt\/wp-json\/wp\/v2\/product\/751784\/revisions"}],"wp:featuredmedia":[{"embeddable":true,"href":"https:\/\/stoic-curie.212-227-153-4.plesk.page\/pt\/wp-json\/wp\/v2\/media\/5948005"}],"wp:attachment":[{"href":"https:\/\/stoic-curie.212-227-153-4.plesk.page\/pt\/wp-json\/wp\/v2\/media?parent=751784"}],"wp:term":[{"taxonomy":"product_brand","embeddable":true,"href":"https:\/\/stoic-curie.212-227-153-4.plesk.page\/pt\/wp-json\/wp\/v2\/product_brand?post=751784"},{"taxonomy":"product_cat","embeddable":true,"href":"https:\/\/stoic-curie.212-227-153-4.plesk.page\/pt\/wp-json\/wp\/v2\/product_cat?post=751784"},{"taxonomy":"product_tag","embeddable":true,"href":"https:\/\/stoic-curie.212-227-153-4.plesk.page\/pt\/wp-json\/wp\/v2\/product_tag?post=751784"}],"curies":[{"name":"wp","href":"https:\/\/api.w.org\/{rel}","templated":true}]}}