{"id":751786,"date":"2025-03-04T01:04:05","date_gmt":"2025-03-04T00:04:05","guid":{"rendered":"https:\/\/stoic-curie.212-227-153-4.plesk.page\/producto\/garmin-striker-vivid-7sv-com-transdutor\/"},"modified":"2026-02-25T00:28:24","modified_gmt":"2026-02-25T00:28:24","slug":"garmin-striker-vivid-7sv-com-transdutor","status":"publish","type":"product","link":"https:\/\/stoic-curie.212-227-153-4.plesk.page\/pt\/product\/garmin-striker-vivid-7sv-com-transdutor\/","title":{"rendered":"Garmin Striker Vivid 7SV com Transdutor"},"content":{"rendered":"<p>Garmin Striker Vivid 7SV com Transdutor &#8211; <\/p>\n<p>O sonar Garmin Striker Vivid 7SV com sistema de GPS e Wi-Fi integrado. Dotado de tecnologia padr\u00e3o, CHIRP, ClearVu e SideVu. Pot\u00eancia de 500 W. Novo ecr\u00e3 brilhante de 7&#8243;\/800&#215;400 pixels com uma ampla gama de cores para identificar at\u00e9 os menores alvos. O sonar e todos os instrumentos marinhos Garmin a bordo podem ser facilmente geridos atrav\u00e9s do smartphone, gra\u00e7as \u00e0 nova aplica\u00e7\u00e3o gratuita ActiveCaptain. Com Quickdraw Contours que permite tra\u00e7ar batimetria em tempo real e compartilh\u00e1-la online. Completo com transdutor, suporte inclin\u00e1vel rotativo, kit de montagem na popa, cabo de alimenta\u00e7\u00e3o\/dados e cabo Y para um transdutor de 12 pinos para 2 displays com c\u00f3digos de 4 pinos. TD = Transdutor<\/p>\n","protected":false},"excerpt":{"rendered":"<p>Garmin Striker Vivid 7SV com Transdutor &#8211; O sonar Garmin Striker Vivid 7SV com sistema de GPS e Wi-Fi integrado.<\/p>\n","protected":false},"featured_media":5948009,"comment_status":"open","ping_status":"closed","template":"","meta":[],"product_brand":[2972],"product_cat":[2031],"product_tag":[],"class_list":{"0":"post-751786","1":"product","2":"type-product","3":"status-publish","4":"has-post-thumbnail","6":"product_brand-garmin-pt","7":"product_cat-equipamento-eletronico","9":"first","10":"instock","11":"shipping-taxable","12":"purchasable","13":"product-type-simple"},"_links":{"self":[{"href":"https:\/\/stoic-curie.212-227-153-4.plesk.page\/pt\/wp-json\/wp\/v2\/product\/751786","targetHints":{"allow":["GET"]}}],"collection":[{"href":"https:\/\/stoic-curie.212-227-153-4.plesk.page\/pt\/wp-json\/wp\/v2\/product"}],"about":[{"href":"https:\/\/stoic-curie.212-227-153-4.plesk.page\/pt\/wp-json\/wp\/v2\/types\/product"}],"replies":[{"embeddable":true,"href":"https:\/\/stoic-curie.212-227-153-4.plesk.page\/pt\/wp-json\/wp\/v2\/comments?post=751786"}],"version-history":[{"count":0,"href":"https:\/\/stoic-curie.212-227-153-4.plesk.page\/pt\/wp-json\/wp\/v2\/product\/751786\/revisions"}],"wp:featuredmedia":[{"embeddable":true,"href":"https:\/\/stoic-curie.212-227-153-4.plesk.page\/pt\/wp-json\/wp\/v2\/media\/5948009"}],"wp:attachment":[{"href":"https:\/\/stoic-curie.212-227-153-4.plesk.page\/pt\/wp-json\/wp\/v2\/media?parent=751786"}],"wp:term":[{"taxonomy":"product_brand","embeddable":true,"href":"https:\/\/stoic-curie.212-227-153-4.plesk.page\/pt\/wp-json\/wp\/v2\/product_brand?post=751786"},{"taxonomy":"product_cat","embeddable":true,"href":"https:\/\/stoic-curie.212-227-153-4.plesk.page\/pt\/wp-json\/wp\/v2\/product_cat?post=751786"},{"taxonomy":"product_tag","embeddable":true,"href":"https:\/\/stoic-curie.212-227-153-4.plesk.page\/pt\/wp-json\/wp\/v2\/product_tag?post=751786"}],"curies":[{"name":"wp","href":"https:\/\/api.w.org\/{rel}","templated":true}]}}