{"id":751790,"date":"2025-03-04T01:04:06","date_gmt":"2025-03-04T00:04:06","guid":{"rendered":"https:\/\/stoic-curie.212-227-153-4.plesk.page\/producto\/garmin-gt51m-tm\/"},"modified":"2026-02-25T00:28:24","modified_gmt":"2026-02-25T00:28:24","slug":"garmin-gt51m-tm","status":"publish","type":"product","link":"https:\/\/stoic-curie.212-227-153-4.plesk.page\/pt\/product\/garmin-gt51m-tm\/","title":{"rendered":"Garmin GT51M-TM"},"content":{"rendered":"<p>Garmin GT51M-TM &#8211; <\/p>\n<p>Garmin GPSMAP 8400xsv s\u00e9rie chartplotter multifuncional\/localizador de peixes com tela sens\u00edvel ao toque e receptor GPS integrado. M\u00f3dulo CHIRP integrado de canal duplo de 1 kW, ClearVU, SideVU e UHD, compat\u00edvel com todos os transdutores tradicionais, All-in-One e Panoptix. Cartografia Garmin BlueChart e Garmin Navionics+ compat\u00edvel com o mapa base mundial instalado. NMEA0183\/2000, Garmin Marine Network, Fusion-Link e ANT compat\u00edvel, com conectividade wireless integrada, pode ser facilmente integrado a todos os outros dispositivos. Equipado com porta J1939 para dados do motor. Completo com todas as fun\u00e7\u00f5es Garmin, como Auto Guidance, Active Captain, Sail Assist e Quickdraw Contours. Acompanha suporte ajust\u00e1vel (apenas 10&#8243;\/12&#8243;), kit de instala\u00e7\u00e3o embutido, capa de tela, cabo NMEA2000, cabo de alimenta\u00e7\u00e3o e conector em T. A ser complementado com transdutor. TD = Transdutor<\/p>\n","protected":false},"excerpt":{"rendered":"<p>Garmin GT51M-TM &#8211; Garmin GPSMAP 8400xsv s\u00e9rie chartplotter multifuncional\/localizador de peixes com tela sens\u00edvel ao toque e receptor GPS integrado.<\/p>\n","protected":false},"featured_media":5948015,"comment_status":"open","ping_status":"closed","template":"","meta":[],"product_brand":[2972],"product_cat":[2031],"product_tag":[],"class_list":{"0":"post-751790","1":"product","2":"type-product","3":"status-publish","4":"has-post-thumbnail","6":"product_brand-garmin-pt","7":"product_cat-equipamento-eletronico","9":"first","10":"instock","11":"shipping-taxable","12":"purchasable","13":"product-type-simple"},"_links":{"self":[{"href":"https:\/\/stoic-curie.212-227-153-4.plesk.page\/pt\/wp-json\/wp\/v2\/product\/751790","targetHints":{"allow":["GET"]}}],"collection":[{"href":"https:\/\/stoic-curie.212-227-153-4.plesk.page\/pt\/wp-json\/wp\/v2\/product"}],"about":[{"href":"https:\/\/stoic-curie.212-227-153-4.plesk.page\/pt\/wp-json\/wp\/v2\/types\/product"}],"replies":[{"embeddable":true,"href":"https:\/\/stoic-curie.212-227-153-4.plesk.page\/pt\/wp-json\/wp\/v2\/comments?post=751790"}],"version-history":[{"count":0,"href":"https:\/\/stoic-curie.212-227-153-4.plesk.page\/pt\/wp-json\/wp\/v2\/product\/751790\/revisions"}],"wp:featuredmedia":[{"embeddable":true,"href":"https:\/\/stoic-curie.212-227-153-4.plesk.page\/pt\/wp-json\/wp\/v2\/media\/5948015"}],"wp:attachment":[{"href":"https:\/\/stoic-curie.212-227-153-4.plesk.page\/pt\/wp-json\/wp\/v2\/media?parent=751790"}],"wp:term":[{"taxonomy":"product_brand","embeddable":true,"href":"https:\/\/stoic-curie.212-227-153-4.plesk.page\/pt\/wp-json\/wp\/v2\/product_brand?post=751790"},{"taxonomy":"product_cat","embeddable":true,"href":"https:\/\/stoic-curie.212-227-153-4.plesk.page\/pt\/wp-json\/wp\/v2\/product_cat?post=751790"},{"taxonomy":"product_tag","embeddable":true,"href":"https:\/\/stoic-curie.212-227-153-4.plesk.page\/pt\/wp-json\/wp\/v2\/product_tag?post=751790"}],"curies":[{"name":"wp","href":"https:\/\/api.w.org\/{rel}","templated":true}]}}