{"id":751793,"date":"2025-03-04T01:04:07","date_gmt":"2025-03-04T00:04:07","guid":{"rendered":"https:\/\/stoic-curie.212-227-153-4.plesk.page\/producto\/garmin-gpsmap-923xsv\/"},"modified":"2026-02-25T00:28:24","modified_gmt":"2026-02-25T00:28:24","slug":"garmin-gpsmap-923xsv","status":"publish","type":"product","link":"https:\/\/stoic-curie.212-227-153-4.plesk.page\/pt\/product\/garmin-gpsmap-923xsv\/","title":{"rendered":"Garmin GPSMAP 923xsv"},"content":{"rendered":"<p>Garmin GPSMAP 923xsv &#8211; <\/p>\n<p><strong>Garmin GPSMAP 923xsv Plotter de Cartas\/Sonda (Sem Transdutor)<\/strong><\/p>\n<p>O Garmin GPSMAP 923xsv \u00e9 um plotter de cartas e sonda sofisticada, com uma tela sens\u00edvel ao toque de vidro IPS de 9 polegadas e resolu\u00e7\u00e3o de 1280&#215;720 pixels. Este display de alto brilho foi projetado com um acabamento antirreflexo, garantindo visibilidade ideal em diversas condi\u00e7\u00f5es de ilumina\u00e7\u00e3o. O dispositivo inclui um receptor GPS integrado, &#8230;<\/p>\n","protected":false},"excerpt":{"rendered":"<p>Garmin GPSMAP 923xsv &#8211; Garmin GPSMAP 923xsv Plotter de Cartas\/Sonda (Sem Transdutor) O Garmin GPSMAP 923xsv \u00e9 um plotter de<\/p>\n","protected":false},"featured_media":5948022,"comment_status":"open","ping_status":"closed","template":"","meta":[],"product_brand":[2972],"product_cat":[2031],"product_tag":[],"class_list":{"0":"post-751793","1":"product","2":"type-product","3":"status-publish","4":"has-post-thumbnail","6":"product_brand-garmin-pt","7":"product_cat-equipamento-eletronico","9":"first","10":"instock","11":"shipping-taxable","12":"purchasable","13":"product-type-simple"},"_links":{"self":[{"href":"https:\/\/stoic-curie.212-227-153-4.plesk.page\/pt\/wp-json\/wp\/v2\/product\/751793","targetHints":{"allow":["GET"]}}],"collection":[{"href":"https:\/\/stoic-curie.212-227-153-4.plesk.page\/pt\/wp-json\/wp\/v2\/product"}],"about":[{"href":"https:\/\/stoic-curie.212-227-153-4.plesk.page\/pt\/wp-json\/wp\/v2\/types\/product"}],"replies":[{"embeddable":true,"href":"https:\/\/stoic-curie.212-227-153-4.plesk.page\/pt\/wp-json\/wp\/v2\/comments?post=751793"}],"version-history":[{"count":0,"href":"https:\/\/stoic-curie.212-227-153-4.plesk.page\/pt\/wp-json\/wp\/v2\/product\/751793\/revisions"}],"wp:featuredmedia":[{"embeddable":true,"href":"https:\/\/stoic-curie.212-227-153-4.plesk.page\/pt\/wp-json\/wp\/v2\/media\/5948022"}],"wp:attachment":[{"href":"https:\/\/stoic-curie.212-227-153-4.plesk.page\/pt\/wp-json\/wp\/v2\/media?parent=751793"}],"wp:term":[{"taxonomy":"product_brand","embeddable":true,"href":"https:\/\/stoic-curie.212-227-153-4.plesk.page\/pt\/wp-json\/wp\/v2\/product_brand?post=751793"},{"taxonomy":"product_cat","embeddable":true,"href":"https:\/\/stoic-curie.212-227-153-4.plesk.page\/pt\/wp-json\/wp\/v2\/product_cat?post=751793"},{"taxonomy":"product_tag","embeddable":true,"href":"https:\/\/stoic-curie.212-227-153-4.plesk.page\/pt\/wp-json\/wp\/v2\/product_tag?post=751793"}],"curies":[{"name":"wp","href":"https:\/\/api.w.org\/{rel}","templated":true}]}}