{"id":751794,"date":"2025-03-04T01:04:07","date_gmt":"2025-03-04T00:04:07","guid":{"rendered":"https:\/\/stoic-curie.212-227-153-4.plesk.page\/producto\/garmin-gpsmap-1223xsv\/"},"modified":"2026-02-25T00:28:24","modified_gmt":"2026-02-25T00:28:24","slug":"garmin-gpsmap-1223xsv","status":"publish","type":"product","link":"https:\/\/stoic-curie.212-227-153-4.plesk.page\/pt\/product\/garmin-gpsmap-1223xsv\/","title":{"rendered":"Garmin GPSMAP 1223xsv"},"content":{"rendered":"<p>Garmin GPSMAP 1223xsv &#8211; <\/p>\n<p>O Garmin GPSMAP\u00ae 1223xsv \u00e9 um sofisticado plotador e sonar de peixes que apresenta capacidades de sonar SideV\u00fc, ClearV\u00fc e CHIRP tradicional, juntamente com um abrangente mapa base mundial. Este dispositivo possui um display touchscreen de 12 polegadas IPS com uma resolu\u00e7\u00e3o de 1280 x 800 pixels, aprimorado por alto brilho de fundo e um acabamento antirreflexo para visibilidade ideal.<\/p>\n<p>Equipado com um receptor GPS integrado e um m\u00f3dulo CHIRP de 1W, o GPSMAP 1223xsv \u00e9 compat\u00edvel com uma variedade de transdutores, incluindo modelos tradicionais, All-in-One, Panoptix e UHD. Ele suporta a cartografia Garmin BlueChart e Garmin Navionics+, garantindo acesso a informa\u00e7\u00f5es detalhadas de navega\u00e7\u00e3o.<\/p>\n<p>A unidade inclui dois slots microSD, uma porta USB, uma porta HDMI, uma porta J1939 e op\u00e7\u00f5es de conectividade sem fio, al\u00e9m de compatibilidade com NMEA2000, Garmin Marine Network e ANT. Isso permite uma integra\u00e7\u00e3o perfeita com todos os sistemas a bordo.<\/p>\n<p>As principais caracter\u00edsticas incluem Auto Guidance, Active Captain, Sail Assist, Quickdraw Contours e fun\u00e7\u00f5es OneHelm, que melhoram a experi\u00eancia de navega\u00e7\u00e3o. O pacote vem completo com um suporte ajust\u00e1vel, um kit de montagem embutido, uma capa de tela e um cabo de energia\/dados. Observe que um transdutor deve ser adquirido separadamente.<\/p>\n<p><strong>Especifica\u00e7\u00f5es:<\/strong><\/p>\n<ul>\n<li><strong>Dimens\u00f5es:<\/strong> 12.1\u201d x 8.9\u201d x 3.2\u201d (30.8 x 22.8 x 8.2 cm)<\/li>\n<li><strong>Peso:<\/strong> 6.6 lbs (3.0 kg)<\/li>\n<li><strong>Avalia\u00e7\u00e3o de \u00c1gua:<\/strong> IPX7<\/li>\n<li><strong>Tipo de Display Touchscreen:<\/strong> WXGA<\/li>\n<li><strong>Tamanho do Display:<\/strong> 10.3&#8243; x 6.4&#8243;; 12.1&#8243; diagonal (26.2 x 16.3 cm; 30.7 cm diagonal)<\/li>\n<li><strong>Resolu\u00e7\u00e3o do Display:<\/strong> 1280 x 800 pixels<\/li>\n<li><strong>Op\u00e7\u00f5es de Montagem:<\/strong> Bail, embutido ou plano (observe que a Garmin n\u00e3o fornece hardware ou acess\u00f3rios para instala\u00e7\u00f5es planas; ferramentas e experi\u00eancia profissionais s\u00e3o necess\u00e1rias).<\/li>\n<\/ul>\n<p>Este avan\u00e7ado plotador e sonar de peixes foi projetado para atender \u00e0s necessidades de navegadores s\u00e9rios, oferecendo desempenho confi\u00e1vel e recursos abrangentes para navega\u00e7\u00e3o e pesca.<\/p>\n","protected":false},"excerpt":{"rendered":"<p>Garmin GPSMAP 1223xsv &#8211; O Garmin GPSMAP\u00ae 1223xsv \u00e9 um sofisticado plotador e sonar de peixes que apresenta capacidades de<\/p>\n","protected":false},"featured_media":5948024,"comment_status":"open","ping_status":"closed","template":"","meta":[],"product_brand":[2972],"product_cat":[2031],"product_tag":[],"class_list":{"0":"post-751794","1":"product","2":"type-product","3":"status-publish","4":"has-post-thumbnail","6":"product_brand-garmin-pt","7":"product_cat-equipamento-eletronico","9":"first","10":"instock","11":"shipping-taxable","12":"purchasable","13":"product-type-simple"},"_links":{"self":[{"href":"https:\/\/stoic-curie.212-227-153-4.plesk.page\/pt\/wp-json\/wp\/v2\/product\/751794","targetHints":{"allow":["GET"]}}],"collection":[{"href":"https:\/\/stoic-curie.212-227-153-4.plesk.page\/pt\/wp-json\/wp\/v2\/product"}],"about":[{"href":"https:\/\/stoic-curie.212-227-153-4.plesk.page\/pt\/wp-json\/wp\/v2\/types\/product"}],"replies":[{"embeddable":true,"href":"https:\/\/stoic-curie.212-227-153-4.plesk.page\/pt\/wp-json\/wp\/v2\/comments?post=751794"}],"version-history":[{"count":0,"href":"https:\/\/stoic-curie.212-227-153-4.plesk.page\/pt\/wp-json\/wp\/v2\/product\/751794\/revisions"}],"wp:featuredmedia":[{"embeddable":true,"href":"https:\/\/stoic-curie.212-227-153-4.plesk.page\/pt\/wp-json\/wp\/v2\/media\/5948024"}],"wp:attachment":[{"href":"https:\/\/stoic-curie.212-227-153-4.plesk.page\/pt\/wp-json\/wp\/v2\/media?parent=751794"}],"wp:term":[{"taxonomy":"product_brand","embeddable":true,"href":"https:\/\/stoic-curie.212-227-153-4.plesk.page\/pt\/wp-json\/wp\/v2\/product_brand?post=751794"},{"taxonomy":"product_cat","embeddable":true,"href":"https:\/\/stoic-curie.212-227-153-4.plesk.page\/pt\/wp-json\/wp\/v2\/product_cat?post=751794"},{"taxonomy":"product_tag","embeddable":true,"href":"https:\/\/stoic-curie.212-227-153-4.plesk.page\/pt\/wp-json\/wp\/v2\/product_tag?post=751794"}],"curies":[{"name":"wp","href":"https:\/\/api.w.org\/{rel}","templated":true}]}}