{"id":751798,"date":"2025-03-04T01:04:09","date_gmt":"2025-03-04T00:04:09","guid":{"rendered":"https:\/\/stoic-curie.212-227-153-4.plesk.page\/producto\/garmin-gpsmap-79s\/"},"modified":"2026-02-25T00:28:24","modified_gmt":"2026-02-25T00:28:24","slug":"garmin-gpsmap-79s","status":"publish","type":"product","link":"https:\/\/stoic-curie.212-227-153-4.plesk.page\/pt\/product\/garmin-gpsmap-79s\/","title":{"rendered":"Garmin GPSMAP 79s"},"content":{"rendered":"<p>Garmin GPSMAP 79s &#8211; <\/p>\n<p>Chartplotter GPS port\u00e1til flutuante \u00e0 prova d&#8217;\u00e1gua com tela sens\u00edvel ao toque de 240&#215;400 e display colorido de 3 polegadas, perfeitamente leg\u00edvel em qualquer condi\u00e7\u00e3o de ilumina\u00e7\u00e3o. Receptor GPS de alta sensibilidade com recep\u00e7\u00e3o r\u00e1pida e otimizada, mesmo nas piores condi\u00e7\u00f5es clim\u00e1ticas. Com b\u00fassola de 3 eixos, 8GB de mem\u00f3ria, mapa base pr\u00e9-carregado e suporte para mapeamento BlueChart G3. Compat\u00edvel com NMEA0183, permite a conex\u00e3o a todos os sistemas a bordo. Funciona com 2 pilhas AA e garante uma autonomia de 19 horas em consumo total. Completo com pulseira e cabo USB.<\/p>\n","protected":false},"excerpt":{"rendered":"<p>Garmin GPSMAP 79s &#8211; Chartplotter GPS port\u00e1til flutuante \u00e0 prova d&#8217;\u00e1gua com tela sens\u00edvel ao toque de 240&#215;400 e display<\/p>\n","protected":false},"featured_media":5948028,"comment_status":"open","ping_status":"closed","template":"","meta":[],"product_brand":[2972],"product_cat":[2031],"product_tag":[],"class_list":{"0":"post-751798","1":"product","2":"type-product","3":"status-publish","4":"has-post-thumbnail","6":"product_brand-garmin-pt","7":"product_cat-equipamento-eletronico","9":"first","10":"instock","11":"shipping-taxable","12":"purchasable","13":"product-type-simple"},"_links":{"self":[{"href":"https:\/\/stoic-curie.212-227-153-4.plesk.page\/pt\/wp-json\/wp\/v2\/product\/751798","targetHints":{"allow":["GET"]}}],"collection":[{"href":"https:\/\/stoic-curie.212-227-153-4.plesk.page\/pt\/wp-json\/wp\/v2\/product"}],"about":[{"href":"https:\/\/stoic-curie.212-227-153-4.plesk.page\/pt\/wp-json\/wp\/v2\/types\/product"}],"replies":[{"embeddable":true,"href":"https:\/\/stoic-curie.212-227-153-4.plesk.page\/pt\/wp-json\/wp\/v2\/comments?post=751798"}],"version-history":[{"count":0,"href":"https:\/\/stoic-curie.212-227-153-4.plesk.page\/pt\/wp-json\/wp\/v2\/product\/751798\/revisions"}],"wp:featuredmedia":[{"embeddable":true,"href":"https:\/\/stoic-curie.212-227-153-4.plesk.page\/pt\/wp-json\/wp\/v2\/media\/5948028"}],"wp:attachment":[{"href":"https:\/\/stoic-curie.212-227-153-4.plesk.page\/pt\/wp-json\/wp\/v2\/media?parent=751798"}],"wp:term":[{"taxonomy":"product_brand","embeddable":true,"href":"https:\/\/stoic-curie.212-227-153-4.plesk.page\/pt\/wp-json\/wp\/v2\/product_brand?post=751798"},{"taxonomy":"product_cat","embeddable":true,"href":"https:\/\/stoic-curie.212-227-153-4.plesk.page\/pt\/wp-json\/wp\/v2\/product_cat?post=751798"},{"taxonomy":"product_tag","embeddable":true,"href":"https:\/\/stoic-curie.212-227-153-4.plesk.page\/pt\/wp-json\/wp\/v2\/product_tag?post=751798"}],"curies":[{"name":"wp","href":"https:\/\/api.w.org\/{rel}","templated":true}]}}