{"id":751800,"date":"2025-03-04T01:04:10","date_gmt":"2025-03-04T00:04:10","guid":{"rendered":"https:\/\/stoic-curie.212-227-153-4.plesk.page\/producto\/garmin-quatix-6x-solar\/"},"modified":"2026-02-25T00:28:24","modified_gmt":"2026-02-25T00:28:24","slug":"garmin-quatix-6x-solar","status":"publish","type":"product","link":"https:\/\/stoic-curie.212-227-153-4.plesk.page\/pt\/product\/garmin-quatix-6x-solar\/","title":{"rendered":"Garmin Quatix 6x Solar"},"content":{"rendered":"<p>Garmin Quatix 6x Solar &#8211; <\/p>\n<p style=\"color: rgb(34, 34, 34); font-family: Arial, Helvetica, sans-serif; font-size: small;\">Desfrute de mais tempo na \u00e1gua sem a necessidade de recarregar sua bateria. O GARMIN QUATIX 6X Solar possui uma lente de carregamento solar que aproveita a luz do sol para prolongar o tempo de opera\u00e7\u00e3o do rel\u00f3gio. Este display de 1,4 polegadas \u00e9 especialmente projetado para esportes aqu\u00e1ticos, combinando os melhores recursos da s\u00e9rie Garmin fenix 6 com fun\u00e7\u00f5es essenciais para atividades aqu\u00e1ticas.<\/p>\n<p style=\"color: rgb(34, 34, 34); font-family: Arial, Helvetica, sans-serif; font-size: small;\">Aproveite recursos como controle de piloto autom\u00e1tico e gerenciamento do sistema de \u00e1udio Fusion-Link. Voc\u00ea tamb\u00e9m pode acessar dados de navega\u00e7\u00e3o vitais a partir do seu chartplotter GARMIN compat\u00edvel, incluindo informa\u00e7\u00f5es em tempo real sobre profundidade da \u00e1gua, velocidade e temperatura. O GARMIN QUATIX 6 permite que voc\u00ea interaja de forma integrada com seu chartplotter, possibilitando a r\u00e1pida defini\u00e7\u00e3o de marcadores para que voc\u00ea possa retornar facilmente a seus pontos de pesca favoritos. \u00c9 compat\u00edvel com os gr\u00e1ficos GARMIN BlueChart g3 e inclui recursos GARMIN SailAssist.<\/p>\n<p style=\"color: rgb(34, 34, 34); font-family: Arial, Helvetica, sans-serif; font-size: small;\">Para os entusiastas de esportes, o QUATIX 6 oferece aplicativos especializados para rastrear atividades tanto na \u00e1gua quanto em terra, incluindo stand-up paddle, caiaque, golfe e trilhas. Com uma ampla gama de fun\u00e7\u00f5es, o QUATIX 6 \u00e9 o companheiro perfeito para os amantes do esporte, seja na \u00e1gua ou em terra. Este smartwatch possui GPS, Bluetooth e conectividade sem fio, integrando-se suavemente a todos os sistemas a bordo. Ele conta com um display anti-riscos e sem reflexos de 1,3 polegadas e uma potente bateria recarreg\u00e1vel. Al\u00e9m disso, est\u00e1 equipado com um bar\u00f4metro, alt\u00edmetro, b\u00fassola e todas as fun\u00e7\u00f5es necess\u00e1rias para navega\u00e7\u00e3o, vela e regatas. Voc\u00ea tamb\u00e9m pode conectar seu smartphone para receber e-mails e mensagens, monitorar sua frequ\u00eancia card\u00edaca e utilizar um sistema de pagamento por aproxima\u00e7\u00e3o, entre outros recursos. O rel\u00f3gio \u00e9 \u00e0 prova d&#8217;\u00e1gua at\u00e9 100 metros.<\/p>\n<p style=\"color: rgb(34, 34, 34); font-family: Arial, Helvetica, sans-serif; font-size: small;\">A vers\u00e3o Titanium inclui uma lente de safira genu\u00edna, um caixa de tit\u00e2nio e uma pulseira al\u00e9m da pulseira de silicone padr\u00e3o. A vers\u00e3o Solar conta com uma caixa e pulseira de tit\u00e2nio, juntamente com c\u00e9lulas solares que melhoram a vida \u00fatil da bateria.<\/p>\n","protected":false},"excerpt":{"rendered":"<p>Garmin Quatix 6x Solar &#8211; Desfrute de mais tempo na \u00e1gua sem a necessidade de recarregar sua bateria. O GARMIN<\/p>\n","protected":false},"featured_media":5948030,"comment_status":"open","ping_status":"closed","template":"","meta":[],"product_brand":[2972],"product_cat":[2031],"product_tag":[],"class_list":{"0":"post-751800","1":"product","2":"type-product","3":"status-publish","4":"has-post-thumbnail","6":"product_brand-garmin-pt","7":"product_cat-equipamento-eletronico","9":"first","10":"instock","11":"shipping-taxable","12":"purchasable","13":"product-type-simple"},"_links":{"self":[{"href":"https:\/\/stoic-curie.212-227-153-4.plesk.page\/pt\/wp-json\/wp\/v2\/product\/751800","targetHints":{"allow":["GET"]}}],"collection":[{"href":"https:\/\/stoic-curie.212-227-153-4.plesk.page\/pt\/wp-json\/wp\/v2\/product"}],"about":[{"href":"https:\/\/stoic-curie.212-227-153-4.plesk.page\/pt\/wp-json\/wp\/v2\/types\/product"}],"replies":[{"embeddable":true,"href":"https:\/\/stoic-curie.212-227-153-4.plesk.page\/pt\/wp-json\/wp\/v2\/comments?post=751800"}],"version-history":[{"count":0,"href":"https:\/\/stoic-curie.212-227-153-4.plesk.page\/pt\/wp-json\/wp\/v2\/product\/751800\/revisions"}],"wp:featuredmedia":[{"embeddable":true,"href":"https:\/\/stoic-curie.212-227-153-4.plesk.page\/pt\/wp-json\/wp\/v2\/media\/5948030"}],"wp:attachment":[{"href":"https:\/\/stoic-curie.212-227-153-4.plesk.page\/pt\/wp-json\/wp\/v2\/media?parent=751800"}],"wp:term":[{"taxonomy":"product_brand","embeddable":true,"href":"https:\/\/stoic-curie.212-227-153-4.plesk.page\/pt\/wp-json\/wp\/v2\/product_brand?post=751800"},{"taxonomy":"product_cat","embeddable":true,"href":"https:\/\/stoic-curie.212-227-153-4.plesk.page\/pt\/wp-json\/wp\/v2\/product_cat?post=751800"},{"taxonomy":"product_tag","embeddable":true,"href":"https:\/\/stoic-curie.212-227-153-4.plesk.page\/pt\/wp-json\/wp\/v2\/product_tag?post=751800"}],"curies":[{"name":"wp","href":"https:\/\/api.w.org\/{rel}","templated":true}]}}