{"id":751804,"date":"2025-03-04T01:04:11","date_gmt":"2025-03-04T00:04:11","guid":{"rendered":"https:\/\/stoic-curie.212-227-153-4.plesk.page\/producto\/glomex-rhea-v8100n\/"},"modified":"2026-02-25T00:28:24","modified_gmt":"2026-02-25T00:28:24","slug":"glomex-rhea-v8100n","status":"publish","type":"product","link":"https:\/\/stoic-curie.212-227-153-4.plesk.page\/pt\/product\/glomex-rhea-v8100n\/","title":{"rendered":"Glomex RHEA V8100N"},"content":{"rendered":"<p>Glomex RHEA V8100N &#8211; <\/p>\n<p>A antena Glomex Rhea estabilizada por girosc\u00f3pio recebe sinais de TV Full-HD DVB-S2 4K. Possui controle sem fio Bluetooth adicional com um aplicativo dedicado gratuito, uma antena parab\u00f3lica de 47 cm e consumo reduzido (1,5 A-12\/24V). Desempenho excepcional gra\u00e7as ao novo software de pesquisa de sinais, ao inovador sistema de redu\u00e7\u00e3o de ru\u00eddo STO (Silent Tracking Operation) e \u00e0 nova eletr\u00f4nica que permite a compensa\u00e7\u00e3o de perdas de qualidade devido ao aumento dos sat\u00e9lites na \u00f3rbita terrestre durante a transmiss\u00e3o em frequ\u00eancia. A faixa de eleva\u00e7\u00e3o (0\u00b0\/90\u00b0) garante a recep\u00e7\u00e3o de sinais mesmo nas bordas da \u00e1rea de cobertura. Equipado com 1 sa\u00edda de TV. F\u00e1cil de instalar, completo com 10 m de cabo coaxial, extens\u00e3o de antena e unidade de controle. O radome vazio \u00e9 fornecido com parafusos e vedantes de borracha.<\/p>\n<p>A Rhea &#8220;NEO&#8221; \u00e9 uma antena de TV via sat\u00e9lite FULL-HD \/ 4K com controle sem fio avan\u00e7ado que possui um prato de 47 cm (18\u201d). Esta antena inovadora incorpora um sistema de travamento de sat\u00e9lites altamente eficiente, garantindo desempenho confi\u00e1vel mesmo em condi\u00e7\u00f5es mar\u00edtimas desafiadoras, gra\u00e7as \u00e0 sua eletr\u00f4nica e mec\u00e2nica totalmente redesenhadas. Possui um processador mais poderoso, um driver mais r\u00e1pido e uma estrutura mais robusta.<\/p>\n<p>Al\u00e9m disso, a nova eletr\u00f4nica foi projetada para que a Rhea &#8220;NEO&#8221; seja excepcionalmente silenciosa durante as fases de busca e rastreamento de sat\u00e9lites. Com a integra\u00e7\u00e3o de um sistema de GPS de \u00faltima gera\u00e7\u00e3o, a Rhea &#8220;NEO&#8221; pode armazenar posi\u00e7\u00f5es de navega\u00e7\u00e3o anteriores e melhorar a recep\u00e7\u00e3o de sinal, mesmo nas periferias da \u00e1rea de cobertura. Como todas as novas antenas de TV via sat\u00e9lite Glomex &#8220;NEO&#8221;, a Rhea &#8220;NEO&#8221; pode ser gerida facilmente atrav\u00e9s de um aplicativo gratuito dispon\u00edvel para dispositivos iOS e Android.<\/p>\n<p>Ao baixar o aplicativo, os usu\u00e1rios podem controlar sem esfor\u00e7o as antenas de TV via sat\u00e9lite &#8220;NEO&#8221; atrav\u00e9s do Bluetooth\u00ae usando seu smartphone ou tablet. O aplicativo permite:<\/p>\n<ul>\n<li>Atualizar a lista de sat\u00e9lites<\/li>\n<li>Atualizar o firmware da antena<\/li>\n<li>Selecionar e alternar entre sat\u00e9lites<\/li>\n<li>Enviar os par\u00e2metros de opera\u00e7\u00e3o da antena para suporte t\u00e9cnico se necess\u00e1rio<\/li>\n<\/ul>\n<p>Essa combina\u00e7\u00e3o de tecnologia avan\u00e7ada e gerenciamento f\u00e1cil de usar faz da Rhea &#8220;NEO&#8221; uma excelente escolha para propriet\u00e1rios de barcos em busca de solu\u00e7\u00f5es confi\u00e1veis de TV via sat\u00e9lite.<\/p>\n","protected":false},"excerpt":{"rendered":"<p>Glomex RHEA V8100N &#8211; A antena Glomex Rhea estabilizada por girosc\u00f3pio recebe sinais de TV Full-HD DVB-S2 4K. Possui controle<\/p>\n","protected":false},"featured_media":5948050,"comment_status":"open","ping_status":"closed","template":"","meta":[],"product_brand":[2982],"product_cat":[2041],"product_tag":[],"class_list":{"0":"post-751804","1":"product","2":"type-product","3":"status-publish","4":"has-post-thumbnail","6":"product_brand-glomex-pt","7":"product_cat-antenas-tv","9":"first","10":"instock","11":"shipping-taxable","12":"purchasable","13":"product-type-simple"},"_links":{"self":[{"href":"https:\/\/stoic-curie.212-227-153-4.plesk.page\/pt\/wp-json\/wp\/v2\/product\/751804","targetHints":{"allow":["GET"]}}],"collection":[{"href":"https:\/\/stoic-curie.212-227-153-4.plesk.page\/pt\/wp-json\/wp\/v2\/product"}],"about":[{"href":"https:\/\/stoic-curie.212-227-153-4.plesk.page\/pt\/wp-json\/wp\/v2\/types\/product"}],"replies":[{"embeddable":true,"href":"https:\/\/stoic-curie.212-227-153-4.plesk.page\/pt\/wp-json\/wp\/v2\/comments?post=751804"}],"version-history":[{"count":0,"href":"https:\/\/stoic-curie.212-227-153-4.plesk.page\/pt\/wp-json\/wp\/v2\/product\/751804\/revisions"}],"wp:featuredmedia":[{"embeddable":true,"href":"https:\/\/stoic-curie.212-227-153-4.plesk.page\/pt\/wp-json\/wp\/v2\/media\/5948050"}],"wp:attachment":[{"href":"https:\/\/stoic-curie.212-227-153-4.plesk.page\/pt\/wp-json\/wp\/v2\/media?parent=751804"}],"wp:term":[{"taxonomy":"product_brand","embeddable":true,"href":"https:\/\/stoic-curie.212-227-153-4.plesk.page\/pt\/wp-json\/wp\/v2\/product_brand?post=751804"},{"taxonomy":"product_cat","embeddable":true,"href":"https:\/\/stoic-curie.212-227-153-4.plesk.page\/pt\/wp-json\/wp\/v2\/product_cat?post=751804"},{"taxonomy":"product_tag","embeddable":true,"href":"https:\/\/stoic-curie.212-227-153-4.plesk.page\/pt\/wp-json\/wp\/v2\/product_tag?post=751804"}],"curies":[{"name":"wp","href":"https:\/\/api.w.org\/{rel}","templated":true}]}}