{"id":751806,"date":"2025-03-04T01:04:12","date_gmt":"2025-03-04T00:04:12","guid":{"rendered":"https:\/\/stoic-curie.212-227-153-4.plesk.page\/producto\/garmin-ais-800\/"},"modified":"2026-02-25T00:28:24","modified_gmt":"2026-02-25T00:28:24","slug":"garmin-ais-800","status":"publish","type":"product","link":"https:\/\/stoic-curie.212-227-153-4.plesk.page\/pt\/product\/garmin-ais-800\/","title":{"rendered":"Garmin AIS 800"},"content":{"rendered":"<p>Garmin AIS 800 &#8211; <\/p>\n<p style=\"color: rgb(34, 34, 34); font-family: Arial, Helvetica, sans-serif; font-size: small;\"> Apresentamos o transceptor Garmin AIS 800 Classe B\/SO, que vem com GPS e antena integrados. Este dispositivo permite que voc\u00ea visualize dados AIS de barcos pr\u00f3ximos e envie automaticamente suas pr\u00f3prias informa\u00e7\u00f5es com uma pot\u00eancia de sa\u00edda de 5 watts. Com seu divisor ativo integrado, voc\u00ea pode usar a mesma antena VHF sem precisar de instala\u00e7\u00f5es adicionais. Gra\u00e7as \u00e0 conectividade NMEA 0183\/2000, ele se integra perfeitamente a todos os sistemas a bordo. O pacote inclui um cabo NMEA 2000 de 2 metros, um conector em T, um cabo coaxial de 1,2 metros, um cabo USB e um cabo de alimenta\u00e7\u00e3o.<\/p>\n<p style=\"color: rgb(34, 34, 34); font-family: Arial, Helvetica, sans-serif; font-size: small;\"><strong>Mantenha-se Seguro na \u00c1gua<\/strong><\/p>\n<p style=\"color: rgb(34, 34, 34); font-family: Arial, Helvetica, sans-serif; font-size: small;\"> Este dispositivo de comunica\u00e7\u00e3o f\u00e1cil de usar e confi\u00e1vel transmite as informa\u00e7\u00f5es de sua embarca\u00e7\u00e3o para outros receptores AIS pr\u00f3ximos, enquanto tamb\u00e9m recebe dados de alvos AIS. Com 5 watts de pot\u00eancia de transmiss\u00e3o, a Classe B\/SO fornece relat\u00f3rios de posi\u00e7\u00e3o mais r\u00e1pidos do que nunca. O GPS embutido inclui um conector para uma antena externa opcional e a conectividade NMEA 2000\u00ae permite uma f\u00e1cil integra\u00e7\u00e3o com plotters compat\u00edveis e telas multifuncionais. O divisor interno de antena VHF permite que VHF e AIS compartilhem uma \u00fanica antena.<\/p>\n<p style=\"color: rgb(34, 34, 34); font-family: Arial, Helvetica, sans-serif; font-size: small;\"> Aumente sua conscientiza\u00e7\u00e3o situacional e confian\u00e7a na \u00e1gua com o transceptor Garmin AIS 800. Ele apresenta 5 watts de pot\u00eancia de transmiss\u00e3o para relat\u00f3rios de posi\u00e7\u00e3o mais r\u00e1pidos. Este dispositivo transmite as informa\u00e7\u00f5es de sua embarca\u00e7\u00e3o para outros receptores AIS enquanto recebe seus dados. O divisor interno de antena VHF permite o uso compartilhado de uma \u00fanica antena para VHF e AIS. Com GPS embutido e integra\u00e7\u00e3o perfeita no sistema de bordo da Garmin, o transceptor tamb\u00e9m oferece conectividade NMEA 2000\/0183 para f\u00e1cil compatibilidade com plotters e telas multifuncionais. Tudo isso \u00e9 convenientemente armazenado em uma unidade compacta e de f\u00e1cil instala\u00e7\u00e3o.<\/p>\n","protected":false},"excerpt":{"rendered":"<p>Garmin AIS 800 &#8211; Apresentamos o transceptor Garmin AIS 800 Classe B\/SO, que vem com GPS e antena integrados. Este<\/p>\n","protected":false},"featured_media":5948055,"comment_status":"open","ping_status":"closed","template":"","meta":[],"product_brand":[2972],"product_cat":[2031],"product_tag":[],"class_list":{"0":"post-751806","1":"product","2":"type-product","3":"status-publish","4":"has-post-thumbnail","6":"product_brand-garmin-pt","7":"product_cat-equipamento-eletronico","9":"first","10":"instock","11":"shipping-taxable","12":"purchasable","13":"product-type-simple"},"_links":{"self":[{"href":"https:\/\/stoic-curie.212-227-153-4.plesk.page\/pt\/wp-json\/wp\/v2\/product\/751806","targetHints":{"allow":["GET"]}}],"collection":[{"href":"https:\/\/stoic-curie.212-227-153-4.plesk.page\/pt\/wp-json\/wp\/v2\/product"}],"about":[{"href":"https:\/\/stoic-curie.212-227-153-4.plesk.page\/pt\/wp-json\/wp\/v2\/types\/product"}],"replies":[{"embeddable":true,"href":"https:\/\/stoic-curie.212-227-153-4.plesk.page\/pt\/wp-json\/wp\/v2\/comments?post=751806"}],"version-history":[{"count":0,"href":"https:\/\/stoic-curie.212-227-153-4.plesk.page\/pt\/wp-json\/wp\/v2\/product\/751806\/revisions"}],"wp:featuredmedia":[{"embeddable":true,"href":"https:\/\/stoic-curie.212-227-153-4.plesk.page\/pt\/wp-json\/wp\/v2\/media\/5948055"}],"wp:attachment":[{"href":"https:\/\/stoic-curie.212-227-153-4.plesk.page\/pt\/wp-json\/wp\/v2\/media?parent=751806"}],"wp:term":[{"taxonomy":"product_brand","embeddable":true,"href":"https:\/\/stoic-curie.212-227-153-4.plesk.page\/pt\/wp-json\/wp\/v2\/product_brand?post=751806"},{"taxonomy":"product_cat","embeddable":true,"href":"https:\/\/stoic-curie.212-227-153-4.plesk.page\/pt\/wp-json\/wp\/v2\/product_cat?post=751806"},{"taxonomy":"product_tag","embeddable":true,"href":"https:\/\/stoic-curie.212-227-153-4.plesk.page\/pt\/wp-json\/wp\/v2\/product_tag?post=751806"}],"curies":[{"name":"wp","href":"https:\/\/api.w.org\/{rel}","templated":true}]}}