{"id":751810,"date":"2025-03-04T01:04:13","date_gmt":"2025-03-04T00:04:13","guid":{"rendered":"https:\/\/stoic-curie.212-227-153-4.plesk.page\/producto\/garmin-ghs11i\/"},"modified":"2026-02-25T00:28:24","modified_gmt":"2026-02-25T00:28:24","slug":"garmin-ghs11i","status":"publish","type":"product","link":"https:\/\/stoic-curie.212-227-153-4.plesk.page\/pt\/product\/garmin-ghs11i\/","title":{"rendered":"Garmin GHS11i"},"content":{"rendered":"<p>Garmin GHS11i &#8211; <\/p>\n<p>Sistema modular DSC Class D Garmin VHF 315i com uma unidade central preta que pode ser conectada a at\u00e9 3 esta\u00e7\u00f5es de microfone\/auricular GHS11i. Ideal para sistemas de m\u00faltiplas esta\u00e7\u00f5es ou onde n\u00e3o h\u00e1 espa\u00e7o para instala\u00e7\u00e3o no painel. Integra-se perfeitamente com outros sistemas, gra\u00e7as \u00e0 conectividade NMEA0183\/2000. <br \/>Inclui v\u00e1rias fun\u00e7\u00f5es VHF da Garmin, como correio de voz para grava\u00e7\u00e3o\/transmiss\u00e3o cont\u00ednua, repeti\u00e7\u00e3o para grava\u00e7\u00e3o dos \u00faltimos 90 segundos e Buddy Tracking para rastrear outras embarca\u00e7\u00f5es com dispositivos Garmin. Cont\u00e9m o pacote b\u00e1sico da unidade VHF315i, o auricular GHS11i, um alto-falante ativo, cabo de alimenta\u00e7\u00e3o, cabo de conv\u00e9s de 10 m, suporte duplo para microfone e hardware de montagem. Dimens\u00f5es: 205 x 181 x H60 mm<\/p>\n","protected":false},"excerpt":{"rendered":"<p>Garmin GHS11i &#8211; Sistema modular DSC Class D Garmin VHF 315i com uma unidade central preta que pode ser conectada<\/p>\n","protected":false},"featured_media":5948065,"comment_status":"open","ping_status":"closed","template":"","meta":[],"product_brand":[2972],"product_cat":[2031],"product_tag":[],"class_list":{"0":"post-751810","1":"product","2":"type-product","3":"status-publish","4":"has-post-thumbnail","6":"product_brand-garmin-pt","7":"product_cat-equipamento-eletronico","9":"first","10":"instock","11":"shipping-taxable","12":"purchasable","13":"product-type-simple"},"_links":{"self":[{"href":"https:\/\/stoic-curie.212-227-153-4.plesk.page\/pt\/wp-json\/wp\/v2\/product\/751810","targetHints":{"allow":["GET"]}}],"collection":[{"href":"https:\/\/stoic-curie.212-227-153-4.plesk.page\/pt\/wp-json\/wp\/v2\/product"}],"about":[{"href":"https:\/\/stoic-curie.212-227-153-4.plesk.page\/pt\/wp-json\/wp\/v2\/types\/product"}],"replies":[{"embeddable":true,"href":"https:\/\/stoic-curie.212-227-153-4.plesk.page\/pt\/wp-json\/wp\/v2\/comments?post=751810"}],"version-history":[{"count":0,"href":"https:\/\/stoic-curie.212-227-153-4.plesk.page\/pt\/wp-json\/wp\/v2\/product\/751810\/revisions"}],"wp:featuredmedia":[{"embeddable":true,"href":"https:\/\/stoic-curie.212-227-153-4.plesk.page\/pt\/wp-json\/wp\/v2\/media\/5948065"}],"wp:attachment":[{"href":"https:\/\/stoic-curie.212-227-153-4.plesk.page\/pt\/wp-json\/wp\/v2\/media?parent=751810"}],"wp:term":[{"taxonomy":"product_brand","embeddable":true,"href":"https:\/\/stoic-curie.212-227-153-4.plesk.page\/pt\/wp-json\/wp\/v2\/product_brand?post=751810"},{"taxonomy":"product_cat","embeddable":true,"href":"https:\/\/stoic-curie.212-227-153-4.plesk.page\/pt\/wp-json\/wp\/v2\/product_cat?post=751810"},{"taxonomy":"product_tag","embeddable":true,"href":"https:\/\/stoic-curie.212-227-153-4.plesk.page\/pt\/wp-json\/wp\/v2\/product_tag?post=751810"}],"curies":[{"name":"wp","href":"https:\/\/api.w.org\/{rel}","templated":true}]}}