{"id":751816,"date":"2025-03-04T01:04:15","date_gmt":"2025-03-04T00:04:15","guid":{"rendered":"https:\/\/stoic-curie.212-227-153-4.plesk.page\/producto\/kit-de-primeiros-socorros-nautikit\/"},"modified":"2026-02-25T00:28:24","modified_gmt":"2026-02-25T00:28:24","slug":"kit-de-primeiros-socorros-nautikit","status":"publish","type":"product","link":"https:\/\/stoic-curie.212-227-153-4.plesk.page\/pt\/product\/kit-de-primeiros-socorros-nautikit\/","title":{"rendered":"Kit de Primeiros Socorros Nautikit"},"content":{"rendered":"<p>Kit de Primeiros Socorros Nautikit &#8211; <\/p>\n<p>Kit de primeiros socorros vedado para armazenamento Nautikit M com suportes de montagem na parede inclu\u00eddos. Ideal para embarca\u00e7\u00f5es recreativas estrangeiras com tripula\u00e7\u00e3o n\u00e3o profissional.<\/p>\n","protected":false},"excerpt":{"rendered":"<p>Kit de Primeiros Socorros Nautikit &#8211; Kit de primeiros socorros vedado para armazenamento Nautikit M com suportes de montagem na<\/p>\n","protected":false},"featured_media":5948081,"comment_status":"open","ping_status":"closed","template":"","meta":[],"product_brand":[2166,3237],"product_cat":[1892],"product_tag":[],"class_list":{"0":"post-751816","1":"product","2":"type-product","3":"status-publish","4":"has-post-thumbnail","6":"product_brand-osculati","7":"product_brand-osculati-pt","8":"product_cat-acessorios-de-seguranca","10":"first","11":"instock","12":"shipping-taxable","13":"purchasable","14":"product-type-simple"},"_links":{"self":[{"href":"https:\/\/stoic-curie.212-227-153-4.plesk.page\/pt\/wp-json\/wp\/v2\/product\/751816","targetHints":{"allow":["GET"]}}],"collection":[{"href":"https:\/\/stoic-curie.212-227-153-4.plesk.page\/pt\/wp-json\/wp\/v2\/product"}],"about":[{"href":"https:\/\/stoic-curie.212-227-153-4.plesk.page\/pt\/wp-json\/wp\/v2\/types\/product"}],"replies":[{"embeddable":true,"href":"https:\/\/stoic-curie.212-227-153-4.plesk.page\/pt\/wp-json\/wp\/v2\/comments?post=751816"}],"version-history":[{"count":0,"href":"https:\/\/stoic-curie.212-227-153-4.plesk.page\/pt\/wp-json\/wp\/v2\/product\/751816\/revisions"}],"wp:featuredmedia":[{"embeddable":true,"href":"https:\/\/stoic-curie.212-227-153-4.plesk.page\/pt\/wp-json\/wp\/v2\/media\/5948081"}],"wp:attachment":[{"href":"https:\/\/stoic-curie.212-227-153-4.plesk.page\/pt\/wp-json\/wp\/v2\/media?parent=751816"}],"wp:term":[{"taxonomy":"product_brand","embeddable":true,"href":"https:\/\/stoic-curie.212-227-153-4.plesk.page\/pt\/wp-json\/wp\/v2\/product_brand?post=751816"},{"taxonomy":"product_cat","embeddable":true,"href":"https:\/\/stoic-curie.212-227-153-4.plesk.page\/pt\/wp-json\/wp\/v2\/product_cat?post=751816"},{"taxonomy":"product_tag","embeddable":true,"href":"https:\/\/stoic-curie.212-227-153-4.plesk.page\/pt\/wp-json\/wp\/v2\/product_tag?post=751816"}],"curies":[{"name":"wp","href":"https:\/\/api.w.org\/{rel}","templated":true}]}}