{"id":751819,"date":"2025-03-04T01:04:16","date_gmt":"2025-03-04T00:04:16","guid":{"rendered":"https:\/\/stoic-curie.212-227-153-4.plesk.page\/producto\/suporte-de-aco-inoxidavel-para-balsas-salva-vidas-dim-520-x-750-x-h200-mm\/"},"modified":"2026-02-25T00:28:24","modified_gmt":"2026-02-25T00:28:24","slug":"suporte-de-aco-inoxidavel-para-balsas-salva-vidas-dim-520-x-750-x-h200-mm","status":"publish","type":"product","link":"https:\/\/stoic-curie.212-227-153-4.plesk.page\/pt\/product\/suporte-de-aco-inoxidavel-para-balsas-salva-vidas-dim-520-x-750-x-h200-mm\/","title":{"rendered":"Suporte de A\u00e7o Inoxid\u00e1vel para balsas salva-vidas dim 520 x 750 x h200 mm"},"content":{"rendered":"<p>Suporte de A\u00e7o Inoxid\u00e1vel para balsas salva-vidas dim 520 x 750 x h200 mm &#8211; <\/p>\n<p>Suporte ajust\u00e1vel de a\u00e7o inoxid\u00e1vel, compat\u00edvel com a maioria das balsas salva-vidas. Completo com grampos para fixa\u00e7\u00e3o em ambos de proa, corrim\u00e3os, barras de rolagem, etc.<\/p>\n","protected":false},"excerpt":{"rendered":"<p>Suporte de A\u00e7o Inoxid\u00e1vel para balsas salva-vidas dim 520 x 750 x h200 mm &#8211; Suporte ajust\u00e1vel de a\u00e7o inoxid\u00e1vel,<\/p>\n","protected":false},"featured_media":5948084,"comment_status":"open","ping_status":"closed","template":"","meta":[],"product_brand":[2927],"product_cat":[1894],"product_tag":[],"class_list":{"0":"post-751819","1":"product","2":"type-product","3":"status-publish","4":"has-post-thumbnail","6":"product_brand-eurovinil-pt","7":"product_cat-jangadas-salva-vidas","9":"first","10":"instock","11":"shipping-taxable","12":"purchasable","13":"product-type-simple"},"_links":{"self":[{"href":"https:\/\/stoic-curie.212-227-153-4.plesk.page\/pt\/wp-json\/wp\/v2\/product\/751819","targetHints":{"allow":["GET"]}}],"collection":[{"href":"https:\/\/stoic-curie.212-227-153-4.plesk.page\/pt\/wp-json\/wp\/v2\/product"}],"about":[{"href":"https:\/\/stoic-curie.212-227-153-4.plesk.page\/pt\/wp-json\/wp\/v2\/types\/product"}],"replies":[{"embeddable":true,"href":"https:\/\/stoic-curie.212-227-153-4.plesk.page\/pt\/wp-json\/wp\/v2\/comments?post=751819"}],"version-history":[{"count":0,"href":"https:\/\/stoic-curie.212-227-153-4.plesk.page\/pt\/wp-json\/wp\/v2\/product\/751819\/revisions"}],"wp:featuredmedia":[{"embeddable":true,"href":"https:\/\/stoic-curie.212-227-153-4.plesk.page\/pt\/wp-json\/wp\/v2\/media\/5948084"}],"wp:attachment":[{"href":"https:\/\/stoic-curie.212-227-153-4.plesk.page\/pt\/wp-json\/wp\/v2\/media?parent=751819"}],"wp:term":[{"taxonomy":"product_brand","embeddable":true,"href":"https:\/\/stoic-curie.212-227-153-4.plesk.page\/pt\/wp-json\/wp\/v2\/product_brand?post=751819"},{"taxonomy":"product_cat","embeddable":true,"href":"https:\/\/stoic-curie.212-227-153-4.plesk.page\/pt\/wp-json\/wp\/v2\/product_cat?post=751819"},{"taxonomy":"product_tag","embeddable":true,"href":"https:\/\/stoic-curie.212-227-153-4.plesk.page\/pt\/wp-json\/wp\/v2\/product_tag?post=751819"}],"curies":[{"name":"wp","href":"https:\/\/api.w.org\/{rel}","templated":true}]}}