{"id":751820,"date":"2025-03-04T01:04:16","date_gmt":"2025-03-04T00:04:16","guid":{"rendered":"https:\/\/stoic-curie.212-227-153-4.plesk.page\/producto\/boia-salva-vidas-vermelha\/"},"modified":"2026-02-25T00:28:24","modified_gmt":"2026-02-25T00:28:24","slug":"boia-salva-vidas-vermelha","status":"publish","type":"product","link":"https:\/\/stoic-curie.212-227-153-4.plesk.page\/pt\/product\/boia-salva-vidas-vermelha\/","title":{"rendered":"B\u00f3ia Salva-vidas Vermelha"},"content":{"rendered":"<p>B\u00f3ia Salva-vidas Vermelha &#8211; <\/p>\n<p>B\u00f3ia em forma de ferradura com n\u00facleo de espuma de poliuretano de c\u00e9lula fechada. Com capa e fecho de zipper. N\u00e3o homologada.<\/p>\n","protected":false},"excerpt":{"rendered":"<p>B\u00f3ia Salva-vidas Vermelha &#8211; B\u00f3ia em forma de ferradura com n\u00facleo de espuma de poliuretano de c\u00e9lula fechada. Com capa<\/p>\n","protected":false},"featured_media":5939602,"comment_status":"open","ping_status":"closed","template":"","meta":[],"product_brand":[2182,3492],"product_cat":[1891],"product_tag":[],"class_list":{"0":"post-751820","1":"product","2":"type-product","3":"status-publish","4":"has-post-thumbnail","6":"product_brand-trem","7":"product_brand-trem-pt","8":"product_cat-boias-e-retinidas-salva-vidas","10":"first","11":"instock","12":"shipping-taxable","13":"purchasable","14":"product-type-simple"},"_links":{"self":[{"href":"https:\/\/stoic-curie.212-227-153-4.plesk.page\/pt\/wp-json\/wp\/v2\/product\/751820","targetHints":{"allow":["GET"]}}],"collection":[{"href":"https:\/\/stoic-curie.212-227-153-4.plesk.page\/pt\/wp-json\/wp\/v2\/product"}],"about":[{"href":"https:\/\/stoic-curie.212-227-153-4.plesk.page\/pt\/wp-json\/wp\/v2\/types\/product"}],"replies":[{"embeddable":true,"href":"https:\/\/stoic-curie.212-227-153-4.plesk.page\/pt\/wp-json\/wp\/v2\/comments?post=751820"}],"version-history":[{"count":0,"href":"https:\/\/stoic-curie.212-227-153-4.plesk.page\/pt\/wp-json\/wp\/v2\/product\/751820\/revisions"}],"wp:featuredmedia":[{"embeddable":true,"href":"https:\/\/stoic-curie.212-227-153-4.plesk.page\/pt\/wp-json\/wp\/v2\/media\/5939602"}],"wp:attachment":[{"href":"https:\/\/stoic-curie.212-227-153-4.plesk.page\/pt\/wp-json\/wp\/v2\/media?parent=751820"}],"wp:term":[{"taxonomy":"product_brand","embeddable":true,"href":"https:\/\/stoic-curie.212-227-153-4.plesk.page\/pt\/wp-json\/wp\/v2\/product_brand?post=751820"},{"taxonomy":"product_cat","embeddable":true,"href":"https:\/\/stoic-curie.212-227-153-4.plesk.page\/pt\/wp-json\/wp\/v2\/product_cat?post=751820"},{"taxonomy":"product_tag","embeddable":true,"href":"https:\/\/stoic-curie.212-227-153-4.plesk.page\/pt\/wp-json\/wp\/v2\/product_tag?post=751820"}],"curies":[{"name":"wp","href":"https:\/\/api.w.org\/{rel}","templated":true}]}}