{"id":751827,"date":"2025-03-04T01:04:19","date_gmt":"2025-03-04T00:04:19","guid":{"rendered":"https:\/\/stoic-curie.212-227-153-4.plesk.page\/producto\/suporte-de-aluminio-150cm-para-contentor-de-boias-salva-vidas\/"},"modified":"2026-02-25T00:28:24","modified_gmt":"2026-02-25T00:28:24","slug":"suporte-de-aluminio-150cm-para-contentor-de-boias-salva-vidas","status":"publish","type":"product","link":"https:\/\/stoic-curie.212-227-153-4.plesk.page\/pt\/product\/suporte-de-aluminio-150cm-para-contentor-de-boias-salva-vidas\/","title":{"rendered":"Suporte de Alum\u00ednio 150cm para Contentor de B\u00f3ias Salva-Vidas"},"content":{"rendered":"<p>Suporte de Alum\u00ednio 150cm para Contentor de B\u00f3ias Salva-Vidas &#8211; <\/p>\n<p>Recipiente aberto para cordas de resgate e b\u00f3ias de salva-vidas com at\u00e9 750 mm de di\u00e2metro. Pode ser montado em um poste de apoio para criar um ponto de resgate. Base de apoio de 300 x 300 mm com furos M12.<\/p>\n","protected":false},"excerpt":{"rendered":"<p>Suporte de Alum\u00ednio 150cm para Contentor de B\u00f3ias Salva-Vidas &#8211; Recipiente aberto para cordas de resgate e b\u00f3ias de salva-vidas<\/p>\n","protected":false},"featured_media":5948103,"comment_status":"open","ping_status":"closed","template":"","meta":[],"product_brand":[2857],"product_cat":[1891],"product_tag":[],"class_list":{"0":"post-751827","1":"product","2":"type-product","3":"status-publish","4":"has-post-thumbnail","6":"product_brand-can-marine-pt","7":"product_cat-boias-e-retinidas-salva-vidas","9":"first","10":"instock","11":"shipping-taxable","12":"purchasable","13":"product-type-simple"},"_links":{"self":[{"href":"https:\/\/stoic-curie.212-227-153-4.plesk.page\/pt\/wp-json\/wp\/v2\/product\/751827","targetHints":{"allow":["GET"]}}],"collection":[{"href":"https:\/\/stoic-curie.212-227-153-4.plesk.page\/pt\/wp-json\/wp\/v2\/product"}],"about":[{"href":"https:\/\/stoic-curie.212-227-153-4.plesk.page\/pt\/wp-json\/wp\/v2\/types\/product"}],"replies":[{"embeddable":true,"href":"https:\/\/stoic-curie.212-227-153-4.plesk.page\/pt\/wp-json\/wp\/v2\/comments?post=751827"}],"version-history":[{"count":0,"href":"https:\/\/stoic-curie.212-227-153-4.plesk.page\/pt\/wp-json\/wp\/v2\/product\/751827\/revisions"}],"wp:featuredmedia":[{"embeddable":true,"href":"https:\/\/stoic-curie.212-227-153-4.plesk.page\/pt\/wp-json\/wp\/v2\/media\/5948103"}],"wp:attachment":[{"href":"https:\/\/stoic-curie.212-227-153-4.plesk.page\/pt\/wp-json\/wp\/v2\/media?parent=751827"}],"wp:term":[{"taxonomy":"product_brand","embeddable":true,"href":"https:\/\/stoic-curie.212-227-153-4.plesk.page\/pt\/wp-json\/wp\/v2\/product_brand?post=751827"},{"taxonomy":"product_cat","embeddable":true,"href":"https:\/\/stoic-curie.212-227-153-4.plesk.page\/pt\/wp-json\/wp\/v2\/product_cat?post=751827"},{"taxonomy":"product_tag","embeddable":true,"href":"https:\/\/stoic-curie.212-227-153-4.plesk.page\/pt\/wp-json\/wp\/v2\/product_tag?post=751827"}],"curies":[{"name":"wp","href":"https:\/\/api.w.org\/{rel}","templated":true}]}}